{"id":1005,"date":"2023-12-24T15:45:36","date_gmt":"2023-12-24T14:45:36","guid":{"rendered":"https:\/\/klubochki-kryuchochkicz.com\/?page_id=1005"},"modified":"2023-12-25T10:18:06","modified_gmt":"2023-12-25T09:18:06","slug":"silvestr","status":"publish","type":"page","link":"https:\/\/klubochki-kryuchochkicz.com\/index.php\/master-class\/silvestr\/","title":{"rendered":"Silvestr"},"content":{"rendered":"\t\t<div data-elementor-type=\"wp-page\" data-elementor-id=\"1005\" class=\"elementor elementor-1005\">\n\t\t\t\t<div class=\"elementor-element elementor-element-f0b6d47 e-flex e-con-boxed e-con e-parent\" data-id=\"f0b6d47\" data-element_type=\"container\">\n\t\t\t\t\t<div class=\"e-con-inner\">\n\t\t\t\t<div class=\"elementor-element elementor-element-ade8b2c elementor-widget elementor-widget-heading\" data-id=\"ade8b2c\" data-element_type=\"widget\" data-widget_type=\"heading.default\">\n\t\t\t\t<div class=\"elementor-widget-container\">\n\t\t\t\t\t<h2 class=\"elementor-heading-title elementor-size-default\">Silvestr<\/h2>\t\t\t\t<\/div>\n\t\t\t\t<\/div>\n\t\t\t\t\t<\/div>\n\t\t\t\t<\/div>\n\t\t<div class=\"elementor-element elementor-element-8ef4983 e-flex e-con-boxed e-con e-parent\" data-id=\"8ef4983\" data-element_type=\"container\">\n\t\t\t\t\t<div class=\"e-con-inner\">\n\t\t<div class=\"elementor-element elementor-element-d60a62f e-con-full e-flex e-con e-child\" data-id=\"d60a62f\" data-element_type=\"container\">\n\t\t\t\t<div class=\"elementor-element elementor-element-da0cd40 elementor-align-center elementor-widget elementor-widget-button\" data-id=\"da0cd40\" data-element_type=\"widget\" data-widget_type=\"button.default\">\n\t\t\t\t<div class=\"elementor-widget-container\">\n\t\t\t\t\t\t\t\t\t<div class=\"elementor-button-wrapper\">\n\t\t\t\t\t<a class=\"elementor-button elementor-button-link elementor-size-sm elementor-animation-grow\" href=\"https:\/\/klubochki-kryuchochkicz.com\/index.php\/domu\/dinosaurus\/\" target=\"_blank\" rel=\"nofollow\">\n\t\t\t\t\t\t<span class=\"elementor-button-content-wrapper\">\n\t\t\t\t\t\t\t\t\t<span class=\"elementor-button-text\"> Dinosaurus <\/span>\n\t\t\t\t\t<\/span>\n\t\t\t\t\t<\/a>\n\t\t\t\t<\/div>\n\t\t\t\t\t\t\t\t<\/div>\n\t\t\t\t<\/div>\n\t\t\t\t<\/div>\n\t\t<div class=\"elementor-element elementor-element-8559a5b e-con-full e-flex e-con e-child\" data-id=\"8559a5b\" data-element_type=\"container\">\n\t\t\t\t<div class=\"elementor-element elementor-element-314ccdb elementor-align-center elementor-widget elementor-widget-button\" data-id=\"314ccdb\" data-element_type=\"widget\" data-widget_type=\"button.default\">\n\t\t\t\t<div class=\"elementor-widget-container\">\n\t\t\t\t\t\t\t\t\t<div class=\"elementor-button-wrapper\">\n\t\t\t\t\t<a class=\"elementor-button elementor-button-link elementor-size-sm elementor-animation-grow\" href=\"https:\/\/klubochki-kryuchochkicz.com\/index.php\/master-class\/vanocni-zvonky\/\" target=\"_blank\" rel=\"nofollow\">\n\t\t\t\t\t\t<span class=\"elementor-button-content-wrapper\">\n\t\t\t\t\t\t\t\t\t<span class=\"elementor-button-text\">  V\u00e1no\u010dn\u00ed zvonky <\/span>\n\t\t\t\t\t<\/span>\n\t\t\t\t\t<\/a>\n\t\t\t\t<\/div>\n\t\t\t\t\t\t\t\t<\/div>\n\t\t\t\t<\/div>\n\t\t\t\t<\/div>\n\t\t<div class=\"elementor-element elementor-element-a280a3e e-con-full e-flex e-con e-child\" data-id=\"a280a3e\" data-element_type=\"container\">\n\t\t\t\t<div class=\"elementor-element elementor-element-c877503 elementor-align-center elementor-widget elementor-widget-button\" data-id=\"c877503\" data-element_type=\"widget\" data-widget_type=\"button.default\">\n\t\t\t\t<div class=\"elementor-widget-container\">\n\t\t\t\t\t\t\t\t\t<div class=\"elementor-button-wrapper\">\n\t\t\t\t\t<a class=\"elementor-button elementor-button-link elementor-size-sm elementor-animation-grow\" href=\"https:\/\/klubochki-kryuchochkicz.com\/index.php\/master-class\/vanocni-sobi\/\" target=\"_blank\" rel=\"nofollow\">\n\t\t\t\t\t\t<span class=\"elementor-button-content-wrapper\">\n\t\t\t\t\t\t\t\t\t<span class=\"elementor-button-text\">  V\u00e1no\u010dn\u00ed Sobi <\/span>\n\t\t\t\t\t<\/span>\n\t\t\t\t\t<\/a>\n\t\t\t\t<\/div>\n\t\t\t\t\t\t\t\t<\/div>\n\t\t\t\t<\/div>\n\t\t\t\t<\/div>\n\t\t<div class=\"elementor-element elementor-element-4442d8c e-con-full e-flex e-con e-child\" data-id=\"4442d8c\" data-element_type=\"container\">\n\t\t\t\t<div class=\"elementor-element elementor-element-b38e230 elementor-align-center elementor-widget elementor-widget-button\" data-id=\"b38e230\" data-element_type=\"widget\" data-widget_type=\"button.default\">\n\t\t\t\t<div class=\"elementor-widget-container\">\n\t\t\t\t\t\t\t\t\t<div class=\"elementor-button-wrapper\">\n\t\t\t\t\t<a class=\"elementor-button elementor-button-link elementor-size-sm elementor-animation-grow\" href=\"https:\/\/klubochki-kryuchochkicz.com\/index.php\/master-class\/snehulaci\/\" target=\"_blank\" rel=\"nofollow\">\n\t\t\t\t\t\t<span class=\"elementor-button-content-wrapper\">\n\t\t\t\t\t\t\t\t\t<span class=\"elementor-button-text\">Sn\u011bhul\u00e1ci <\/span>\n\t\t\t\t\t<\/span>\n\t\t\t\t\t<\/a>\n\t\t\t\t<\/div>\n\t\t\t\t\t\t\t\t<\/div>\n\t\t\t\t<\/div>\n\t\t\t\t<\/div>\n\t\t\t\t\t<\/div>\n\t\t\t\t<\/div>\n\t\t<div class=\"elementor-element elementor-element-583acd9 e-flex e-con-boxed e-con e-parent\" data-id=\"583acd9\" data-element_type=\"container\">\n\t\t\t\t\t<div class=\"e-con-inner\">\n\t\t\t\t<div class=\"elementor-element elementor-element-939ee0e elementor-widget elementor-widget-text-editor\" data-id=\"939ee0e\" data-element_type=\"widget\" data-widget_type=\"text-editor.default\">\n\t\t\t\t<div class=\"elementor-widget-container\">\n\t\t\t\t\t\t\t\t\t<p>Ve\u010der prosycen\u00fd v\u016fn\u00ed mandarinek a rolni\u010dek, kdy sn\u00edh le\u017e\u00ed na st\u0159ech\u00e1ch jako nad\u00fdchan\u00e1 deka a sny o nov\u00e9m za\u010d\u00e1tku napl\u0148uj\u00ed na\u0161e srdce, v\u00e1s zvou, abyste se pono\u0159ili do sv\u011bta h\u00e1\u010dkovan\u00fdch amigurumi &#8212; kouzla, kter\u00e1 na Silvestr p\u0159in\u00e1\u0161\u00ed radost do na\u0161ich domov\u016f.<\/p>\n<p>V t\u011bchto dnech, kdy se v ulic\u00edch t\u0159pyt\u00ed sv\u011bt\u00fdlka a ka\u017ed\u00fd d\u016fm zdob\u00ed sv\u00e1te\u010dn\u00e9 vzory, se v\u00e1\u0161 h\u00e1\u010dek m\u016f\u017ee st\u00e1t kouzelnou h\u016flkou, kter\u00e1 vytv\u00e1\u0159\u00ed z\u00e1zraky. Amigurumi nejsou jen hra\u010dky, ale mal\u00ed poslov\u00e9 \u0161t\u011bst\u00ed, kte\u0159\u00ed vnesou do va\u0161eho domova \u00fatulnost a dobrou n\u00e1ladu.<\/p>\n<p>Ka\u017ed\u00e1 smy\u010dka vytvo\u0159en\u00e1 b\u011bhem tohoto magick\u00e9ho obdob\u00ed je jako struna v hudebn\u00ed symfonii. Rod\u00ed se z nich mal\u00e9 postavi\u010dky, kter\u00e9 n\u00e1m p\u0159ipom\u00ednaj\u00ed d\u011btstv\u00ed a radostn\u00e9 chv\u00edle. Chlupat\u00ed sn\u011bhul\u00e1ci, vesel\u00e9 hra\u010dky na v\u00e1no\u010dn\u00ed strome\u010dek, laskav\u00ed sobi &#8212; ti v\u0161ichni se mohou st\u00e1t sou\u010d\u00e1st\u00ed va\u0161eho vlastn\u00edho novoro\u010dn\u00edho poh\u00e1dkov\u00e9ho lesa.<\/p>\n<p>Nechte se v\u00e9st h\u00e1\u010dkem po cest\u011b inspirace, kde ka\u017ed\u00e1 smy\u010dka je krokem k p\u0159iv\u00edt\u00e1n\u00ed nov\u00e9ho roku. Je to \u010das, kdy se tvo\u0159ivost m\u011bn\u00ed v h\u0159ejivou n\u00e1ru\u010d a ka\u017ed\u00e1 v\u00e1mi vytvo\u0159en\u00e1 hra\u010dka je kapkou kouzla, kter\u00e1 dopad\u00e1 do va\u0161eho domova, aby ho oz\u00e1\u0159ila sv\u011btlem radosti.<\/p>\n<p>Pleten\u00ed amigurumi na Nov\u00fd rok nen\u00ed jen zp\u016fsob, jak vyzdobit d\u016fm. Je to p\u0159\u00edle\u017eitost vytvo\u0159it jedine\u010dn\u00e9 d\u00e1rky pro bl\u00edzk\u00e9, napln\u011bn\u00e9 va\u0161\u00ed p\u00e9\u010d\u00ed a pozornost\u00ed. Va\u0161e zlat\u00e1 ruka se stane mistrem dokonalosti a vytvo\u0159\u00ed jedine\u010dn\u00e1 mistrovsk\u00e1 d\u00edla, kter\u00e1 mohou rozkv\u00e9st v srdc\u00edch t\u011bch, kte\u0159\u00ed je dostanou.<\/p>\n<p>A\u0165 je ka\u017ed\u00e1 hra\u010dka vytvo\u0159en\u00e1 v p\u0159edve\u010der Nov\u00e9ho roku jak\u00fdmsi amuletem, kter\u00fd vnese do domu teplo a \u00fatulnost. Je to nejen kreativita, ale tak\u00e9 kouzlo, kter\u00e9 zd\u016fraz\u0148uje d\u016fle\u017eitost okam\u017eik\u016f a p\u0159ipom\u00edn\u00e1 n\u00e1m radost z prost\u00fdch v\u011bc\u00ed.<\/p>\n<p>Poj\u010fme si v tomto sv\u00e1te\u010dn\u00edm obdob\u00ed spole\u010dn\u011b vytvo\u0159it sv\u016fj vlastn\u00ed novoro\u010dn\u00ed sv\u011bt. A\u0165 se ka\u017ed\u00e1 v\u00e1mi vytvo\u0159en\u00e1 amigurumi stane sou\u010d\u00e1st\u00ed sb\u00edrky vzpom\u00ednek na kouzeln\u00e9 okam\u017eiky tohoto n\u00e1dhern\u00e9ho ro\u010dn\u00edho obdob\u00ed. Vydejte se vst\u0159\u00edc nov\u00fdm tv\u016fr\u010d\u00edm dobrodru\u017estv\u00edm, kdy se h\u00e1\u010dek ve va\u0161ich rukou stane kouzeln\u00fdm n\u00e1strojem, vytv\u00e1\u0159ej\u00edc\u00edm sv\u011bt poh\u00e1dek a d\u011btsk\u00fdch radost\u00ed. Nov\u00fd rok u\u017e \u010dek\u00e1 na sv\u00e9 hrdiny &#8212; v\u00e1s a va\u0161e \u00fa\u017easn\u00e9 amigurumi!<\/p>\t\t\t\t\t\t\t\t<\/div>\n\t\t\t\t<\/div>\n\t\t\t\t\t<\/div>\n\t\t\t\t<\/div>\n\t\t\t\t<\/div>\n\t\t","protected":false},"excerpt":{"rendered":"<p>Silvestr Dinosaurus V\u00e1no\u010dn\u00ed zvonky V\u00e1no\u010dn\u00ed Sobi Sn\u011bhul\u00e1ci Ve\u010der prosycen\u00fd v\u016fn\u00ed mandarinek a rolni\u010dek, kdy sn\u00edh le\u017e\u00ed na st\u0159ech\u00e1ch jako nad\u00fdchan\u00e1 deka a sny o nov\u00e9m za\u010d\u00e1tku napl\u0148uj\u00ed na\u0161e srdce, v\u00e1s zvou, abyste se pono\u0159ili do sv\u011bta h\u00e1\u010dkovan\u00fdch amigurumi &#8212; kouzla, kter\u00e1 na Silvestr p\u0159in\u00e1\u0161\u00ed radost do na\u0161ich domov\u016f. V t\u011bchto dnech, kdy se v ulic\u00edch &hellip;<\/p>\n<p class=\"read-more\"> <a class=\"\" href=\"https:\/\/klubochki-kryuchochkicz.com\/index.php\/master-class\/silvestr\/\"> <span class=\"screen-reader-text\">Silvestr<\/span> \u0427\u0438\u0442\u0430\u0442\u044c \u0434\u0430\u043b\u0435\u0435 &raquo;<\/a><\/p>\n","protected":false},"author":1,"featured_media":0,"parent":90,"menu_order":0,"comment_status":"closed","ping_status":"closed","template":"","meta":{"site-sidebar-layout":"no-sidebar","site-content-layout":"","ast-site-content-layout":"full-width-container","site-content-style":"default","site-sidebar-style":"default","ast-global-header-display":"","ast-banner-title-visibility":"","ast-main-header-display":"","ast-hfb-above-header-display":"","ast-hfb-below-header-display":"","ast-hfb-mobile-header-display":"","site-post-title":"disabled","ast-breadcrumbs-content":"","ast-featured-img":"disabled","footer-sml-layout":"","theme-transparent-header-meta":"","adv-header-id-meta":"","stick-header-meta":"","header-above-stick-meta":"","header-main-stick-meta":"","header-below-stick-meta":"","astra-migrate-meta-layouts":"default","ast-page-background-enabled":"default","ast-page-background-meta":{"desktop":{"background-color":"var(--ast-global-color-4)","background-image":"","background-repeat":"repeat","background-position":"center center","background-size":"auto","background-attachment":"scroll","background-type":"","background-media":"","overlay-type":"","overlay-color":"","overlay-gradient":""},"tablet":{"background-color":"","background-image":"","background-repeat":"repeat","background-position":"center center","background-size":"auto","background-attachment":"scroll","background-type":"","background-media":"","overlay-type":"","overlay-color":"","overlay-gradient":""},"mobile":{"background-color":"","background-image":"","background-repeat":"repeat","background-position":"center center","background-size":"auto","background-attachment":"scroll","background-type":"","background-media":"","overlay-type":"","overlay-color":"","overlay-gradient":""}},"ast-content-background-meta":{"desktop":{"background-color":"var(--ast-global-color-5)","background-image":"","background-repeat":"repeat","background-position":"center center","background-size":"auto","background-attachment":"scroll","background-type":"","background-media":"","overlay-type":"","overlay-color":"","overlay-gradient":""},"tablet":{"background-color":"var(--ast-global-color-5)","background-image":"","background-repeat":"repeat","background-position":"center center","background-size":"auto","background-attachment":"scroll","background-type":"","background-media":"","overlay-type":"","overlay-color":"","overlay-gradient":""},"mobile":{"background-color":"var(--ast-global-color-5)","background-image":"","background-repeat":"repeat","background-position":"center center","background-size":"auto","background-attachment":"scroll","background-type":"","background-media":"","overlay-type":"","overlay-color":"","overlay-gradient":""}},"footnotes":""},"class_list":["post-1005","page","type-page","status-publish","hentry"],"_links":{"self":[{"href":"https:\/\/klubochki-kryuchochkicz.com\/index.php\/wp-json\/wp\/v2\/pages\/1005","targetHints":{"allow":["GET"]}}],"collection":[{"href":"https:\/\/klubochki-kryuchochkicz.com\/index.php\/wp-json\/wp\/v2\/pages"}],"about":[{"href":"https:\/\/klubochki-kryuchochkicz.com\/index.php\/wp-json\/wp\/v2\/types\/page"}],"author":[{"embeddable":true,"href":"https:\/\/klubochki-kryuchochkicz.com\/index.php\/wp-json\/wp\/v2\/users\/1"}],"replies":[{"embeddable":true,"href":"https:\/\/klubochki-kryuchochkicz.com\/index.php\/wp-json\/wp\/v2\/comments?post=1005"}],"version-history":[{"count":44,"href":"https:\/\/klubochki-kryuchochkicz.com\/index.php\/wp-json\/wp\/v2\/pages\/1005\/revisions"}],"predecessor-version":[{"id":1168,"href":"https:\/\/klubochki-kryuchochkicz.com\/index.php\/wp-json\/wp\/v2\/pages\/1005\/revisions\/1168"}],"up":[{"embeddable":true,"href":"https:\/\/klubochki-kryuchochkicz.com\/index.php\/wp-json\/wp\/v2\/pages\/90"}],"wp:attachment":[{"href":"https:\/\/klubochki-kryuchochkicz.com\/index.php\/wp-json\/wp\/v2\/media?parent=1005"}],"curies":[{"name":"wp","href":"https:\/\/api.w.org\/{rel}","templated":true}]}}