{"id":1008,"date":"2023-12-24T15:47:49","date_gmt":"2023-12-24T14:47:49","guid":{"rendered":"https:\/\/klubochki-kryuchochkicz.com\/?page_id=1008"},"modified":"2023-12-24T16:36:01","modified_gmt":"2023-12-24T15:36:01","slug":"halloween","status":"publish","type":"page","link":"https:\/\/klubochki-kryuchochkicz.com\/index.php\/master-class\/halloween\/","title":{"rendered":"Halloween"},"content":{"rendered":"\t\t<div data-elementor-type=\"wp-page\" data-elementor-id=\"1008\" class=\"elementor elementor-1008\">\n\t\t\t\t<div class=\"elementor-element elementor-element-d980ff6 e-flex e-con-boxed e-con e-parent\" data-id=\"d980ff6\" data-element_type=\"container\">\n\t\t\t\t\t<div class=\"e-con-inner\">\n\t\t\t\t<div class=\"elementor-element elementor-element-c1a24cc elementor-widget elementor-widget-heading\" data-id=\"c1a24cc\" data-element_type=\"widget\" data-widget_type=\"heading.default\">\n\t\t\t\t<div class=\"elementor-widget-container\">\n\t\t\t\t\t<h2 class=\"elementor-heading-title elementor-size-default\">Halloween<\/h2>\t\t\t\t<\/div>\n\t\t\t\t<\/div>\n\t\t\t\t\t<\/div>\n\t\t\t\t<\/div>\n\t\t<div class=\"elementor-element elementor-element-f8d0600 e-flex e-con-boxed e-con e-parent\" data-id=\"f8d0600\" data-element_type=\"container\">\n\t\t\t\t\t<div class=\"e-con-inner\">\n\t\t<div class=\"elementor-element elementor-element-2b407f7 e-con-full e-flex e-con e-child\" data-id=\"2b407f7\" data-element_type=\"container\">\n\t\t\t\t<div class=\"elementor-element elementor-element-8e6d138 elementor-align-right elementor-widget elementor-widget-button\" data-id=\"8e6d138\" data-element_type=\"widget\" data-widget_type=\"button.default\">\n\t\t\t\t<div class=\"elementor-widget-container\">\n\t\t\t\t\t\t\t\t\t<div class=\"elementor-button-wrapper\">\n\t\t\t\t\t<a class=\"elementor-button elementor-button-link elementor-size-sm\" href=\"https:\/\/klubochki-kryuchochkicz.com\/index.php\/master-class\/netopyr\/\" target=\"_blank\" rel=\"nofollow\">\n\t\t\t\t\t\t<span class=\"elementor-button-content-wrapper\">\n\t\t\t\t\t\t\t\t\t<span class=\"elementor-button-text\">Netop\u00fdr<\/span>\n\t\t\t\t\t<\/span>\n\t\t\t\t\t<\/a>\n\t\t\t\t<\/div>\n\t\t\t\t\t\t\t\t<\/div>\n\t\t\t\t<\/div>\n\t\t\t\t<\/div>\n\t\t<div class=\"elementor-element elementor-element-3c457dd e-con-full e-flex e-con e-child\" data-id=\"3c457dd\" data-element_type=\"container\">\n\t\t\t\t<div class=\"elementor-element elementor-element-59a7977 elementor-align-center elementor-widget elementor-widget-button\" data-id=\"59a7977\" data-element_type=\"widget\" data-widget_type=\"button.default\">\n\t\t\t\t<div class=\"elementor-widget-container\">\n\t\t\t\t\t\t\t\t\t<div class=\"elementor-button-wrapper\">\n\t\t\t\t\t<a class=\"elementor-button elementor-button-link elementor-size-sm\" href=\"https:\/\/klubochki-kryuchochkicz.com\/index.php\/master-class\/dyne\/\" target=\"_blank\" rel=\"nofollow\">\n\t\t\t\t\t\t<span class=\"elementor-button-content-wrapper\">\n\t\t\t\t\t\t\t\t\t<span class=\"elementor-button-text\">D\u00fdn\u011b <\/span>\n\t\t\t\t\t<\/span>\n\t\t\t\t\t<\/a>\n\t\t\t\t<\/div>\n\t\t\t\t\t\t\t\t<\/div>\n\t\t\t\t<\/div>\n\t\t\t\t<\/div>\n\t\t<div class=\"elementor-element elementor-element-d9a91f9 e-con-full e-flex e-con e-child\" data-id=\"d9a91f9\" data-element_type=\"container\">\n\t\t\t\t<div class=\"elementor-element elementor-element-aa617b8 elementor-align-left elementor-widget elementor-widget-button\" data-id=\"aa617b8\" data-element_type=\"widget\" data-widget_type=\"button.default\">\n\t\t\t\t<div class=\"elementor-widget-container\">\n\t\t\t\t\t\t\t\t\t<div class=\"elementor-button-wrapper\">\n\t\t\t\t\t<a class=\"elementor-button elementor-button-link elementor-size-sm\" href=\"https:\/\/klubochki-kryuchochkicz.com\/index.php\/master-class\/duch\/\" target=\"_blank\" rel=\"nofollow\">\n\t\t\t\t\t\t<span class=\"elementor-button-content-wrapper\">\n\t\t\t\t\t\t\t\t\t<span class=\"elementor-button-text\">Duch <\/span>\n\t\t\t\t\t<\/span>\n\t\t\t\t\t<\/a>\n\t\t\t\t<\/div>\n\t\t\t\t\t\t\t\t<\/div>\n\t\t\t\t<\/div>\n\t\t\t\t<\/div>\n\t\t<div class=\"elementor-element elementor-element-e0e00e0 e-con-full e-flex e-con e-child\" data-id=\"e0e00e0\" data-element_type=\"container\">\n\t\t\t\t<\/div>\n\t\t<div class=\"elementor-element elementor-element-3e72c60 e-con-full e-flex e-con e-child\" data-id=\"3e72c60\" data-element_type=\"container\">\n\t\t\t\t<\/div>\n\t\t<div class=\"elementor-element elementor-element-8db27aa e-con-full e-flex e-con e-child\" data-id=\"8db27aa\" data-element_type=\"container\">\n\t\t\t\t<\/div>\n\t\t\t\t\t<\/div>\n\t\t\t\t<\/div>\n\t\t<div class=\"elementor-element elementor-element-12c7e5e e-flex e-con-boxed e-con e-parent\" data-id=\"12c7e5e\" data-element_type=\"container\">\n\t\t\t\t\t<div class=\"e-con-inner\">\n\t\t\t\t<div class=\"elementor-element elementor-element-3f6f656 elementor-widget elementor-widget-text-editor\" data-id=\"3f6f656\" data-element_type=\"widget\" data-widget_type=\"text-editor.default\">\n\t\t\t\t<div class=\"elementor-widget-container\">\n\t\t\t\t\t\t\t\t\t<p>V noci, kdy se st\u00edny prodlu\u017euj\u00ed a sv\u011btlo luceren vytv\u00e1\u0159\u00ed tajemn\u00e9 obrysy, kdy v\u00edtr \u0161ept\u00e1 tajemn\u00e9 p\u0159\u00edb\u011bhy a ka\u017ed\u00e9 za\u0161ust\u011bn\u00ed se zd\u00e1 b\u00fdt v\u00edc ne\u017e jen zvuk, v\u00e1s zvu do sv\u011bta pleten\u00ed amigurumi, kde je ka\u017ed\u00e1 smy\u010dka tajemstv\u00edm a ka\u017ed\u00e1 hra\u010dka malou okouzluj\u00edc\u00ed postavi\u010dkou.<\/p><p>Halloween nen\u00ed jen sv\u00e1tkem d\u00fdn\u00ed a mystick\u00fdch obr\u00e1zk\u016f, ale tak\u00e9 p\u0159\u00edle\u017eitost\u00ed vytvo\u0159it si vlastn\u00ed kouzeln\u00e9 spole\u010dn\u00edky pomoc\u00ed h\u00e1\u010dku a p\u0159\u00edze. Kdy\u017e vezmete do ruky h\u00e1\u010dek, jako kl\u00ed\u010d k bran\u00e1m temn\u00e9ho kr\u00e1lovstv\u00ed, otev\u0159ete si mo\u017enost pozvat do sv\u00e9ho domova jedine\u010dn\u00e9 amigurumi, kter\u00e9 ochr\u00e1n\u00ed p\u0159ed zl\u00fdmi silami a p\u0159inese z\u00e1bavu na tento tajemn\u00fd ve\u010der.<\/p><p>Ka\u017ed\u00e1 smy\u010dka vytvo\u0159en\u00e1 v tomto sv\u00e1te\u010dn\u00edm obdob\u00ed je jako nit, kter\u00e1 v\u00e1s spojuje se sv\u011btem duch\u016f a stra\u0161idel. S h\u00e1\u010dkem v ruce se stanete kouzeln\u00edkem a vytvo\u0159\u00edte mal\u00e9 \u010darod\u011bje a v\u00edly, kte\u0159\u00ed mohou vypr\u00e1v\u011bt sv\u00e9 temn\u00e9 p\u0159\u00edb\u011bhy a dodat va\u0161emu domovu zvl\u00e1\u0161tn\u00ed atmosf\u00e9ru tajemna.<\/p><p>Nechte se h\u00e1\u010dkem v\u00e9st po cest\u011b inspirace, kde ka\u017ed\u00e1 smy\u010dka je krokem do sv\u011bta mystiky a magie. Amigurumi vytvo\u0159en\u00e9 v tomto sv\u00e1te\u010dn\u00edm obdob\u00ed v sob\u011b nesou pod\u00edl z\u00e1bavy a nev\u00eddan\u00fdch dobrodru\u017estv\u00ed. Nejsou to jen hra\u010dky, ale str\u00e1\u017eci va\u0161eho domova p\u0159ed zlov\u011bstn\u00fdmi silami, mal\u00ed pr\u016fvodci temn\u00fdm sv\u011btem fantazie.<\/p><p>Pleten\u00ed amigurumi na Halloween je nejen kon\u00ed\u010dkem, ale tak\u00e9 zp\u016fsobem, jak do sv\u00e9ho \u017eivota vn\u00e9st trochu tajemna. A\u0165 se ka\u017ed\u00e1 v\u00e1mi vytvo\u0159en\u00e1 hra\u010dka stane jedine\u010dn\u00fdm obyvatelem va\u0161eho domova a vnese do n\u011bj nejen z\u00e1bavu, ale tak\u00e9 pocit kouzla.<\/p><p>Vydejme se tedy spole\u010dn\u011b na tuto mystickou cestu. A\u0165 se ka\u017ed\u00e1 amigurumi vytvo\u0159en\u00e1 pod vlivem kouzla Halloweenu stane sou\u010d\u00e1st\u00ed va\u0161eho vlastn\u00edho poh\u00e1dkov\u00e9ho sv\u011bta, kde se temnota a sv\u011btlo propl\u00e9taj\u00ed v \u00fa\u017easn\u00e9m tanci. A\u0165 se v\u00e1\u0161 h\u00e1\u010dek stane kouzeln\u00fdm p\u00edrkem a ka\u017ed\u00e1 v\u00e1mi vytvo\u0159en\u00e1 hra\u010dka hrdinou tohoto vzru\u0161uj\u00edc\u00edho p\u0159\u00edb\u011bhu pln\u00e9ho tajemn\u00fdch ud\u00e1lost\u00ed a z\u00e1bavn\u00fdch dobrodru\u017estv\u00ed.<\/p>\t\t\t\t\t\t\t\t<\/div>\n\t\t\t\t<\/div>\n\t\t\t\t\t<\/div>\n\t\t\t\t<\/div>\n\t\t\t\t<\/div>\n\t\t","protected":false},"excerpt":{"rendered":"<p>Halloween Netop\u00fdr D\u00fdn\u011b Duch V noci, kdy se st\u00edny prodlu\u017euj\u00ed a sv\u011btlo luceren vytv\u00e1\u0159\u00ed tajemn\u00e9 obrysy, kdy v\u00edtr \u0161ept\u00e1 tajemn\u00e9 p\u0159\u00edb\u011bhy a ka\u017ed\u00e9 za\u0161ust\u011bn\u00ed se zd\u00e1 b\u00fdt v\u00edc ne\u017e jen zvuk, v\u00e1s zvu do sv\u011bta pleten\u00ed amigurumi, kde je ka\u017ed\u00e1 smy\u010dka tajemstv\u00edm a ka\u017ed\u00e1 hra\u010dka malou okouzluj\u00edc\u00ed postavi\u010dkou. Halloween nen\u00ed jen sv\u00e1tkem d\u00fdn\u00ed a mystick\u00fdch &hellip;<\/p>\n<p class=\"read-more\"> <a class=\"\" href=\"https:\/\/klubochki-kryuchochkicz.com\/index.php\/master-class\/halloween\/\"> <span class=\"screen-reader-text\">Halloween<\/span> \u0427\u0438\u0442\u0430\u0442\u044c \u0434\u0430\u043b\u0435\u0435 &raquo;<\/a><\/p>\n","protected":false},"author":1,"featured_media":0,"parent":90,"menu_order":0,"comment_status":"closed","ping_status":"closed","template":"","meta":{"site-sidebar-layout":"no-sidebar","site-content-layout":"","ast-site-content-layout":"full-width-container","site-content-style":"default","site-sidebar-style":"default","ast-global-header-display":"","ast-banner-title-visibility":"","ast-main-header-display":"","ast-hfb-above-header-display":"","ast-hfb-below-header-display":"","ast-hfb-mobile-header-display":"","site-post-title":"disabled","ast-breadcrumbs-content":"","ast-featured-img":"disabled","footer-sml-layout":"","theme-transparent-header-meta":"","adv-header-id-meta":"","stick-header-meta":"","header-above-stick-meta":"","header-main-stick-meta":"","header-below-stick-meta":"","astra-migrate-meta-layouts":"default","ast-page-background-enabled":"default","ast-page-background-meta":{"desktop":{"background-color":"var(--ast-global-color-4)","background-image":"","background-repeat":"repeat","background-position":"center center","background-size":"auto","background-attachment":"scroll","background-type":"","background-media":"","overlay-type":"","overlay-color":"","overlay-gradient":""},"tablet":{"background-color":"","background-image":"","background-repeat":"repeat","background-position":"center center","background-size":"auto","background-attachment":"scroll","background-type":"","background-media":"","overlay-type":"","overlay-color":"","overlay-gradient":""},"mobile":{"background-color":"","background-image":"","background-repeat":"repeat","background-position":"center center","background-size":"auto","background-attachment":"scroll","background-type":"","background-media":"","overlay-type":"","overlay-color":"","overlay-gradient":""}},"ast-content-background-meta":{"desktop":{"background-color":"var(--ast-global-color-5)","background-image":"","background-repeat":"repeat","background-position":"center center","background-size":"auto","background-attachment":"scroll","background-type":"","background-media":"","overlay-type":"","overlay-color":"","overlay-gradient":""},"tablet":{"background-color":"var(--ast-global-color-5)","background-image":"","background-repeat":"repeat","background-position":"center center","background-size":"auto","background-attachment":"scroll","background-type":"","background-media":"","overlay-type":"","overlay-color":"","overlay-gradient":""},"mobile":{"background-color":"var(--ast-global-color-5)","background-image":"","background-repeat":"repeat","background-position":"center center","background-size":"auto","background-attachment":"scroll","background-type":"","background-media":"","overlay-type":"","overlay-color":"","overlay-gradient":""}},"footnotes":""},"class_list":["post-1008","page","type-page","status-publish","hentry"],"_links":{"self":[{"href":"https:\/\/klubochki-kryuchochkicz.com\/index.php\/wp-json\/wp\/v2\/pages\/1008","targetHints":{"allow":["GET"]}}],"collection":[{"href":"https:\/\/klubochki-kryuchochkicz.com\/index.php\/wp-json\/wp\/v2\/pages"}],"about":[{"href":"https:\/\/klubochki-kryuchochkicz.com\/index.php\/wp-json\/wp\/v2\/types\/page"}],"author":[{"embeddable":true,"href":"https:\/\/klubochki-kryuchochkicz.com\/index.php\/wp-json\/wp\/v2\/users\/1"}],"replies":[{"embeddable":true,"href":"https:\/\/klubochki-kryuchochkicz.com\/index.php\/wp-json\/wp\/v2\/comments?post=1008"}],"version-history":[{"count":31,"href":"https:\/\/klubochki-kryuchochkicz.com\/index.php\/wp-json\/wp\/v2\/pages\/1008\/revisions"}],"predecessor-version":[{"id":1073,"href":"https:\/\/klubochki-kryuchochkicz.com\/index.php\/wp-json\/wp\/v2\/pages\/1008\/revisions\/1073"}],"up":[{"embeddable":true,"href":"https:\/\/klubochki-kryuchochkicz.com\/index.php\/wp-json\/wp\/v2\/pages\/90"}],"wp:attachment":[{"href":"https:\/\/klubochki-kryuchochkicz.com\/index.php\/wp-json\/wp\/v2\/media?parent=1008"}],"curies":[{"name":"wp","href":"https:\/\/api.w.org\/{rel}","templated":true}]}}