{"id":101,"date":"2023-12-16T16:36:20","date_gmt":"2023-12-16T15:36:20","guid":{"rendered":"https:\/\/klubochki-kryuchochkicz.com\/?page_id=101"},"modified":"2023-12-23T15:00:45","modified_gmt":"2023-12-23T14:00:45","slug":"vanocni-zvonky","status":"publish","type":"page","link":"https:\/\/klubochki-kryuchochkicz.com\/index.php\/master-class\/vanocni-zvonky\/","title":{"rendered":"V\u00e1no\u010dn\u00ed zvonky"},"content":{"rendered":"\t\t<div data-elementor-type=\"wp-page\" data-elementor-id=\"101\" class=\"elementor elementor-101\">\n\t\t\t\t<div class=\"elementor-element elementor-element-a1c56e6 e-flex e-con-boxed e-con e-parent\" data-id=\"a1c56e6\" data-element_type=\"container\">\n\t\t\t\t\t<div class=\"e-con-inner\">\n\t\t<div class=\"elementor-element elementor-element-7319b05 e-con-full e-flex e-con e-child\" data-id=\"7319b05\" data-element_type=\"container\">\n\t\t\t\t<div class=\"elementor-element elementor-element-1516468 elementor-widget elementor-widget-image\" data-id=\"1516468\" data-element_type=\"widget\" data-widget_type=\"image.default\">\n\t\t\t\t<div class=\"elementor-widget-container\">\n\t\t\t\t\t\t\t\t\t\t\t\t\t\t\t<img fetchpriority=\"high\" decoding=\"async\" width=\"304\" height=\"256\" src=\"https:\/\/klubochki-kryuchochkicz.com\/wp-content\/uploads\/2023\/12\/kolokolchiki-1.jpg\" class=\"attachment-large size-large wp-image-53\" alt=\"Hackovane hacky, hackovane a vysivane obleceni pro deti a dospele, muze a zeny, hackovane doplnky, hackovane sperky, pokojove dekorace, hracky amigurumi. Stranky jsou urceny pro zkusene mistryne i zacatecniky. Mistrovske kurzy jsou placene i zdarma. Uzitecne rady k peci o pletene vyrobky. Jak vybrat spravnou prizi, jak provest kalkulaci vyrobku, jak napsat mistrovskou tridu.\" srcset=\"https:\/\/klubochki-kryuchochkicz.com\/wp-content\/uploads\/2023\/12\/kolokolchiki-1.jpg 304w, https:\/\/klubochki-kryuchochkicz.com\/wp-content\/uploads\/2023\/12\/kolokolchiki-1-300x253.jpg 300w\" sizes=\"(max-width: 304px) 100vw, 304px\" \/>\t\t\t\t\t\t\t\t\t\t\t\t\t\t\t<\/div>\n\t\t\t\t<\/div>\n\t\t\t\t<\/div>\n\t\t<div class=\"elementor-element elementor-element-1c00319 e-con-full e-flex e-con e-child\" data-id=\"1c00319\" data-element_type=\"container\">\n\t\t\t\t<div class=\"elementor-element elementor-element-3111c3f elementor-widget elementor-widget-heading\" data-id=\"3111c3f\" data-element_type=\"widget\" data-widget_type=\"heading.default\">\n\t\t\t\t<div class=\"elementor-widget-container\">\n\t\t\t\t\t<h2 class=\"elementor-heading-title elementor-size-default\">V\u00e1no\u010dn\u00ed zvonky<\/h2>\t\t\t\t<\/div>\n\t\t\t\t<\/div>\n\t\t\t\t<div class=\"elementor-element elementor-element-49ea682 elementor-widget elementor-widget-text-editor\" data-id=\"49ea682\" data-element_type=\"widget\" data-widget_type=\"text-editor.default\">\n\t\t\t\t<div class=\"elementor-widget-container\">\n\t\t\t\t\t\t\t\t\t<p>V\u00e1no\u010dn\u00ed zvonky: bezplatn\u00fd mistrovsk\u00fd kurz vytvo\u0159en\u00fd speci\u00e1ln\u011b pro ty, kte\u0159\u00ed se teprve u\u010d\u00ed tvo\u0159it ve sv\u011bt\u011b ru\u010dn\u00edch prac\u00ed. Autorkou tohoto inspirativn\u00edho projektu je Evgenia Kokina, zku\u0161en\u00e1 \u0159emeslnice s bohat\u00fdmi zku\u0161enostmi s vytv\u00e1\u0159en\u00edm \u00fa\u017easn\u00fdch ru\u010dn\u011b vyr\u00e1b\u011bn\u00fdch d\u011bl.<\/p>\t\t\t\t\t\t\t\t<\/div>\n\t\t\t\t<\/div>\n\t\t\t\t<\/div>\n\t\t\t\t\t<\/div>\n\t\t\t\t<\/div>\n\t\t<div class=\"elementor-element elementor-element-d77ac41 e-flex e-con-boxed e-con e-parent\" data-id=\"d77ac41\" data-element_type=\"container\">\n\t\t\t\t\t<div class=\"e-con-inner\">\n\t\t\t\t<div class=\"elementor-element elementor-element-809c13f elementor-widget elementor-widget-text-editor\" data-id=\"809c13f\" data-element_type=\"widget\" data-widget_type=\"text-editor.default\">\n\t\t\t\t<div class=\"elementor-widget-container\">\n\t\t\t\t\t\t\t\t\t<p>Na tomto mistrovsk\u00e9m kurzu se m\u016f\u017eete pono\u0159it do sv\u00e1te\u010dn\u00ed atmosf\u00e9ry a vlastn\u00edma rukama vytvo\u0159it jedine\u010dn\u00e9 v\u00e1no\u010dn\u00ed zvonky. Eugenie se s v\u00e1mi pod\u011bl\u00ed nejen o technologii v\u00fdroby, ale tak\u00e9 o sv\u00e1 tajemstv\u00ed, jak dodat ka\u017ed\u00e9mu zvone\u010dku zvl\u00e1\u0161tn\u00ed kouzlo.<\/p>\n<p>Bez ohledu na va\u0161e zku\u0161enosti s ru\u010dn\u00edmi pracemi je tento mistrovsk\u00fd kurz koncipov\u00e1n tak, aby si ka\u017ed\u00fd mohl u\u017e\u00edt kreativitu a vytvo\u0159it origin\u00e1ln\u00ed dekorace pro sv\u016fj domov nebo n\u00e1dhern\u00e9 d\u00e1rky pro sv\u00e9 bl\u00edzk\u00e9. Poj\u010fme spole\u010dn\u011b s mistryn\u00ed sv\u00e9ho \u0159emesla &#8212; Evgeni\u00ed Kokinou &#8212; vn\u00e9st do tohoto sv\u00e1te\u010dn\u00edho obdob\u00ed kouzlo.<\/p>\t\t\t\t\t\t\t\t<\/div>\n\t\t\t\t<\/div>\n\t\t\t\t\t<\/div>\n\t\t\t\t<\/div>\n\t\t<div class=\"elementor-element elementor-element-50b953e e-flex e-con-boxed e-con e-parent\" data-id=\"50b953e\" data-element_type=\"container\">\n\t\t\t\t\t<div class=\"e-con-inner\">\n\t\t\t\t<div class=\"elementor-element elementor-element-29593ee elementor-widget elementor-widget-image\" data-id=\"29593ee\" data-element_type=\"widget\" data-widget_type=\"image.default\">\n\t\t\t\t<div class=\"elementor-widget-container\">\n\t\t\t\t\t\t\t\t\t\t\t\t\t\t\t<img decoding=\"async\" width=\"450\" height=\"650\" src=\"https:\/\/klubochki-kryuchochkicz.com\/wp-content\/uploads\/2023\/12\/1-3.jpg\" class=\"attachment-large size-large wp-image-299\" alt=\"Hackovane hacky, hackovane a vysivane obleceni pro deti a dospele, muze a zeny, hackovane doplnky, hackovane sperky, pokojove dekorace, hracky amigurumi. Stranky jsou urceny pro zkusene mistryne i zacatecniky. Mistrovske kurzy jsou placene i zdarma. Uzitecne rady k peci o pletene vyrobky. Jak vybrat spravnou prizi, jak provest kalkulaci vyrobku, jak napsat mistrovskou tridu\" srcset=\"https:\/\/klubochki-kryuchochkicz.com\/wp-content\/uploads\/2023\/12\/1-3.jpg 450w, https:\/\/klubochki-kryuchochkicz.com\/wp-content\/uploads\/2023\/12\/1-3-208x300.jpg 208w\" sizes=\"(max-width: 450px) 100vw, 450px\" \/>\t\t\t\t\t\t\t\t\t\t\t\t\t\t\t<\/div>\n\t\t\t\t<\/div>\n\t\t\t\t\t<\/div>\n\t\t\t\t<\/div>\n\t\t<div class=\"elementor-element elementor-element-63e1e7c e-flex e-con-boxed e-con e-parent\" data-id=\"63e1e7c\" data-element_type=\"container\">\n\t\t\t\t\t<div class=\"e-con-inner\">\n\t\t\t\t<div class=\"elementor-element elementor-element-93a03cb elementor-widget elementor-widget-image\" data-id=\"93a03cb\" data-element_type=\"widget\" data-widget_type=\"image.default\">\n\t\t\t\t<div class=\"elementor-widget-container\">\n\t\t\t\t\t\t\t\t\t\t\t\t\t\t\t<img decoding=\"async\" width=\"450\" height=\"650\" src=\"https:\/\/klubochki-kryuchochkicz.com\/wp-content\/uploads\/2023\/12\/2-1.jpg\" class=\"attachment-large size-large wp-image-303\" alt=\"Hackovane hacky, hackovane a vysivane obleceni pro deti a dospele, muze a zeny, hackovane doplnky, hackovane sperky, pokojove dekorace, hracky amigurumi. Stranky jsou urceny pro zkusene mistryne i zacatecniky. Mistrovske kurzy jsou placene i zdarma. Uzitecne rady k peci o pletene vyrobky. Jak vybrat spravnou prizi, jak provest kalkulaci vyrobku, jak napsat mistrovskou tridu.\" srcset=\"https:\/\/klubochki-kryuchochkicz.com\/wp-content\/uploads\/2023\/12\/2-1.jpg 450w, https:\/\/klubochki-kryuchochkicz.com\/wp-content\/uploads\/2023\/12\/2-1-208x300.jpg 208w\" sizes=\"(max-width: 450px) 100vw, 450px\" \/>\t\t\t\t\t\t\t\t\t\t\t\t\t\t\t<\/div>\n\t\t\t\t<\/div>\n\t\t\t\t\t<\/div>\n\t\t\t\t<\/div>\n\t\t<div class=\"elementor-element elementor-element-dd94de9 e-flex e-con-boxed e-con e-parent\" data-id=\"dd94de9\" data-element_type=\"container\">\n\t\t\t\t\t<div class=\"e-con-inner\">\n\t\t\t\t<div class=\"elementor-element elementor-element-7561aee elementor-widget elementor-widget-image\" data-id=\"7561aee\" data-element_type=\"widget\" data-widget_type=\"image.default\">\n\t\t\t\t<div class=\"elementor-widget-container\">\n\t\t\t\t\t\t\t\t\t\t\t\t\t\t\t<img loading=\"lazy\" decoding=\"async\" width=\"450\" height=\"650\" src=\"https:\/\/klubochki-kryuchochkicz.com\/wp-content\/uploads\/2023\/12\/3-1.jpg\" class=\"attachment-large size-large wp-image-304\" alt=\"Hackovane hacky, hackovane a vysivane obleceni pro deti a dospele, muze a zeny, hackovane doplnky, hackovane sperky, pokojove dekorace, hracky amigurumi. Stranky jsou urceny pro zkusene mistryne i zacatecniky. Mistrovske kurzy jsou placene i zdarma. Uzitecne rady k peci o pletene vyrobky. Jak vybrat spravnou prizi, jak provest kalkulaci vyrobku, jak napsat mistrovskou tridu.\" srcset=\"https:\/\/klubochki-kryuchochkicz.com\/wp-content\/uploads\/2023\/12\/3-1.jpg 450w, https:\/\/klubochki-kryuchochkicz.com\/wp-content\/uploads\/2023\/12\/3-1-208x300.jpg 208w\" sizes=\"(max-width: 450px) 100vw, 450px\" \/>\t\t\t\t\t\t\t\t\t\t\t\t\t\t\t<\/div>\n\t\t\t\t<\/div>\n\t\t\t\t\t<\/div>\n\t\t\t\t<\/div>\n\t\t<div class=\"elementor-element elementor-element-c692fcc e-flex e-con-boxed e-con e-parent\" data-id=\"c692fcc\" data-element_type=\"container\">\n\t\t\t\t\t<div class=\"e-con-inner\">\n\t\t\t\t<div class=\"elementor-element elementor-element-e2146ea elementor-widget elementor-widget-image\" data-id=\"e2146ea\" data-element_type=\"widget\" data-widget_type=\"image.default\">\n\t\t\t\t<div class=\"elementor-widget-container\">\n\t\t\t\t\t\t\t\t\t\t\t\t\t\t\t<img loading=\"lazy\" decoding=\"async\" width=\"450\" height=\"650\" src=\"https:\/\/klubochki-kryuchochkicz.com\/wp-content\/uploads\/2023\/12\/4-1.jpg\" class=\"attachment-large size-large wp-image-306\" alt=\"Hackovane hacky, hackovane a vysivane obleceni pro deti a dospele, muze a zeny, hackovane doplnky, hackovane sperky, pokojove dekorace, hracky amigurumi. Stranky jsou urceny pro zkusene mistryne i zacatecniky. Mistrovske kurzy jsou placene i zdarma. Uzitecne rady k peci o pletene vyrobky. Jak vybrat spravnou prizi, jak provest kalkulaci vyrobku, jak napsat mistrovskou tridu.\" srcset=\"https:\/\/klubochki-kryuchochkicz.com\/wp-content\/uploads\/2023\/12\/4-1.jpg 450w, https:\/\/klubochki-kryuchochkicz.com\/wp-content\/uploads\/2023\/12\/4-1-208x300.jpg 208w\" sizes=\"(max-width: 450px) 100vw, 450px\" \/>\t\t\t\t\t\t\t\t\t\t\t\t\t\t\t<\/div>\n\t\t\t\t<\/div>\n\t\t\t\t\t<\/div>\n\t\t\t\t<\/div>\n\t\t<div class=\"elementor-element elementor-element-7379cce e-flex e-con-boxed e-con e-parent\" data-id=\"7379cce\" data-element_type=\"container\">\n\t\t\t\t\t<div class=\"e-con-inner\">\n\t\t\t\t<div class=\"elementor-element elementor-element-15c6d87 elementor-widget elementor-widget-image\" data-id=\"15c6d87\" data-element_type=\"widget\" data-widget_type=\"image.default\">\n\t\t\t\t<div class=\"elementor-widget-container\">\n\t\t\t\t\t\t\t\t\t\t\t\t\t\t\t<img loading=\"lazy\" decoding=\"async\" width=\"450\" height=\"650\" src=\"https:\/\/klubochki-kryuchochkicz.com\/wp-content\/uploads\/2023\/12\/5-1.jpg\" class=\"attachment-large size-large wp-image-305\" alt=\"Hackovane hacky, hackovane a vysivane obleceni pro deti a dospele, muze a zeny, hackovane doplnky, hackovane sperky, pokojove dekorace, hracky amigurumi. Stranky jsou urceny pro zkusene mistryne i zacatecniky. Mistrovske kurzy jsou placene i zdarma. Uzitecne rady k peci o pletene vyrobky. Jak vybrat spravnou prizi, jak provest kalkulaci vyrobku, jak napsat mistrovskou tridu.\" srcset=\"https:\/\/klubochki-kryuchochkicz.com\/wp-content\/uploads\/2023\/12\/5-1.jpg 450w, https:\/\/klubochki-kryuchochkicz.com\/wp-content\/uploads\/2023\/12\/5-1-208x300.jpg 208w\" sizes=\"(max-width: 450px) 100vw, 450px\" \/>\t\t\t\t\t\t\t\t\t\t\t\t\t\t\t<\/div>\n\t\t\t\t<\/div>\n\t\t\t\t\t<\/div>\n\t\t\t\t<\/div>\n\t\t<div class=\"elementor-element elementor-element-f523860 e-flex e-con-boxed e-con e-parent\" data-id=\"f523860\" data-element_type=\"container\">\n\t\t\t\t\t<div class=\"e-con-inner\">\n\t\t\t\t<div class=\"elementor-element elementor-element-77db3fb elementor-widget elementor-widget-image\" data-id=\"77db3fb\" data-element_type=\"widget\" data-widget_type=\"image.default\">\n\t\t\t\t<div class=\"elementor-widget-container\">\n\t\t\t\t\t\t\t\t\t\t\t\t\t\t\t<img loading=\"lazy\" decoding=\"async\" width=\"450\" height=\"650\" src=\"https:\/\/klubochki-kryuchochkicz.com\/wp-content\/uploads\/2023\/12\/6-1.jpg\" class=\"attachment-large size-large wp-image-311\" alt=\"Hackovane hacky, hackovane a vysivane obleceni pro deti a dospele, muze a zeny, hackovane doplnky, hackovane sperky, pokojove dekorace, hracky amigurumi. Stranky jsou urceny pro zkusene mistryne i zacatecniky. Mistrovske kurzy jsou placene i zdarma. Uzitecne rady k peci o pletene vyrobky. Jak vybrat spravnou prizi, jak provest kalkulaci vyrobku, jak napsat mistrovskou tridu.\" srcset=\"https:\/\/klubochki-kryuchochkicz.com\/wp-content\/uploads\/2023\/12\/6-1.jpg 450w, https:\/\/klubochki-kryuchochkicz.com\/wp-content\/uploads\/2023\/12\/6-1-208x300.jpg 208w\" sizes=\"(max-width: 450px) 100vw, 450px\" \/>\t\t\t\t\t\t\t\t\t\t\t\t\t\t\t<\/div>\n\t\t\t\t<\/div>\n\t\t\t\t\t<\/div>\n\t\t\t\t<\/div>\n\t\t<div class=\"elementor-element elementor-element-32f6c8d e-flex e-con-boxed e-con e-parent\" data-id=\"32f6c8d\" data-element_type=\"container\">\n\t\t\t\t\t<div class=\"e-con-inner\">\n\t\t\t\t<div class=\"elementor-element elementor-element-4536959 elementor-widget elementor-widget-image\" data-id=\"4536959\" data-element_type=\"widget\" data-widget_type=\"image.default\">\n\t\t\t\t<div class=\"elementor-widget-container\">\n\t\t\t\t\t\t\t\t\t\t\t\t\t\t\t<img loading=\"lazy\" decoding=\"async\" width=\"450\" height=\"650\" src=\"https:\/\/klubochki-kryuchochkicz.com\/wp-content\/uploads\/2023\/12\/7-1.jpg\" class=\"attachment-large size-large wp-image-313\" alt=\"Hackovane hacky, hackovane a vysivane obleceni pro deti a dospele, muze a zeny, hackovane doplnky, hackovane sperky, pokojove dekorace, hracky amigurumi. Stranky jsou urceny pro zkusene mistryne i zacatecniky. Mistrovske kurzy jsou placene i zdarma. Uzitecne rady k peci o pletene vyrobky. Jak vybrat spravnou prizi, jak provest kalkulaci vyrobku, jak napsat mistrovskou tridu.\" srcset=\"https:\/\/klubochki-kryuchochkicz.com\/wp-content\/uploads\/2023\/12\/7-1.jpg 450w, https:\/\/klubochki-kryuchochkicz.com\/wp-content\/uploads\/2023\/12\/7-1-208x300.jpg 208w\" sizes=\"(max-width: 450px) 100vw, 450px\" \/>\t\t\t\t\t\t\t\t\t\t\t\t\t\t\t<\/div>\n\t\t\t\t<\/div>\n\t\t\t\t\t<\/div>\n\t\t\t\t<\/div>\n\t\t<div class=\"elementor-element elementor-element-527a020 e-flex e-con-boxed e-con e-parent\" data-id=\"527a020\" data-element_type=\"container\">\n\t\t\t\t\t<div class=\"e-con-inner\">\n\t\t\t\t<div class=\"elementor-element elementor-element-7c9ecc1 elementor-widget elementor-widget-image\" data-id=\"7c9ecc1\" data-element_type=\"widget\" data-widget_type=\"image.default\">\n\t\t\t\t<div class=\"elementor-widget-container\">\n\t\t\t\t\t\t\t\t\t\t\t\t\t\t\t<img loading=\"lazy\" decoding=\"async\" width=\"450\" height=\"650\" src=\"https:\/\/klubochki-kryuchochkicz.com\/wp-content\/uploads\/2023\/12\/8-1.jpg\" class=\"attachment-large size-large wp-image-314\" alt=\"Hackovane hacky, hackovane a vysivane obleceni pro deti a dospele, muze a zeny, hackovane doplnky, hackovane sperky, pokojove dekorace, hracky amigurumi. Stranky jsou urceny pro zkusene mistryne i zacatecniky. Mistrovske kurzy jsou placene i zdarma. Uzitecne rady k peci o pletene vyrobky. Jak vybrat spravnou prizi, jak provest kalkulaci vyrobku, jak napsat mistrovskou tridu.\" srcset=\"https:\/\/klubochki-kryuchochkicz.com\/wp-content\/uploads\/2023\/12\/8-1.jpg 450w, https:\/\/klubochki-kryuchochkicz.com\/wp-content\/uploads\/2023\/12\/8-1-208x300.jpg 208w\" sizes=\"(max-width: 450px) 100vw, 450px\" \/>\t\t\t\t\t\t\t\t\t\t\t\t\t\t\t<\/div>\n\t\t\t\t<\/div>\n\t\t\t\t\t<\/div>\n\t\t\t\t<\/div>\n\t\t<div class=\"elementor-element elementor-element-c13cc89 e-flex e-con-boxed e-con e-parent\" data-id=\"c13cc89\" data-element_type=\"container\">\n\t\t\t\t\t<div class=\"e-con-inner\">\n\t\t\t\t<div class=\"elementor-element elementor-element-84d7bbc elementor-widget elementor-widget-image\" data-id=\"84d7bbc\" data-element_type=\"widget\" data-widget_type=\"image.default\">\n\t\t\t\t<div class=\"elementor-widget-container\">\n\t\t\t\t\t\t\t\t\t\t\t\t\t\t\t<img loading=\"lazy\" decoding=\"async\" width=\"450\" height=\"650\" src=\"https:\/\/klubochki-kryuchochkicz.com\/wp-content\/uploads\/2023\/12\/9-1.jpg\" class=\"attachment-large size-large wp-image-315\" alt=\"Hackovane hacky, hackovane a vysivane obleceni pro deti a dospele, muze a zeny, hackovane doplnky, hackovane sperky, pokojove dekorace, hracky amigurumi. Stranky jsou urceny pro zkusene mistryne i zacatecniky. Mistrovske kurzy jsou placene i zdarma. Uzitecne rady k peci o pletene vyrobky. Jak vybrat spravnou prizi, jak provest kalkulaci vyrobku, jak napsat mistrovskou tridu.\" srcset=\"https:\/\/klubochki-kryuchochkicz.com\/wp-content\/uploads\/2023\/12\/9-1.jpg 450w, https:\/\/klubochki-kryuchochkicz.com\/wp-content\/uploads\/2023\/12\/9-1-208x300.jpg 208w\" sizes=\"(max-width: 450px) 100vw, 450px\" \/>\t\t\t\t\t\t\t\t\t\t\t\t\t\t\t<\/div>\n\t\t\t\t<\/div>\n\t\t\t\t\t<\/div>\n\t\t\t\t<\/div>\n\t\t<div class=\"elementor-element elementor-element-3edf022 e-flex e-con-boxed e-con e-parent\" data-id=\"3edf022\" data-element_type=\"container\">\n\t\t\t\t\t<div class=\"e-con-inner\">\n\t\t\t\t<div class=\"elementor-element elementor-element-38e061c elementor-widget elementor-widget-image\" data-id=\"38e061c\" data-element_type=\"widget\" data-widget_type=\"image.default\">\n\t\t\t\t<div class=\"elementor-widget-container\">\n\t\t\t\t\t\t\t\t\t\t\t\t\t\t\t<img loading=\"lazy\" decoding=\"async\" width=\"450\" height=\"650\" src=\"https:\/\/klubochki-kryuchochkicz.com\/wp-content\/uploads\/2023\/12\/10-1.jpg\" class=\"attachment-large size-large wp-image-316\" alt=\"Hackovane hacky, hackovane a vysivane obleceni pro deti a dospele, muze a zeny, hackovane doplnky, hackovane sperky, pokojove dekorace, hracky amigurumi. Stranky jsou urceny pro zkusene mistryne i zacatecniky. Mistrovske kurzy jsou placene i zdarma. Uzitecne rady k peci o pletene vyrobky. Jak vybrat spravnou prizi, jak provest kalkulaci vyrobku, jak napsat mistrovskou tridu.\" srcset=\"https:\/\/klubochki-kryuchochkicz.com\/wp-content\/uploads\/2023\/12\/10-1.jpg 450w, https:\/\/klubochki-kryuchochkicz.com\/wp-content\/uploads\/2023\/12\/10-1-208x300.jpg 208w\" sizes=\"(max-width: 450px) 100vw, 450px\" \/>\t\t\t\t\t\t\t\t\t\t\t\t\t\t\t<\/div>\n\t\t\t\t<\/div>\n\t\t\t\t\t<\/div>\n\t\t\t\t<\/div>\n\t\t\t\t<\/div>\n\t\t","protected":false},"excerpt":{"rendered":"<p>V\u00e1no\u010dn\u00ed zvonky V\u00e1no\u010dn\u00ed zvonky: bezplatn\u00fd mistrovsk\u00fd kurz vytvo\u0159en\u00fd speci\u00e1ln\u011b pro ty, kte\u0159\u00ed se teprve u\u010d\u00ed tvo\u0159it ve sv\u011bt\u011b ru\u010dn\u00edch prac\u00ed. Autorkou tohoto inspirativn\u00edho projektu je Evgenia Kokina, zku\u0161en\u00e1 \u0159emeslnice s bohat\u00fdmi zku\u0161enostmi s vytv\u00e1\u0159en\u00edm \u00fa\u017easn\u00fdch ru\u010dn\u011b vyr\u00e1b\u011bn\u00fdch d\u011bl. Na tomto mistrovsk\u00e9m kurzu se m\u016f\u017eete pono\u0159it do sv\u00e1te\u010dn\u00ed atmosf\u00e9ry a vlastn\u00edma rukama vytvo\u0159it jedine\u010dn\u00e9 v\u00e1no\u010dn\u00ed zvonky. &hellip;<\/p>\n<p class=\"read-more\"> <a class=\"\" href=\"https:\/\/klubochki-kryuchochkicz.com\/index.php\/master-class\/vanocni-zvonky\/\"> <span class=\"screen-reader-text\">V\u00e1no\u010dn\u00ed zvonky<\/span> \u0427\u0438\u0442\u0430\u0442\u044c \u0434\u0430\u043b\u0435\u0435 &raquo;<\/a><\/p>\n","protected":false},"author":1,"featured_media":0,"parent":90,"menu_order":2,"comment_status":"closed","ping_status":"closed","template":"","meta":{"site-sidebar-layout":"no-sidebar","site-content-layout":"","ast-site-content-layout":"full-width-container","site-content-style":"default","site-sidebar-style":"default","ast-global-header-display":"","ast-banner-title-visibility":"","ast-main-header-display":"","ast-hfb-above-header-display":"","ast-hfb-below-header-display":"","ast-hfb-mobile-header-display":"","site-post-title":"disabled","ast-breadcrumbs-content":"","ast-featured-img":"disabled","footer-sml-layout":"","theme-transparent-header-meta":"","adv-header-id-meta":"","stick-header-meta":"","header-above-stick-meta":"","header-main-stick-meta":"","header-below-stick-meta":"","astra-migrate-meta-layouts":"default","ast-page-background-enabled":"default","ast-page-background-meta":{"desktop":{"background-color":"var(--ast-global-color-4)","background-image":"","background-repeat":"repeat","background-position":"center center","background-size":"auto","background-attachment":"scroll","background-type":"","background-media":"","overlay-type":"","overlay-color":"","overlay-gradient":""},"tablet":{"background-color":"","background-image":"","background-repeat":"repeat","background-position":"center center","background-size":"auto","background-attachment":"scroll","background-type":"","background-media":"","overlay-type":"","overlay-color":"","overlay-gradient":""},"mobile":{"background-color":"","background-image":"","background-repeat":"repeat","background-position":"center center","background-size":"auto","background-attachment":"scroll","background-type":"","background-media":"","overlay-type":"","overlay-color":"","overlay-gradient":""}},"ast-content-background-meta":{"desktop":{"background-color":"var(--ast-global-color-5)","background-image":"","background-repeat":"repeat","background-position":"center center","background-size":"auto","background-attachment":"scroll","background-type":"","background-media":"","overlay-type":"","overlay-color":"","overlay-gradient":""},"tablet":{"background-color":"var(--ast-global-color-5)","background-image":"","background-repeat":"repeat","background-position":"center center","background-size":"auto","background-attachment":"scroll","background-type":"","background-media":"","overlay-type":"","overlay-color":"","overlay-gradient":""},"mobile":{"background-color":"var(--ast-global-color-5)","background-image":"","background-repeat":"repeat","background-position":"center center","background-size":"auto","background-attachment":"scroll","background-type":"","background-media":"","overlay-type":"","overlay-color":"","overlay-gradient":""}},"footnotes":""},"class_list":["post-101","page","type-page","status-publish","hentry"],"_links":{"self":[{"href":"https:\/\/klubochki-kryuchochkicz.com\/index.php\/wp-json\/wp\/v2\/pages\/101","targetHints":{"allow":["GET"]}}],"collection":[{"href":"https:\/\/klubochki-kryuchochkicz.com\/index.php\/wp-json\/wp\/v2\/pages"}],"about":[{"href":"https:\/\/klubochki-kryuchochkicz.com\/index.php\/wp-json\/wp\/v2\/types\/page"}],"author":[{"embeddable":true,"href":"https:\/\/klubochki-kryuchochkicz.com\/index.php\/wp-json\/wp\/v2\/users\/1"}],"replies":[{"embeddable":true,"href":"https:\/\/klubochki-kryuchochkicz.com\/index.php\/wp-json\/wp\/v2\/comments?post=101"}],"version-history":[{"count":22,"href":"https:\/\/klubochki-kryuchochkicz.com\/index.php\/wp-json\/wp\/v2\/pages\/101\/revisions"}],"predecessor-version":[{"id":329,"href":"https:\/\/klubochki-kryuchochkicz.com\/index.php\/wp-json\/wp\/v2\/pages\/101\/revisions\/329"}],"up":[{"embeddable":true,"href":"https:\/\/klubochki-kryuchochkicz.com\/index.php\/wp-json\/wp\/v2\/pages\/90"}],"wp:attachment":[{"href":"https:\/\/klubochki-kryuchochkicz.com\/index.php\/wp-json\/wp\/v2\/media?parent=101"}],"curies":[{"name":"wp","href":"https:\/\/api.w.org\/{rel}","templated":true}]}}