{"id":1011,"date":"2023-12-24T15:49:50","date_gmt":"2023-12-24T14:49:50","guid":{"rendered":"https:\/\/klubochki-kryuchochkicz.com\/?page_id=1011"},"modified":"2023-12-25T10:52:59","modified_gmt":"2023-12-25T09:52:59","slug":"zviryata","status":"publish","type":"page","link":"https:\/\/klubochki-kryuchochkicz.com\/index.php\/master-class\/zviryata\/","title":{"rendered":"Zv\u00ed\u0159ata"},"content":{"rendered":"\t\t<div data-elementor-type=\"wp-page\" data-elementor-id=\"1011\" class=\"elementor elementor-1011\">\n\t\t\t\t<div class=\"elementor-element elementor-element-ba633af e-flex e-con-boxed e-con e-parent\" data-id=\"ba633af\" data-element_type=\"container\">\n\t\t\t\t\t<div class=\"e-con-inner\">\n\t\t\t\t<div class=\"elementor-element elementor-element-73cf4a4 elementor-widget elementor-widget-heading\" data-id=\"73cf4a4\" data-element_type=\"widget\" data-widget_type=\"heading.default\">\n\t\t\t\t<div class=\"elementor-widget-container\">\n\t\t\t\t\t<h2 class=\"elementor-heading-title elementor-size-default\">Zv\u00ed\u0159ata<\/h2>\t\t\t\t<\/div>\n\t\t\t\t<\/div>\n\t\t\t\t\t<\/div>\n\t\t\t\t<\/div>\n\t\t<div class=\"elementor-element elementor-element-59062b1 e-flex e-con-boxed e-con e-parent\" data-id=\"59062b1\" data-element_type=\"container\">\n\t\t\t\t\t<div class=\"e-con-inner\">\n\t\t<div class=\"elementor-element elementor-element-28139ce e-con-full e-flex e-con e-child\" data-id=\"28139ce\" data-element_type=\"container\">\n\t\t\t\t<div class=\"elementor-element elementor-element-970517d elementor-align-right elementor-mobile-align-center elementor-widget elementor-widget-button\" data-id=\"970517d\" data-element_type=\"widget\" data-widget_type=\"button.default\">\n\t\t\t\t<div class=\"elementor-widget-container\">\n\t\t\t\t\t\t\t\t\t<div class=\"elementor-button-wrapper\">\n\t\t\t\t\t<a class=\"elementor-button elementor-button-link elementor-size-sm\" href=\"https:\/\/klubochki-kryuchochkicz.com\/index.php\/master-class\/tygr-tosha\/\" target=\"_blank\" rel=\"nofollow\">\n\t\t\t\t\t\t<span class=\"elementor-button-content-wrapper\">\n\t\t\t\t\t\t\t\t\t<span class=\"elementor-button-text\"> Tygr Tosha <\/span>\n\t\t\t\t\t<\/span>\n\t\t\t\t\t<\/a>\n\t\t\t\t<\/div>\n\t\t\t\t\t\t\t\t<\/div>\n\t\t\t\t<\/div>\n\t\t\t\t<\/div>\n\t\t<div class=\"elementor-element elementor-element-cdaf3f7 e-con-full e-flex e-con e-child\" data-id=\"cdaf3f7\" data-element_type=\"container\">\n\t\t\t\t<div class=\"elementor-element elementor-element-61097fe elementor-mobile-align-center elementor-widget elementor-widget-button\" data-id=\"61097fe\" data-element_type=\"widget\" data-widget_type=\"button.default\">\n\t\t\t\t<div class=\"elementor-widget-container\">\n\t\t\t\t\t\t\t\t\t<div class=\"elementor-button-wrapper\">\n\t\t\t\t\t<a class=\"elementor-button elementor-button-link elementor-size-sm\" href=\"https:\/\/klubochki-kryuchochkicz.com\/index.php\/master-class\/zajicek-prosa\/\" target=\"_blank\" rel=\"nofollow\">\n\t\t\t\t\t\t<span class=\"elementor-button-content-wrapper\">\n\t\t\t\t\t\t\t\t\t<span class=\"elementor-button-text\">Zaj\u00ed\u010dek Pro\u0161a<\/span>\n\t\t\t\t\t<\/span>\n\t\t\t\t\t<\/a>\n\t\t\t\t<\/div>\n\t\t\t\t\t\t\t\t<\/div>\n\t\t\t\t<\/div>\n\t\t\t\t<\/div>\n\t\t\t\t\t<\/div>\n\t\t\t\t<\/div>\n\t\t<div class=\"elementor-element elementor-element-941837a e-flex e-con-boxed e-con e-parent\" data-id=\"941837a\" data-element_type=\"container\">\n\t\t\t\t\t<div class=\"e-con-inner\">\n\t\t\t\t<div class=\"elementor-element elementor-element-6869505 elementor-widget elementor-widget-text-editor\" data-id=\"6869505\" data-element_type=\"widget\" data-widget_type=\"text-editor.default\">\n\t\t\t\t<div class=\"elementor-widget-container\">\n\t\t\t\t\t\t\t\t\t<p>Ve sv\u011bt\u011b jemn\u00fdch nit\u00ed a nad\u00fdchan\u00e9 p\u0159\u00edze, kde je ka\u017ed\u00e1 smy\u010dka \u00fatuln\u00e1 a kouzeln\u00e1, se rod\u00ed roztomil\u00e1 zv\u00ed\u0159\u00e1tka, kter\u00e1 okouzluj\u00ed srdce svou jedine\u010dnou roztomilost\u00ed. H\u00e1\u010dkov\u00e1n\u00ed amigurumi se st\u00e1v\u00e1 dve\u0159mi do tohoto n\u00e1dhern\u00e9ho sv\u011bta, kde ka\u017ed\u00fd vytvo\u0159en\u00fd vzor je poh\u00e1dkou a ka\u017ed\u00e9 mistrovsk\u00e9 d\u00edlo je malou du\u0161\u00ed p\u0159ikovanou k va\u0161im ruk\u00e1m.<\/p>\n<p>S h\u00e1\u010dkem v ruce se st\u00e1v\u00e1te str\u00e1\u017ecem z\u00e1zrak\u016f a realizujete sv\u00e9 fantazie v podob\u011b roztomil\u00fdch zv\u00ed\u0159\u00e1tek, kter\u00e1 jako by o\u017eila pod va\u0161\u00edm kouzeln\u00fdm dotykem. Stanou se z nich neviditeln\u00ed p\u0159\u00e1tel\u00e9, kte\u0159\u00ed napln\u00ed prostor kolem teplem a klidem. Neviditeln\u00e1 magie vyza\u0159uje z hra\u010dek, jako by okouzlovala va\u0161e o\u010di, a vytv\u00e1\u0159\u00ed atmosf\u00e9ru poh\u00e1dkov\u00e9ho kouzla.<\/p>\n<p>V ka\u017ed\u00e9 smy\u010dce se skr\u00fdv\u00e1 p\u0159\u00edb\u011bh jako na str\u00e1nce knihy, kde jsou hlavn\u00edmi postavami roztomil\u00e1 zv\u00ed\u0159\u00e1tka, kter\u00e1 se z va\u0161\u00ed p\u0159edstavivosti dost\u00e1vaj\u00ed do sv\u011bta reality. Srdce vy\u0161\u00edva\u010dky se st\u00e1v\u00e1 d\u00edlnou, kde ka\u017ed\u00fd krok, ka\u017ed\u00e1 smy\u010dka je sou\u010d\u00e1st\u00ed va\u0161eho vlastn\u00edho um\u011bleck\u00e9ho d\u00edla. Ve sv\u011bt\u011b zv\u00ed\u0159\u00e1tek amigurumi povol\u00edte uzdu sv\u00e9 kreativit\u011b, jako byste otev\u00edrali str\u00e1nky vlastn\u00ed kouzeln\u00e9 knihy.<\/p>\n<p>Pleten\u00ed roztomil\u00fdch zv\u00ed\u0159\u00e1tek je nejen kon\u00ed\u010dkem, ale tak\u00e9 zp\u016fsobem, jak se pono\u0159it do vlastn\u00edho sv\u011bta d\u011btstv\u00ed, kde se ka\u017ed\u00e1 hra\u010dka st\u00e1v\u00e1 postavou poh\u00e1dky, kterou jste sami napsali. Tato zv\u00ed\u0159\u00e1tka, jako by p\u0159i\u0161la z kouzeln\u00e9ho lesa, vnesou do va\u0161eho domova kus d\u011btsk\u00e9 radosti a lehkosti.<\/p>\n<p>Nech\u0165 je ka\u017ed\u00e1 smy\u010dka jako nit, kter\u00e1 v\u00e1s spojuje s t\u00edmto \u00fa\u017easn\u00fdm sv\u011btem roztomil\u00fdch zv\u00ed\u0159at. Stanou se va\u0161imi v\u011brn\u00fdmi spole\u010dn\u00edky a budou v\u00e1m p\u0159ipom\u00ednat, jak d\u016fle\u017eit\u00e1 je v na\u0161em \u017eivot\u011b radost, hra a teplo. Do ka\u017ed\u00e9ho zv\u00ed\u0159\u00e1tka, kter\u00e9 vytvo\u0159\u00edte, vlo\u017e\u00edte \u010d\u00e1st sv\u00e9 du\u0161e, \u010d\u00edm\u017e se stane v\u00fdjime\u010dn\u00fdm a jedine\u010dn\u00fdm.<\/p>\n<p>Ve sv\u011bt\u011b roztomil\u00fdch zv\u00ed\u0159\u00e1tek amigurumi se skr\u00fdv\u00e1 tajemstv\u00ed, \u017ee ka\u017ed\u00fd v\u00fdtvor se nestane jen hra\u010dkou, ale mal\u00fdm kouzeln\u00fdm d\u00e1rkem. Nechte sv\u00e9 h\u00e1\u010dkuj\u00edc\u00ed pokra\u010dovat ve vytv\u00e1\u0159en\u00ed tohoto kouzeln\u00e9ho sv\u011bta a napl\u0148te ho roztomil\u00fdmi zv\u00ed\u0159\u00e1tky, kter\u00e1 zah\u0159ej\u00ed u srdce a inspiruj\u00ed k tvo\u0159ivosti.<\/p>\t\t\t\t\t\t\t\t<\/div>\n\t\t\t\t<\/div>\n\t\t\t\t\t<\/div>\n\t\t\t\t<\/div>\n\t\t\t\t<\/div>\n\t\t","protected":false},"excerpt":{"rendered":"<p>Zv\u00ed\u0159ata Tygr Tosha Zaj\u00ed\u010dek Pro\u0161a Ve sv\u011bt\u011b jemn\u00fdch nit\u00ed a nad\u00fdchan\u00e9 p\u0159\u00edze, kde je ka\u017ed\u00e1 smy\u010dka \u00fatuln\u00e1 a kouzeln\u00e1, se rod\u00ed roztomil\u00e1 zv\u00ed\u0159\u00e1tka, kter\u00e1 okouzluj\u00ed srdce svou jedine\u010dnou roztomilost\u00ed. H\u00e1\u010dkov\u00e1n\u00ed amigurumi se st\u00e1v\u00e1 dve\u0159mi do tohoto n\u00e1dhern\u00e9ho sv\u011bta, kde ka\u017ed\u00fd vytvo\u0159en\u00fd vzor je poh\u00e1dkou a ka\u017ed\u00e9 mistrovsk\u00e9 d\u00edlo je malou du\u0161\u00ed p\u0159ikovanou k va\u0161im ruk\u00e1m. &hellip;<\/p>\n<p class=\"read-more\"> <a class=\"\" href=\"https:\/\/klubochki-kryuchochkicz.com\/index.php\/master-class\/zviryata\/\"> <span class=\"screen-reader-text\">Zv\u00ed\u0159ata<\/span> \u0427\u0438\u0442\u0430\u0442\u044c \u0434\u0430\u043b\u0435\u0435 &raquo;<\/a><\/p>\n","protected":false},"author":1,"featured_media":0,"parent":90,"menu_order":0,"comment_status":"closed","ping_status":"closed","template":"","meta":{"site-sidebar-layout":"no-sidebar","site-content-layout":"","ast-site-content-layout":"full-width-container","site-content-style":"default","site-sidebar-style":"default","ast-global-header-display":"","ast-banner-title-visibility":"","ast-main-header-display":"","ast-hfb-above-header-display":"","ast-hfb-below-header-display":"","ast-hfb-mobile-header-display":"","site-post-title":"disabled","ast-breadcrumbs-content":"","ast-featured-img":"disabled","footer-sml-layout":"","theme-transparent-header-meta":"","adv-header-id-meta":"","stick-header-meta":"","header-above-stick-meta":"","header-main-stick-meta":"","header-below-stick-meta":"","astra-migrate-meta-layouts":"default","ast-page-background-enabled":"default","ast-page-background-meta":{"desktop":{"background-color":"var(--ast-global-color-4)","background-image":"","background-repeat":"repeat","background-position":"center center","background-size":"auto","background-attachment":"scroll","background-type":"","background-media":"","overlay-type":"","overlay-color":"","overlay-gradient":""},"tablet":{"background-color":"","background-image":"","background-repeat":"repeat","background-position":"center center","background-size":"auto","background-attachment":"scroll","background-type":"","background-media":"","overlay-type":"","overlay-color":"","overlay-gradient":""},"mobile":{"background-color":"","background-image":"","background-repeat":"repeat","background-position":"center center","background-size":"auto","background-attachment":"scroll","background-type":"","background-media":"","overlay-type":"","overlay-color":"","overlay-gradient":""}},"ast-content-background-meta":{"desktop":{"background-color":"var(--ast-global-color-5)","background-image":"","background-repeat":"repeat","background-position":"center center","background-size":"auto","background-attachment":"scroll","background-type":"","background-media":"","overlay-type":"","overlay-color":"","overlay-gradient":""},"tablet":{"background-color":"var(--ast-global-color-5)","background-image":"","background-repeat":"repeat","background-position":"center center","background-size":"auto","background-attachment":"scroll","background-type":"","background-media":"","overlay-type":"","overlay-color":"","overlay-gradient":""},"mobile":{"background-color":"var(--ast-global-color-5)","background-image":"","background-repeat":"repeat","background-position":"center center","background-size":"auto","background-attachment":"scroll","background-type":"","background-media":"","overlay-type":"","overlay-color":"","overlay-gradient":""}},"footnotes":""},"class_list":["post-1011","page","type-page","status-publish","hentry"],"_links":{"self":[{"href":"https:\/\/klubochki-kryuchochkicz.com\/index.php\/wp-json\/wp\/v2\/pages\/1011","targetHints":{"allow":["GET"]}}],"collection":[{"href":"https:\/\/klubochki-kryuchochkicz.com\/index.php\/wp-json\/wp\/v2\/pages"}],"about":[{"href":"https:\/\/klubochki-kryuchochkicz.com\/index.php\/wp-json\/wp\/v2\/types\/page"}],"author":[{"embeddable":true,"href":"https:\/\/klubochki-kryuchochkicz.com\/index.php\/wp-json\/wp\/v2\/users\/1"}],"replies":[{"embeddable":true,"href":"https:\/\/klubochki-kryuchochkicz.com\/index.php\/wp-json\/wp\/v2\/comments?post=1011"}],"version-history":[{"count":23,"href":"https:\/\/klubochki-kryuchochkicz.com\/index.php\/wp-json\/wp\/v2\/pages\/1011\/revisions"}],"predecessor-version":[{"id":1184,"href":"https:\/\/klubochki-kryuchochkicz.com\/index.php\/wp-json\/wp\/v2\/pages\/1011\/revisions\/1184"}],"up":[{"embeddable":true,"href":"https:\/\/klubochki-kryuchochkicz.com\/index.php\/wp-json\/wp\/v2\/pages\/90"}],"wp:attachment":[{"href":"https:\/\/klubochki-kryuchochkicz.com\/index.php\/wp-json\/wp\/v2\/media?parent=1011"}],"curies":[{"name":"wp","href":"https:\/\/api.w.org\/{rel}","templated":true}]}}