{"id":103,"date":"2023-12-16T16:36:20","date_gmt":"2023-12-16T15:36:20","guid":{"rendered":"https:\/\/klubochki-kryuchochkicz.com\/?page_id=103"},"modified":"2023-12-23T15:57:31","modified_gmt":"2023-12-23T14:57:31","slug":"snehulaci","status":"publish","type":"page","link":"https:\/\/klubochki-kryuchochkicz.com\/index.php\/master-class\/snehulaci\/","title":{"rendered":"Sn\u011bhul\u00e1ci"},"content":{"rendered":"\t\t<div data-elementor-type=\"wp-page\" data-elementor-id=\"103\" class=\"elementor elementor-103\">\n\t\t\t\t<div class=\"elementor-element elementor-element-03f408f e-flex e-con-boxed e-con e-parent\" data-id=\"03f408f\" data-element_type=\"container\">\n\t\t\t\t\t<div class=\"e-con-inner\">\n\t\t<div class=\"elementor-element elementor-element-5b65f0d e-con-full e-flex e-con e-child\" data-id=\"5b65f0d\" data-element_type=\"container\">\n\t\t\t\t<div class=\"elementor-element elementor-element-0c6bae5 elementor-widget elementor-widget-image\" data-id=\"0c6bae5\" data-element_type=\"widget\" data-widget_type=\"image.default\">\n\t\t\t\t<div class=\"elementor-widget-container\">\n\t\t\t\t\t\t\t\t\t\t\t\t\t\t\t<img fetchpriority=\"high\" decoding=\"async\" width=\"304\" height=\"256\" src=\"https:\/\/klubochki-kryuchochkicz.com\/wp-content\/uploads\/2023\/12\/snegoviki-1.jpg\" class=\"attachment-large size-large wp-image-62\" alt=\"Hackovane hacky, hackovane a vysivane obleceni pro deti a dospele, muze a zeny, hackovane doplnky, hackovane sperky, pokojove dekorace, hracky amigurumi. Stranky jsou urceny pro zkusene mistryne i zacatecniky. Mistrovske kurzy jsou placene i zdarma. Uzitecne rady k peci o pletene vyrobky. Jak vybrat spravnou prizi, jak provest kalkulaci vyrobku, jak napsat mistrovskou tridu.\" srcset=\"https:\/\/klubochki-kryuchochkicz.com\/wp-content\/uploads\/2023\/12\/snegoviki-1.jpg 304w, https:\/\/klubochki-kryuchochkicz.com\/wp-content\/uploads\/2023\/12\/snegoviki-1-300x253.jpg 300w\" sizes=\"(max-width: 304px) 100vw, 304px\" \/>\t\t\t\t\t\t\t\t\t\t\t\t\t\t\t<\/div>\n\t\t\t\t<\/div>\n\t\t\t\t<\/div>\n\t\t<div class=\"elementor-element elementor-element-cb71872 e-con-full e-flex e-con e-child\" data-id=\"cb71872\" data-element_type=\"container\">\n\t\t\t\t<div class=\"elementor-element elementor-element-1f5707b elementor-widget elementor-widget-heading\" data-id=\"1f5707b\" data-element_type=\"widget\" data-widget_type=\"heading.default\">\n\t\t\t\t<div class=\"elementor-widget-container\">\n\t\t\t\t\t<h2 class=\"elementor-heading-title elementor-size-default\">Sn\u011bhul\u00e1ci<\/h2>\t\t\t\t<\/div>\n\t\t\t\t<\/div>\n\t\t\t\t<div class=\"elementor-element elementor-element-a4e30e2 elementor-widget elementor-widget-text-editor\" data-id=\"a4e30e2\" data-element_type=\"widget\" data-widget_type=\"text-editor.default\">\n\t\t\t\t<div class=\"elementor-widget-container\">\n\t\t\t\t\t\t\t\t\t<p>Objevte sv\u011bt kreativity s jedine\u010dnou mistrovskou t\u0159\u00eddou talentovan\u00e9 Evgenie Kokiny.<\/p><p>A\u0165 u\u017e m\u00e1te jakoukoli \u00farove\u0148 zku\u0161enost\u00ed, tato mistrovsk\u00e1 t\u0159\u00edda je navr\u017eena tak, aby v\u00e1s inspirovala a vt\u00e1hla do fascinuj\u00edc\u00edho procesu tvorby t\u011bchto roztomil\u00fdch sn\u011bhul\u00e1k\u016f.<\/p>\t\t\t\t\t\t\t\t<\/div>\n\t\t\t\t<\/div>\n\t\t\t\t<\/div>\n\t\t\t\t\t<\/div>\n\t\t\t\t<\/div>\n\t\t<div class=\"elementor-element elementor-element-14bef62 e-flex e-con-boxed e-con e-parent\" data-id=\"14bef62\" data-element_type=\"container\">\n\t\t\t\t\t<div class=\"e-con-inner\">\n\t\t\t\t<div class=\"elementor-element elementor-element-90866ac elementor-widget elementor-widget-text-editor\" data-id=\"90866ac\" data-element_type=\"widget\" data-widget_type=\"text-editor.default\">\n\t\t\t\t<div class=\"elementor-widget-container\">\n\t\t\t\t\t\t\t\t\t<p>Eugenia Kokina, zku\u0161en\u00e1 \u0159emeslnice a tv\u016fr\u010d\u00ed osobnost, p\u0159ipravila tento mistrovsk\u00fd kurz tak, aby vyhovoval pot\u0159eb\u00e1m jak zku\u0161en\u00fdch \u0161vadlenek, tak t\u011bch, kter\u00e9 svou tv\u016fr\u010d\u00ed cestu teprve za\u010d\u00ednaj\u00ed.<\/p>\t\t\t\t\t\t\t\t<\/div>\n\t\t\t\t<\/div>\n\t\t\t\t\t<\/div>\n\t\t\t\t<\/div>\n\t\t<div class=\"elementor-element elementor-element-08f87ce e-flex e-con-boxed e-con e-parent\" data-id=\"08f87ce\" data-element_type=\"container\">\n\t\t\t\t\t<div class=\"e-con-inner\">\n\t\t\t\t<div class=\"elementor-element elementor-element-8e6df1f elementor-widget elementor-widget-image\" data-id=\"8e6df1f\" data-element_type=\"widget\" data-widget_type=\"image.default\">\n\t\t\t\t<div class=\"elementor-widget-container\">\n\t\t\t\t\t\t\t\t\t\t\t\t\t\t\t<img decoding=\"async\" width=\"449\" height=\"627\" src=\"https:\/\/klubochki-kryuchochkicz.com\/wp-content\/uploads\/2023\/12\/1-5.jpg\" class=\"attachment-large size-large wp-image-375\" alt=\"Hackovane hacky, hackovane a vysivane obleceni pro deti a dospele, muze a zeny, hackovane doplnky, hackovane sperky, pokojove dekorace, hracky amigurumi. Stranky jsou urceny pro zkusene mistryne i zacatecniky. Mistrovske kurzy jsou placene i zdarma. Uzitecne rady k peci o pletene vyrobky. Jak vybrat spravnou prizi, jak provest kalkulaci vyrobku, jak napsat mistrovskou tridu.\" srcset=\"https:\/\/klubochki-kryuchochkicz.com\/wp-content\/uploads\/2023\/12\/1-5.jpg 449w, https:\/\/klubochki-kryuchochkicz.com\/wp-content\/uploads\/2023\/12\/1-5-215x300.jpg 215w\" sizes=\"(max-width: 449px) 100vw, 449px\" \/>\t\t\t\t\t\t\t\t\t\t\t\t\t\t\t<\/div>\n\t\t\t\t<\/div>\n\t\t\t\t\t<\/div>\n\t\t\t\t<\/div>\n\t\t<div class=\"elementor-element elementor-element-e7a48ff e-flex e-con-boxed e-con e-parent\" data-id=\"e7a48ff\" data-element_type=\"container\">\n\t\t\t\t\t<div class=\"e-con-inner\">\n\t\t\t\t<div class=\"elementor-element elementor-element-4687ef7 elementor-widget elementor-widget-image\" data-id=\"4687ef7\" data-element_type=\"widget\" data-widget_type=\"image.default\">\n\t\t\t\t<div class=\"elementor-widget-container\">\n\t\t\t\t\t\t\t\t\t\t\t\t\t\t\t<img decoding=\"async\" width=\"445\" height=\"633\" src=\"https:\/\/klubochki-kryuchochkicz.com\/wp-content\/uploads\/2023\/12\/2-3.jpg\" class=\"attachment-large size-large wp-image-376\" alt=\"Hackovane hacky, hackovane a vysivane obleceni pro deti a dospele, muze a zeny, hackovane doplnky, hackovane sperky, pokojove dekorace, hracky amigurumi. Stranky jsou urceny pro zkusene mistryne i zacatecniky. Mistrovske kurzy jsou placene i zdarma. Uzitecne rady k peci o pletene vyrobky. Jak vybrat spravnou prizi, jak provest kalkulaci vyrobku, jak napsat mistrovskou tridu.\" srcset=\"https:\/\/klubochki-kryuchochkicz.com\/wp-content\/uploads\/2023\/12\/2-3.jpg 445w, https:\/\/klubochki-kryuchochkicz.com\/wp-content\/uploads\/2023\/12\/2-3-211x300.jpg 211w\" sizes=\"(max-width: 445px) 100vw, 445px\" \/>\t\t\t\t\t\t\t\t\t\t\t\t\t\t\t<\/div>\n\t\t\t\t<\/div>\n\t\t\t\t\t<\/div>\n\t\t\t\t<\/div>\n\t\t<div class=\"elementor-element elementor-element-0116b58 e-flex e-con-boxed e-con e-parent\" data-id=\"0116b58\" data-element_type=\"container\">\n\t\t\t\t\t<div class=\"e-con-inner\">\n\t\t\t\t<div class=\"elementor-element elementor-element-25a2130 elementor-widget elementor-widget-image\" data-id=\"25a2130\" data-element_type=\"widget\" data-widget_type=\"image.default\">\n\t\t\t\t<div class=\"elementor-widget-container\">\n\t\t\t\t\t\t\t\t\t\t\t\t\t\t\t<img loading=\"lazy\" decoding=\"async\" width=\"445\" height=\"631\" src=\"https:\/\/klubochki-kryuchochkicz.com\/wp-content\/uploads\/2023\/12\/3-3.jpg\" class=\"attachment-large size-large wp-image-377\" alt=\"Hackovane hacky, hackovane a vysivane obleceni pro deti a dospele, muze a zeny, hackovane doplnky, hackovane sperky, pokojove dekorace, hracky amigurumi. Stranky jsou urceny pro zkusene mistryne i zacatecniky. Mistrovske kurzy jsou placene i zdarma. Uzitecne rady k peci o pletene vyrobky. Jak vybrat spravnou prizi, jak provest kalkulaci vyrobku, jak napsat mistrovskou tridu.\" srcset=\"https:\/\/klubochki-kryuchochkicz.com\/wp-content\/uploads\/2023\/12\/3-3.jpg 445w, https:\/\/klubochki-kryuchochkicz.com\/wp-content\/uploads\/2023\/12\/3-3-212x300.jpg 212w\" sizes=\"(max-width: 445px) 100vw, 445px\" \/>\t\t\t\t\t\t\t\t\t\t\t\t\t\t\t<\/div>\n\t\t\t\t<\/div>\n\t\t\t\t\t<\/div>\n\t\t\t\t<\/div>\n\t\t<div class=\"elementor-element elementor-element-b238b16 e-flex e-con-boxed e-con e-parent\" data-id=\"b238b16\" data-element_type=\"container\">\n\t\t\t\t\t<div class=\"e-con-inner\">\n\t\t\t\t<div class=\"elementor-element elementor-element-f7cbf80 elementor-widget elementor-widget-image\" data-id=\"f7cbf80\" data-element_type=\"widget\" data-widget_type=\"image.default\">\n\t\t\t\t<div class=\"elementor-widget-container\">\n\t\t\t\t\t\t\t\t\t\t\t\t\t\t\t<img loading=\"lazy\" decoding=\"async\" width=\"451\" height=\"637\" src=\"https:\/\/klubochki-kryuchochkicz.com\/wp-content\/uploads\/2023\/12\/4-3.jpg\" class=\"attachment-large size-large wp-image-378\" alt=\"Hackovane hacky, hackovane a vysivane obleceni pro deti a dospele, muze a zeny, hackovane doplnky, hackovane sperky, pokojove dekorace, hracky amigurumi. Stranky jsou urceny pro zkusene mistryne i zacatecniky. Mistrovske kurzy jsou placene i zdarma. Uzitecne rady k peci o pletene vyrobky. Jak vybrat spravnou prizi, jak provest kalkulaci vyrobku, jak napsat mistrovskou tridu\" srcset=\"https:\/\/klubochki-kryuchochkicz.com\/wp-content\/uploads\/2023\/12\/4-3.jpg 451w, https:\/\/klubochki-kryuchochkicz.com\/wp-content\/uploads\/2023\/12\/4-3-212x300.jpg 212w\" sizes=\"(max-width: 451px) 100vw, 451px\" \/>\t\t\t\t\t\t\t\t\t\t\t\t\t\t\t<\/div>\n\t\t\t\t<\/div>\n\t\t\t\t\t<\/div>\n\t\t\t\t<\/div>\n\t\t<div class=\"elementor-element elementor-element-c802797 e-flex e-con-boxed e-con e-parent\" data-id=\"c802797\" data-element_type=\"container\">\n\t\t\t\t\t<div class=\"e-con-inner\">\n\t\t\t\t<div class=\"elementor-element elementor-element-9f43d46 elementor-widget elementor-widget-image\" data-id=\"9f43d46\" data-element_type=\"widget\" data-widget_type=\"image.default\">\n\t\t\t\t<div class=\"elementor-widget-container\">\n\t\t\t\t\t\t\t\t\t\t\t\t\t\t\t<img loading=\"lazy\" decoding=\"async\" width=\"447\" height=\"635\" src=\"https:\/\/klubochki-kryuchochkicz.com\/wp-content\/uploads\/2023\/12\/5-3.jpg\" class=\"attachment-large size-large wp-image-379\" alt=\"Hackovane hacky, hackovane a vysivane obleceni pro deti a dospele, muze a zeny, hackovane doplnky, hackovane sperky, pokojove dekorace, hracky amigurumi. Stranky jsou urceny pro zkusene mistryne i zacatecniky. Mistrovske kurzy jsou placene i zdarma. Uzitecne rady k peci o pletene vyrobky. Jak vybrat spravnou prizi, jak provest kalkulaci vyrobku, jak napsat mistrovskou tridu\" srcset=\"https:\/\/klubochki-kryuchochkicz.com\/wp-content\/uploads\/2023\/12\/5-3.jpg 447w, https:\/\/klubochki-kryuchochkicz.com\/wp-content\/uploads\/2023\/12\/5-3-211x300.jpg 211w\" sizes=\"(max-width: 447px) 100vw, 447px\" \/>\t\t\t\t\t\t\t\t\t\t\t\t\t\t\t<\/div>\n\t\t\t\t<\/div>\n\t\t\t\t\t<\/div>\n\t\t\t\t<\/div>\n\t\t<div class=\"elementor-element elementor-element-a579a0d e-flex e-con-boxed e-con e-parent\" data-id=\"a579a0d\" data-element_type=\"container\">\n\t\t\t\t\t<div class=\"e-con-inner\">\n\t\t\t\t<div class=\"elementor-element elementor-element-b0c79b6 elementor-widget elementor-widget-image\" data-id=\"b0c79b6\" data-element_type=\"widget\" data-widget_type=\"image.default\">\n\t\t\t\t<div class=\"elementor-widget-container\">\n\t\t\t\t\t\t\t\t\t\t\t\t\t\t\t<img loading=\"lazy\" decoding=\"async\" width=\"445\" height=\"629\" src=\"https:\/\/klubochki-kryuchochkicz.com\/wp-content\/uploads\/2023\/12\/6-3.jpg\" class=\"attachment-large size-large wp-image-380\" alt=\"Hackovane hacky, hackovane a vysivane obleceni pro deti a dospele, muze a zeny, hackovane doplnky, hackovane sperky, pokojove dekorace, hracky amigurumi. Stranky jsou urceny pro zkusene mistryne i zacatecniky. Mistrovske kurzy jsou placene i zdarma. Uzitecne rady k peci o pletene vyrobky. Jak vybrat spravnou prizi, jak provest kalkulaci vyrobku, jak napsat mistrovskou tridu.\" srcset=\"https:\/\/klubochki-kryuchochkicz.com\/wp-content\/uploads\/2023\/12\/6-3.jpg 445w, https:\/\/klubochki-kryuchochkicz.com\/wp-content\/uploads\/2023\/12\/6-3-212x300.jpg 212w\" sizes=\"(max-width: 445px) 100vw, 445px\" \/>\t\t\t\t\t\t\t\t\t\t\t\t\t\t\t<\/div>\n\t\t\t\t<\/div>\n\t\t\t\t\t<\/div>\n\t\t\t\t<\/div>\n\t\t<div class=\"elementor-element elementor-element-2eccd24 e-flex e-con-boxed e-con e-parent\" data-id=\"2eccd24\" data-element_type=\"container\">\n\t\t\t\t\t<div class=\"e-con-inner\">\n\t\t\t\t<div class=\"elementor-element elementor-element-be9f33f elementor-widget elementor-widget-image\" data-id=\"be9f33f\" data-element_type=\"widget\" data-widget_type=\"image.default\">\n\t\t\t\t<div class=\"elementor-widget-container\">\n\t\t\t\t\t\t\t\t\t\t\t\t\t\t\t<img loading=\"lazy\" decoding=\"async\" width=\"447\" height=\"629\" src=\"https:\/\/klubochki-kryuchochkicz.com\/wp-content\/uploads\/2023\/12\/7-2.jpg\" class=\"attachment-large size-large wp-image-381\" alt=\"Hackovane hacky, hackovane a vysivane obleceni pro deti a dospele, muze a zeny, hackovane doplnky, hackovane sperky, pokojove dekorace, hracky amigurumi. Stranky jsou urceny pro zkusene mistryne i zacatecniky. Mistrovske kurzy jsou placene i zdarma. Uzitecne rady k peci o pletene vyrobky. Jak vybrat spravnou prizi, jak provest kalkulaci vyrobku, jak napsat mistrovskou tridu.\" srcset=\"https:\/\/klubochki-kryuchochkicz.com\/wp-content\/uploads\/2023\/12\/7-2.jpg 447w, https:\/\/klubochki-kryuchochkicz.com\/wp-content\/uploads\/2023\/12\/7-2-213x300.jpg 213w\" sizes=\"(max-width: 447px) 100vw, 447px\" \/>\t\t\t\t\t\t\t\t\t\t\t\t\t\t\t<\/div>\n\t\t\t\t<\/div>\n\t\t\t\t\t<\/div>\n\t\t\t\t<\/div>\n\t\t<div class=\"elementor-element elementor-element-2296df6 e-flex e-con-boxed e-con e-parent\" data-id=\"2296df6\" data-element_type=\"container\">\n\t\t\t\t\t<div class=\"e-con-inner\">\n\t\t\t\t<div class=\"elementor-element elementor-element-eb1977b elementor-widget elementor-widget-image\" data-id=\"eb1977b\" data-element_type=\"widget\" data-widget_type=\"image.default\">\n\t\t\t\t<div class=\"elementor-widget-container\">\n\t\t\t\t\t\t\t\t\t\t\t\t\t\t\t<img loading=\"lazy\" decoding=\"async\" width=\"445\" height=\"633\" src=\"https:\/\/klubochki-kryuchochkicz.com\/wp-content\/uploads\/2023\/12\/8-2.jpg\" class=\"attachment-large size-large wp-image-382\" alt=\"Hackovane hacky, hackovane a vysivane obleceni pro deti a dospele, muze a zeny, hackovane doplnky, hackovane sperky, pokojove dekorace, hracky amigurumi. Stranky jsou urceny pro zkusene mistryne i zacatecniky. Mistrovske kurzy jsou placene i zdarma. Uzitecne rady k peci o pletene vyrobky. Jak vybrat spravnou prizi, jak provest kalkulaci vyrobku, jak napsat mistrovskou tridu.\" srcset=\"https:\/\/klubochki-kryuchochkicz.com\/wp-content\/uploads\/2023\/12\/8-2.jpg 445w, https:\/\/klubochki-kryuchochkicz.com\/wp-content\/uploads\/2023\/12\/8-2-211x300.jpg 211w\" sizes=\"(max-width: 445px) 100vw, 445px\" \/>\t\t\t\t\t\t\t\t\t\t\t\t\t\t\t<\/div>\n\t\t\t\t<\/div>\n\t\t\t\t\t<\/div>\n\t\t\t\t<\/div>\n\t\t<div class=\"elementor-element elementor-element-583f530 e-flex e-con-boxed e-con e-parent\" data-id=\"583f530\" data-element_type=\"container\">\n\t\t\t\t\t<div class=\"e-con-inner\">\n\t\t\t\t<div class=\"elementor-element elementor-element-0f452cf elementor-widget elementor-widget-image\" data-id=\"0f452cf\" data-element_type=\"widget\" data-widget_type=\"image.default\">\n\t\t\t\t<div class=\"elementor-widget-container\">\n\t\t\t\t\t\t\t\t\t\t\t\t\t\t\t<img loading=\"lazy\" decoding=\"async\" width=\"443\" height=\"633\" src=\"https:\/\/klubochki-kryuchochkicz.com\/wp-content\/uploads\/2023\/12\/9-2.jpg\" class=\"attachment-large size-large wp-image-383\" alt=\"Hackovane hacky, hackovane a vysivane obleceni pro deti a dospele, muze a zeny, hackovane doplnky, hackovane sperky, pokojove dekorace, hracky amigurumi. Stranky jsou urceny pro zkusene mistryne i zacatecniky. Mistrovske kurzy jsou placene i zdarma. Uzitecne rady k peci o pletene vyrobky. Jak vybrat spravnou prizi, jak provest kalkulaci vyrobku, jak napsat mistrovskou tridu.\" srcset=\"https:\/\/klubochki-kryuchochkicz.com\/wp-content\/uploads\/2023\/12\/9-2.jpg 443w, https:\/\/klubochki-kryuchochkicz.com\/wp-content\/uploads\/2023\/12\/9-2-210x300.jpg 210w\" sizes=\"(max-width: 443px) 100vw, 443px\" \/>\t\t\t\t\t\t\t\t\t\t\t\t\t\t\t<\/div>\n\t\t\t\t<\/div>\n\t\t\t\t\t<\/div>\n\t\t\t\t<\/div>\n\t\t<div class=\"elementor-element elementor-element-6aaf2e5 e-flex e-con-boxed e-con e-parent\" data-id=\"6aaf2e5\" data-element_type=\"container\">\n\t\t\t\t\t<div class=\"e-con-inner\">\n\t\t\t\t<div class=\"elementor-element elementor-element-8afb581 elementor-widget elementor-widget-image\" data-id=\"8afb581\" data-element_type=\"widget\" data-widget_type=\"image.default\">\n\t\t\t\t<div class=\"elementor-widget-container\">\n\t\t\t\t\t\t\t\t\t\t\t\t\t\t\t<img loading=\"lazy\" decoding=\"async\" width=\"445\" height=\"637\" src=\"https:\/\/klubochki-kryuchochkicz.com\/wp-content\/uploads\/2023\/12\/10-2.jpg\" class=\"attachment-large size-large wp-image-384\" alt=\"Hackovane hacky, hackovane a vysivane obleceni pro deti a dospele, muze a zeny, hackovane doplnky, hackovane sperky, pokojove dekorace, hracky amigurumi. Stranky jsou urceny pro zkusene mistryne i zacatecniky. Mistrovske kurzy jsou placene i zdarma. Uzitecne rady k peci o pletene vyrobky. Jak vybrat spravnou prizi, jak provest kalkulaci vyrobku, jak napsat mistrovskou tridu.\" srcset=\"https:\/\/klubochki-kryuchochkicz.com\/wp-content\/uploads\/2023\/12\/10-2.jpg 445w, https:\/\/klubochki-kryuchochkicz.com\/wp-content\/uploads\/2023\/12\/10-2-210x300.jpg 210w\" sizes=\"(max-width: 445px) 100vw, 445px\" \/>\t\t\t\t\t\t\t\t\t\t\t\t\t\t\t<\/div>\n\t\t\t\t<\/div>\n\t\t\t\t\t<\/div>\n\t\t\t\t<\/div>\n\t\t<div class=\"elementor-element elementor-element-cbf6520 e-flex e-con-boxed e-con e-parent\" data-id=\"cbf6520\" data-element_type=\"container\">\n\t\t\t\t\t<div class=\"e-con-inner\">\n\t\t\t\t<div class=\"elementor-element elementor-element-af7752e elementor-widget elementor-widget-image\" data-id=\"af7752e\" data-element_type=\"widget\" data-widget_type=\"image.default\">\n\t\t\t\t<div class=\"elementor-widget-container\">\n\t\t\t\t\t\t\t\t\t\t\t\t\t\t\t<img loading=\"lazy\" decoding=\"async\" width=\"445\" height=\"625\" src=\"https:\/\/klubochki-kryuchochkicz.com\/wp-content\/uploads\/2023\/12\/11-1.jpg\" class=\"attachment-large size-large wp-image-385\" alt=\"Hackovane hacky, hackovane a vysivane obleceni pro deti a dospele, muze a zeny, hackovane doplnky, hackovane sperky, pokojove dekorace, hracky amigurumi. Stranky jsou urceny pro zkusene mistryne i zacatecniky. Mistrovske kurzy jsou placene i zdarma. Uzitecne rady k peci o pletene vyrobky. Jak vybrat spravnou prizi, jak provest kalkulaci vyrobku, jak napsat mistrovskou tridu.\" srcset=\"https:\/\/klubochki-kryuchochkicz.com\/wp-content\/uploads\/2023\/12\/11-1.jpg 445w, https:\/\/klubochki-kryuchochkicz.com\/wp-content\/uploads\/2023\/12\/11-1-214x300.jpg 214w\" sizes=\"(max-width: 445px) 100vw, 445px\" \/>\t\t\t\t\t\t\t\t\t\t\t\t\t\t\t<\/div>\n\t\t\t\t<\/div>\n\t\t\t\t\t<\/div>\n\t\t\t\t<\/div>\n\t\t<div class=\"elementor-element elementor-element-a1a800e e-flex e-con-boxed e-con e-parent\" data-id=\"a1a800e\" data-element_type=\"container\">\n\t\t\t\t\t<div class=\"e-con-inner\">\n\t\t\t\t<div class=\"elementor-element elementor-element-8cca0fb elementor-widget elementor-widget-image\" data-id=\"8cca0fb\" data-element_type=\"widget\" data-widget_type=\"image.default\">\n\t\t\t\t<div class=\"elementor-widget-container\">\n\t\t\t\t\t\t\t\t\t\t\t\t\t\t\t<img loading=\"lazy\" decoding=\"async\" width=\"447\" height=\"153\" src=\"https:\/\/klubochki-kryuchochkicz.com\/wp-content\/uploads\/2023\/12\/12.jpg\" class=\"attachment-large size-large wp-image-386\" alt=\"Hackovane hacky, hackovane a vysivane obleceni pro deti a dospele, muze a zeny, hackovane doplnky, hackovane sperky, pokojove dekorace, hracky amigurumi. Stranky jsou urceny pro zkusene mistryne i zacatecniky. Mistrovske kurzy jsou placene i zdarma. Uzitecne rady k peci o pletene vyrobky. Jak vybrat spravnou prizi, jak provest kalkulaci vyrobku, jak napsat mistrovskou tridu.\" srcset=\"https:\/\/klubochki-kryuchochkicz.com\/wp-content\/uploads\/2023\/12\/12.jpg 447w, https:\/\/klubochki-kryuchochkicz.com\/wp-content\/uploads\/2023\/12\/12-300x103.jpg 300w\" sizes=\"(max-width: 447px) 100vw, 447px\" \/>\t\t\t\t\t\t\t\t\t\t\t\t\t\t\t<\/div>\n\t\t\t\t<\/div>\n\t\t\t\t\t<\/div>\n\t\t\t\t<\/div>\n\t\t\t\t<\/div>\n\t\t","protected":false},"excerpt":{"rendered":"<p>Sn\u011bhul\u00e1ci Objevte sv\u011bt kreativity s jedine\u010dnou mistrovskou t\u0159\u00eddou talentovan\u00e9 Evgenie Kokiny. A\u0165 u\u017e m\u00e1te jakoukoli \u00farove\u0148 zku\u0161enost\u00ed, tato mistrovsk\u00e1 t\u0159\u00edda je navr\u017eena tak, aby v\u00e1s inspirovala a vt\u00e1hla do fascinuj\u00edc\u00edho procesu tvorby t\u011bchto roztomil\u00fdch sn\u011bhul\u00e1k\u016f. Eugenia Kokina, zku\u0161en\u00e1 \u0159emeslnice a tv\u016fr\u010d\u00ed osobnost, p\u0159ipravila tento mistrovsk\u00fd kurz tak, aby vyhovoval pot\u0159eb\u00e1m jak zku\u0161en\u00fdch \u0161vadlenek, tak t\u011bch, &hellip;<\/p>\n<p class=\"read-more\"> <a class=\"\" href=\"https:\/\/klubochki-kryuchochkicz.com\/index.php\/master-class\/snehulaci\/\"> <span class=\"screen-reader-text\">Sn\u011bhul\u00e1ci<\/span> \u0427\u0438\u0442\u0430\u0442\u044c \u0434\u0430\u043b\u0435\u0435 &raquo;<\/a><\/p>\n","protected":false},"author":1,"featured_media":0,"parent":90,"menu_order":4,"comment_status":"closed","ping_status":"closed","template":"","meta":{"site-sidebar-layout":"no-sidebar","site-content-layout":"","ast-site-content-layout":"full-width-container","site-content-style":"default","site-sidebar-style":"default","ast-global-header-display":"","ast-banner-title-visibility":"","ast-main-header-display":"","ast-hfb-above-header-display":"","ast-hfb-below-header-display":"","ast-hfb-mobile-header-display":"","site-post-title":"disabled","ast-breadcrumbs-content":"","ast-featured-img":"disabled","footer-sml-layout":"","theme-transparent-header-meta":"","adv-header-id-meta":"","stick-header-meta":"","header-above-stick-meta":"","header-main-stick-meta":"","header-below-stick-meta":"","astra-migrate-meta-layouts":"default","ast-page-background-enabled":"default","ast-page-background-meta":{"desktop":{"background-color":"var(--ast-global-color-4)","background-image":"","background-repeat":"repeat","background-position":"center center","background-size":"auto","background-attachment":"scroll","background-type":"","background-media":"","overlay-type":"","overlay-color":"","overlay-gradient":""},"tablet":{"background-color":"","background-image":"","background-repeat":"repeat","background-position":"center center","background-size":"auto","background-attachment":"scroll","background-type":"","background-media":"","overlay-type":"","overlay-color":"","overlay-gradient":""},"mobile":{"background-color":"","background-image":"","background-repeat":"repeat","background-position":"center center","background-size":"auto","background-attachment":"scroll","background-type":"","background-media":"","overlay-type":"","overlay-color":"","overlay-gradient":""}},"ast-content-background-meta":{"desktop":{"background-color":"var(--ast-global-color-5)","background-image":"","background-repeat":"repeat","background-position":"center center","background-size":"auto","background-attachment":"scroll","background-type":"","background-media":"","overlay-type":"","overlay-color":"","overlay-gradient":""},"tablet":{"background-color":"var(--ast-global-color-5)","background-image":"","background-repeat":"repeat","background-position":"center center","background-size":"auto","background-attachment":"scroll","background-type":"","background-media":"","overlay-type":"","overlay-color":"","overlay-gradient":""},"mobile":{"background-color":"var(--ast-global-color-5)","background-image":"","background-repeat":"repeat","background-position":"center center","background-size":"auto","background-attachment":"scroll","background-type":"","background-media":"","overlay-type":"","overlay-color":"","overlay-gradient":""}},"footnotes":""},"class_list":["post-103","page","type-page","status-publish","hentry"],"_links":{"self":[{"href":"https:\/\/klubochki-kryuchochkicz.com\/index.php\/wp-json\/wp\/v2\/pages\/103","targetHints":{"allow":["GET"]}}],"collection":[{"href":"https:\/\/klubochki-kryuchochkicz.com\/index.php\/wp-json\/wp\/v2\/pages"}],"about":[{"href":"https:\/\/klubochki-kryuchochkicz.com\/index.php\/wp-json\/wp\/v2\/types\/page"}],"author":[{"embeddable":true,"href":"https:\/\/klubochki-kryuchochkicz.com\/index.php\/wp-json\/wp\/v2\/users\/1"}],"replies":[{"embeddable":true,"href":"https:\/\/klubochki-kryuchochkicz.com\/index.php\/wp-json\/wp\/v2\/comments?post=103"}],"version-history":[{"count":7,"href":"https:\/\/klubochki-kryuchochkicz.com\/index.php\/wp-json\/wp\/v2\/pages\/103\/revisions"}],"predecessor-version":[{"id":389,"href":"https:\/\/klubochki-kryuchochkicz.com\/index.php\/wp-json\/wp\/v2\/pages\/103\/revisions\/389"}],"up":[{"embeddable":true,"href":"https:\/\/klubochki-kryuchochkicz.com\/index.php\/wp-json\/wp\/v2\/pages\/90"}],"wp:attachment":[{"href":"https:\/\/klubochki-kryuchochkicz.com\/index.php\/wp-json\/wp\/v2\/media?parent=103"}],"curies":[{"name":"wp","href":"https:\/\/api.w.org\/{rel}","templated":true}]}}