{"id":1354,"date":"2023-12-30T13:32:05","date_gmt":"2023-12-30T12:32:05","guid":{"rendered":"https:\/\/klubochki-kryuchochkicz.com\/?page_id=1354"},"modified":"2024-01-03T17:48:42","modified_gmt":"2024-01-03T16:48:42","slug":"velikonocni-vajicko","status":"publish","type":"page","link":"https:\/\/klubochki-kryuchochkicz.com\/index.php\/velikonocni-vajicko\/","title":{"rendered":"Velikono\u010dn\u00ed vaj\u00ed\u010dko"},"content":{"rendered":"\t\t<div data-elementor-type=\"wp-page\" data-elementor-id=\"1354\" class=\"elementor elementor-1354\">\n\t\t\t\t<div class=\"elementor-element elementor-element-c58e87a e-flex e-con-boxed e-con e-parent\" data-id=\"c58e87a\" data-element_type=\"container\">\n\t\t\t\t\t<div class=\"e-con-inner\">\n\t\t<div class=\"elementor-element elementor-element-1aeed4e e-con-full e-flex e-con e-child\" data-id=\"1aeed4e\" data-element_type=\"container\">\n\t\t\t\t<div class=\"elementor-element elementor-element-4580073 elementor-widget elementor-widget-image\" data-id=\"4580073\" data-element_type=\"widget\" data-widget_type=\"image.default\">\n\t\t\t\t<div class=\"elementor-widget-container\">\n\t\t\t\t\t\t\t\t\t\t\t\t\t\t\t<img fetchpriority=\"high\" decoding=\"async\" width=\"304\" height=\"256\" src=\"https:\/\/klubochki-kryuchochkicz.com\/wp-content\/uploads\/2023\/12\/pashalnoe-jajco.jpg\" class=\"attachment-large size-large wp-image-1252\" alt=\"Hackovane hacky, hackovane a vysivane obleceni pro deti a dospele, muze a zeny, hackovane doplnky, hackovane sperky, pokojove dekorace, hracky amigurumi. Stranky jsou urceny pro zkusene mistryne i zacatecniky. Mistrovske kurzy jsou placene i zdarma. Uzitecne rady k peci o pletene vyrobky. Jak vybrat spravnou prizi, jak provest kalkulaci vyrobku, jak napsat mistrovskou tridu.\" srcset=\"https:\/\/klubochki-kryuchochkicz.com\/wp-content\/uploads\/2023\/12\/pashalnoe-jajco.jpg 304w, https:\/\/klubochki-kryuchochkicz.com\/wp-content\/uploads\/2023\/12\/pashalnoe-jajco-300x253.jpg 300w\" sizes=\"(max-width: 304px) 100vw, 304px\" \/>\t\t\t\t\t\t\t\t\t\t\t\t\t\t\t<\/div>\n\t\t\t\t<\/div>\n\t\t\t\t<\/div>\n\t\t<div class=\"elementor-element elementor-element-4152953 e-con-full e-flex e-con e-child\" data-id=\"4152953\" data-element_type=\"container\">\n\t\t\t\t<div class=\"elementor-element elementor-element-cc58905 elementor-widget elementor-widget-heading\" data-id=\"cc58905\" data-element_type=\"widget\" data-widget_type=\"heading.default\">\n\t\t\t\t<div class=\"elementor-widget-container\">\n\t\t\t\t\t<h2 class=\"elementor-heading-title elementor-size-default\">Velikono\u010dn\u00ed vaj\u00ed\u010dko<\/h2>\t\t\t\t<\/div>\n\t\t\t\t<\/div>\n\t\t\t\t<div class=\"elementor-element elementor-element-742a166 elementor-widget elementor-widget-text-editor\" data-id=\"742a166\" data-element_type=\"widget\" data-widget_type=\"text-editor.default\">\n\t\t\t\t<div class=\"elementor-widget-container\">\n\t\t\t\t\t\t\t\t\t<p>V tomto z\u00e1\u0159iv\u00e9m jarn\u00edm obdob\u00ed, kdy se p\u0159\u00edroda probouz\u00ed ze zimn\u00edho sp\u00e1nku, se sejd\u011bme v pletac\u00ed d\u00edln\u011b, abychom si uv\u011bdomili neuv\u011b\u0159iteln\u00e9 kouzlo Velikonoc. P\u0159edstavte si, jak z jedn\u00e9 p\u0159\u00edze vznik\u00e1 n\u011bco v\u00fdjime\u010dn\u00e9ho &#8212; velikono\u010dn\u00ed vaj\u00ed\u010dko pln\u00e9 radosti a pohody.<\/p>\t\t\t\t\t\t\t\t<\/div>\n\t\t\t\t<\/div>\n\t\t\t\t<\/div>\n\t\t\t\t\t<\/div>\n\t\t\t\t<\/div>\n\t\t<div class=\"elementor-element elementor-element-c8d541f e-flex e-con-boxed e-con e-parent\" data-id=\"c8d541f\" data-element_type=\"container\">\n\t\t\t\t\t<div class=\"e-con-inner\">\n\t\t\t\t<div class=\"elementor-element elementor-element-b3bab05 elementor-widget elementor-widget-text-editor\" data-id=\"b3bab05\" data-element_type=\"widget\" data-widget_type=\"text-editor.default\">\n\t\t\t\t<div class=\"elementor-widget-container\">\n\t\t\t\t\t\t\t\t\t<p>Dovednost pleten\u00ed amigurumi prom\u011bn\u00ed drobn\u00e9 smy\u010dky v \u00fa\u017easn\u00e9 tvary a velikono\u010dn\u00ed vaj\u00ed\u010dko vytvo\u0159en\u00e9 va\u0161ima rukama se stane skute\u010dn\u00fdm um\u011bleck\u00fdm d\u00edlem. V ka\u017ed\u00e9m vzoru, v ka\u017ed\u00e9 mal\u00e9 smy\u010dce konstrukce se skr\u00fdv\u00e1 kouzlo jarn\u00edho vzk\u0159\u00ed\u0161en\u00ed.\u00a0<\/p><p>Zvu v\u00e1s, abyste se chopili h\u00e1\u010dku a spole\u010dn\u011b se pono\u0159ili do h\u00e1\u010dkovan\u00e9ho sv\u011bta pln\u00e9ho jasn\u00fdch barev a jemn\u00fdch odst\u00edn\u016f. Velikono\u010dn\u00ed vaj\u00ed\u010dko ozdoben\u00e9 va\u0161\u00edm talentem bude zt\u011blesn\u011bn\u00edm jarn\u00ed inspirace a sv\u00e1te\u010dn\u00ed radosti.<\/p><p>Pr\u016fvodcem na t\u00e9to cest\u011b za pleten\u00edm v\u00e1m bude mistrovsk\u00fd kurz, kter\u00fd v\u00e1m nab\u00edz\u00edme. V ka\u017ed\u00e9m kroku, v ka\u017ed\u00e9m detailu vytvo\u0159\u00edme n\u011bco jedine\u010dn\u00e9ho, co se bude hodit k v\u00fdzdob\u011b va\u0161eho domova a srdce v tomto v\u00fdjime\u010dn\u00e9m ro\u010dn\u00edm obdob\u00ed.<\/p><p>Nech\u0165 se ka\u017ed\u00e1 smy\u010dka stane sou\u010d\u00e1st\u00ed kouzla. Dovolte, aby se velikono\u010dn\u00ed vaj\u00ed\u010dko stalo symbolem obnovy a \u017eivota. Vezm\u011bte do ruky nit\u011b, nechte rozkv\u00e9st svou kreativitu a vytvo\u0159te s n\u00e1mi n\u011bco, co v\u00e1m v ka\u017ed\u00e9m okam\u017eiku p\u0159ipomene z\u00e1zraky jarn\u00edch Velikonoc. Zveme v\u00e1s na tuto vzru\u0161uj\u00edc\u00ed cestu pleten\u00ed, na n\u00ed\u017e va\u0161e kreativita d\u00e1 sv\u00e1tk\u016fm nov\u00fd v\u00fdznam.<\/p>\t\t\t\t\t\t\t\t<\/div>\n\t\t\t\t<\/div>\n\t\t\t\t\t<\/div>\n\t\t\t\t<\/div>\n\t\t<div class=\"elementor-element elementor-element-160041f e-flex e-con-boxed e-con e-parent\" data-id=\"160041f\" data-element_type=\"container\">\n\t\t\t\t\t<div class=\"e-con-inner\">\n\t\t\t\t<div class=\"elementor-element elementor-element-c6cb2f9 elementor-widget elementor-widget-image\" data-id=\"c6cb2f9\" data-element_type=\"widget\" data-widget_type=\"image.default\">\n\t\t\t\t<div class=\"elementor-widget-container\">\n\t\t\t\t\t\t\t\t\t\t\t\t\t\t\t<img decoding=\"async\" width=\"841\" height=\"609\" src=\"https:\/\/klubochki-kryuchochkicz.com\/wp-content\/uploads\/2023\/12\/1-14.jpg\" class=\"attachment-large size-large wp-image-1356\" alt=\"Hackovane hacky, hackovane a vysivane obleceni pro deti a dospele, muze a zeny, hackovane doplnky, hackovane sperky, pokojove dekorace, hracky amigurumi. Stranky jsou urceny pro zkusene mistryne i zacatecniky. Mistrovske kurzy jsou placene i zdarma. Uzitecne rady k peci o pletene vyrobky. Jak vybrat spravnou prizi, jak provest kalkulaci vyrobku, jak napsat mistrovskou tridu.\" srcset=\"https:\/\/klubochki-kryuchochkicz.com\/wp-content\/uploads\/2023\/12\/1-14.jpg 841w, https:\/\/klubochki-kryuchochkicz.com\/wp-content\/uploads\/2023\/12\/1-14-300x217.jpg 300w, https:\/\/klubochki-kryuchochkicz.com\/wp-content\/uploads\/2023\/12\/1-14-768x556.jpg 768w\" sizes=\"(max-width: 841px) 100vw, 841px\" \/>\t\t\t\t\t\t\t\t\t\t\t\t\t\t\t<\/div>\n\t\t\t\t<\/div>\n\t\t\t\t\t<\/div>\n\t\t\t\t<\/div>\n\t\t<div class=\"elementor-element elementor-element-088dca8 e-flex e-con-boxed e-con e-parent\" data-id=\"088dca8\" data-element_type=\"container\">\n\t\t\t\t\t<div class=\"e-con-inner\">\n\t\t\t\t<div class=\"elementor-element elementor-element-c11b7f7 elementor-widget elementor-widget-image\" data-id=\"c11b7f7\" data-element_type=\"widget\" data-widget_type=\"image.default\">\n\t\t\t\t<div class=\"elementor-widget-container\">\n\t\t\t\t\t\t\t\t\t\t\t\t\t\t\t<img decoding=\"async\" width=\"839\" height=\"591\" src=\"https:\/\/klubochki-kryuchochkicz.com\/wp-content\/uploads\/2023\/12\/2-12.jpg\" class=\"attachment-large size-large wp-image-1358\" alt=\"Hackovane hacky, hackovane a vysivane obleceni pro deti a dospele, muze a zeny, hackovane doplnky, hackovane sperky, pokojove dekorace, hracky amigurumi. Stranky jsou urceny pro zkusene mistryne i zacatecniky. Mistrovske kurzy jsou placene i zdarma. Uzitecne rady k peci o pletene vyrobky. Jak vybrat spravnou prizi, jak provest kalkulaci vyrobku, jak napsat mistrovskou tridu.\" srcset=\"https:\/\/klubochki-kryuchochkicz.com\/wp-content\/uploads\/2023\/12\/2-12.jpg 839w, https:\/\/klubochki-kryuchochkicz.com\/wp-content\/uploads\/2023\/12\/2-12-300x211.jpg 300w, https:\/\/klubochki-kryuchochkicz.com\/wp-content\/uploads\/2023\/12\/2-12-768x541.jpg 768w\" sizes=\"(max-width: 839px) 100vw, 839px\" \/>\t\t\t\t\t\t\t\t\t\t\t\t\t\t\t<\/div>\n\t\t\t\t<\/div>\n\t\t\t\t\t<\/div>\n\t\t\t\t<\/div>\n\t\t\t\t<\/div>\n\t\t","protected":false},"excerpt":{"rendered":"<p>Velikono\u010dn\u00ed vaj\u00ed\u010dko V tomto z\u00e1\u0159iv\u00e9m jarn\u00edm obdob\u00ed, kdy se p\u0159\u00edroda probouz\u00ed ze zimn\u00edho sp\u00e1nku, se sejd\u011bme v pletac\u00ed d\u00edln\u011b, abychom si uv\u011bdomili neuv\u011b\u0159iteln\u00e9 kouzlo Velikonoc. P\u0159edstavte si, jak z jedn\u00e9 p\u0159\u00edze vznik\u00e1 n\u011bco v\u00fdjime\u010dn\u00e9ho &#8212; velikono\u010dn\u00ed vaj\u00ed\u010dko pln\u00e9 radosti a pohody. Dovednost pleten\u00ed amigurumi prom\u011bn\u00ed drobn\u00e9 smy\u010dky v \u00fa\u017easn\u00e9 tvary a velikono\u010dn\u00ed vaj\u00ed\u010dko vytvo\u0159en\u00e9 va\u0161ima &hellip;<\/p>\n<p class=\"read-more\"> <a class=\"\" href=\"https:\/\/klubochki-kryuchochkicz.com\/index.php\/velikonocni-vajicko\/\"> <span class=\"screen-reader-text\">Velikono\u010dn\u00ed vaj\u00ed\u010dko<\/span> \u0427\u0438\u0442\u0430\u0442\u044c \u0434\u0430\u043b\u0435\u0435 &raquo;<\/a><\/p>\n","protected":false},"author":1,"featured_media":0,"parent":0,"menu_order":0,"comment_status":"closed","ping_status":"closed","template":"","meta":{"site-sidebar-layout":"no-sidebar","site-content-layout":"","ast-site-content-layout":"full-width-container","site-content-style":"default","site-sidebar-style":"default","ast-global-header-display":"","ast-banner-title-visibility":"","ast-main-header-display":"","ast-hfb-above-header-display":"","ast-hfb-below-header-display":"","ast-hfb-mobile-header-display":"","site-post-title":"disabled","ast-breadcrumbs-content":"","ast-featured-img":"disabled","footer-sml-layout":"","theme-transparent-header-meta":"","adv-header-id-meta":"","stick-header-meta":"","header-above-stick-meta":"","header-main-stick-meta":"","header-below-stick-meta":"","astra-migrate-meta-layouts":"default","ast-page-background-enabled":"default","ast-page-background-meta":{"desktop":{"background-color":"var(--ast-global-color-4)","background-image":"","background-repeat":"repeat","background-position":"center center","background-size":"auto","background-attachment":"scroll","background-type":"","background-media":"","overlay-type":"","overlay-color":"","overlay-gradient":""},"tablet":{"background-color":"","background-image":"","background-repeat":"repeat","background-position":"center center","background-size":"auto","background-attachment":"scroll","background-type":"","background-media":"","overlay-type":"","overlay-color":"","overlay-gradient":""},"mobile":{"background-color":"","background-image":"","background-repeat":"repeat","background-position":"center center","background-size":"auto","background-attachment":"scroll","background-type":"","background-media":"","overlay-type":"","overlay-color":"","overlay-gradient":""}},"ast-content-background-meta":{"desktop":{"background-color":"var(--ast-global-color-5)","background-image":"","background-repeat":"repeat","background-position":"center center","background-size":"auto","background-attachment":"scroll","background-type":"","background-media":"","overlay-type":"","overlay-color":"","overlay-gradient":""},"tablet":{"background-color":"var(--ast-global-color-5)","background-image":"","background-repeat":"repeat","background-position":"center center","background-size":"auto","background-attachment":"scroll","background-type":"","background-media":"","overlay-type":"","overlay-color":"","overlay-gradient":""},"mobile":{"background-color":"var(--ast-global-color-5)","background-image":"","background-repeat":"repeat","background-position":"center center","background-size":"auto","background-attachment":"scroll","background-type":"","background-media":"","overlay-type":"","overlay-color":"","overlay-gradient":""}},"footnotes":""},"class_list":["post-1354","page","type-page","status-publish","hentry"],"_links":{"self":[{"href":"https:\/\/klubochki-kryuchochkicz.com\/index.php\/wp-json\/wp\/v2\/pages\/1354","targetHints":{"allow":["GET"]}}],"collection":[{"href":"https:\/\/klubochki-kryuchochkicz.com\/index.php\/wp-json\/wp\/v2\/pages"}],"about":[{"href":"https:\/\/klubochki-kryuchochkicz.com\/index.php\/wp-json\/wp\/v2\/types\/page"}],"author":[{"embeddable":true,"href":"https:\/\/klubochki-kryuchochkicz.com\/index.php\/wp-json\/wp\/v2\/users\/1"}],"replies":[{"embeddable":true,"href":"https:\/\/klubochki-kryuchochkicz.com\/index.php\/wp-json\/wp\/v2\/comments?post=1354"}],"version-history":[{"count":7,"href":"https:\/\/klubochki-kryuchochkicz.com\/index.php\/wp-json\/wp\/v2\/pages\/1354\/revisions"}],"predecessor-version":[{"id":1445,"href":"https:\/\/klubochki-kryuchochkicz.com\/index.php\/wp-json\/wp\/v2\/pages\/1354\/revisions\/1445"}],"wp:attachment":[{"href":"https:\/\/klubochki-kryuchochkicz.com\/index.php\/wp-json\/wp\/v2\/media?parent=1354"}],"curies":[{"name":"wp","href":"https:\/\/api.w.org\/{rel}","templated":true}]}}