{"id":547,"date":"2023-12-23T18:58:13","date_gmt":"2023-12-23T17:58:13","guid":{"rendered":"https:\/\/klubochki-kryuchochkicz.com\/?page_id=547"},"modified":"2023-12-25T11:03:54","modified_gmt":"2023-12-25T10:03:54","slug":"dyne","status":"publish","type":"page","link":"https:\/\/klubochki-kryuchochkicz.com\/index.php\/master-class\/dyne\/","title":{"rendered":"D\u00fdn\u011b"},"content":{"rendered":"\t\t<div data-elementor-type=\"wp-page\" data-elementor-id=\"547\" class=\"elementor elementor-547\">\n\t\t\t\t<div class=\"elementor-element elementor-element-e2e73b1 e-flex e-con-boxed e-con e-parent\" data-id=\"e2e73b1\" data-element_type=\"container\">\n\t\t\t\t\t<div class=\"e-con-inner\">\n\t\t<div class=\"elementor-element elementor-element-8e3afd7 e-con-full e-flex e-con e-child\" data-id=\"8e3afd7\" data-element_type=\"container\">\n\t\t\t\t<div class=\"elementor-element elementor-element-923995c elementor-widget elementor-widget-image\" data-id=\"923995c\" data-element_type=\"widget\" data-widget_type=\"image.default\">\n\t\t\t\t<div class=\"elementor-widget-container\">\n\t\t\t\t\t\t\t\t\t\t\t\t\t\t\t<img fetchpriority=\"high\" decoding=\"async\" width=\"304\" height=\"256\" src=\"https:\/\/klubochki-kryuchochkicz.com\/wp-content\/uploads\/2023\/12\/tykovki.jpg\" class=\"attachment-large size-large wp-image-539\" alt=\"Hackovane hacky, hackovane a vysivane obleceni pro deti a dospele, muze a zeny, hackovane doplnky, hackovane sperky, pokojove dekorace, hracky amigurumi. Stranky jsou urceny pro zkusene mistryne i zacatecniky. Mistrovske kurzy jsou placene i zdarma. Uzitecne rady k peci o pletene vyrobky. Jak vybrat spravnou prizi, jak provest kalkulaci vyrobku, jak napsat mistrovskou tridu.\" srcset=\"https:\/\/klubochki-kryuchochkicz.com\/wp-content\/uploads\/2023\/12\/tykovki.jpg 304w, https:\/\/klubochki-kryuchochkicz.com\/wp-content\/uploads\/2023\/12\/tykovki-300x253.jpg 300w\" sizes=\"(max-width: 304px) 100vw, 304px\" \/>\t\t\t\t\t\t\t\t\t\t\t\t\t\t\t<\/div>\n\t\t\t\t<\/div>\n\t\t\t\t<\/div>\n\t\t<div class=\"elementor-element elementor-element-2de0148 e-con-full e-flex e-con e-child\" data-id=\"2de0148\" data-element_type=\"container\">\n\t\t\t\t<div class=\"elementor-element elementor-element-a91832e elementor-widget elementor-widget-heading\" data-id=\"a91832e\" data-element_type=\"widget\" data-widget_type=\"heading.default\">\n\t\t\t\t<div class=\"elementor-widget-container\">\n\t\t\t\t\t<h2 class=\"elementor-heading-title elementor-size-default\">D\u00fdn\u011b<\/h2>\t\t\t\t<\/div>\n\t\t\t\t<\/div>\n\t\t\t\t<div class=\"elementor-element elementor-element-db1f0f4 elementor-widget elementor-widget-text-editor\" data-id=\"db1f0f4\" data-element_type=\"widget\" data-widget_type=\"text-editor.default\">\n\t\t\t\t<div class=\"elementor-widget-container\">\n\t\t\t\t\t\t\t\t\t<p>V kouzeln\u00e9m sv\u011bt\u011b p\u0159\u00edze, kde je ka\u017ed\u00e1 smy\u010dka jako kouzeln\u00fd vzdech tvo\u0159ivosti, vznik\u00e1 n\u011bco \u00fa\u017easn\u00e9ho &#8212; d\u00fdn\u011b. P\u0159edstavte si ladn\u00e9 prsty, kter\u00e9 z m\u011bkk\u00e9 p\u0159\u00edze vytv\u00e1\u0159ej\u00ed mal\u00e9 obyvatele poh\u00e1dkov\u00fdch pol\u00ed a zahrad.<\/p>\t\t\t\t\t\t\t\t<\/div>\n\t\t\t\t<\/div>\n\t\t\t\t<\/div>\n\t\t\t\t\t<\/div>\n\t\t\t\t<\/div>\n\t\t<div class=\"elementor-element elementor-element-768d9c1 e-flex e-con-boxed e-con e-parent\" data-id=\"768d9c1\" data-element_type=\"container\">\n\t\t\t\t\t<div class=\"e-con-inner\">\n\t\t\t\t<div class=\"elementor-element elementor-element-bb6e3b0 elementor-widget elementor-widget-text-editor\" data-id=\"bb6e3b0\" data-element_type=\"widget\" data-widget_type=\"text-editor.default\">\n\t\t\t\t<div class=\"elementor-widget-container\">\n\t\t\t\t\t\t\t\t\t<p>Zvedn\u011bte h\u00e1\u010dek jako kouzelnou h\u016flku a nechte kouzlo za\u010d\u00edt. D\u00fdn\u011b nejsou jen hra\u010dky, jsou to mal\u00ed str\u00e1\u017eci tepla a \u00fatulnosti. A\u0165 se stanou va\u0161imi v\u011brn\u00fdmi spole\u010dn\u00edky na cest\u011b sv\u011btem pleten\u00ed amigurumi, kde je ka\u017ed\u00e1 smy\u010dka jako t\u00f3n kouzeln\u00e9 melodie.<\/p>\n<p>Ka\u017ed\u00fd mal\u00fd D\u00fd\u0148\u00e1\u010dek je kouskem va\u0161\u00ed fantazie, va\u0161\u00ed inspirace. Dovolte t\u011bmto stvo\u0159en\u00edm vn\u00e9st do va\u0161eho domova n\u00e1dech z\u00e1bavy a klidu. P\u0159idejte do jejich nit\u00ed svou osobnost a oni o\u017eij\u00ed a stanou se jedine\u010dn\u00fdmi postavami va\u0161eho p\u0159\u00edb\u011bhu.<\/p>\n<p>D\u00fdn\u011b jsou nejen hra\u010dkou, ale tak\u00e9 pozv\u00e1nkou ke kreativit\u011b. Pono\u0159te se do sv\u011bta barev a tvar\u016f, vytv\u00e1\u0159ejte si vlastn\u00ed vzory a pro\u017e\u00edvejte vlastn\u00ed p\u0159\u00edb\u011bh v ka\u017ed\u00e9m pohybu. Vezm\u011bte do ruky h\u00e1\u010dek, vytvo\u0159te si vlastn\u00ed D\u00fdn\u011b a poci\u0165te kouzlo vy\u0161\u00edv\u00e1n\u00ed v jejich h\u0159ejiv\u00e9 n\u00e1ru\u010di. A\u0165 se va\u0161e sb\u00edrka D\u00fdn\u00ed stane dom\u00e1c\u00ed dekorac\u00ed, kter\u00e1 v\u00e1m bude p\u0159ipom\u00ednat z\u00e1zrak pleten\u00ed a kouzlo, kter\u00e9 vytv\u00e1\u0159\u00edte vlastn\u00edma rukama.<\/p>\t\t\t\t\t\t\t\t<\/div>\n\t\t\t\t<\/div>\n\t\t\t\t\t<\/div>\n\t\t\t\t<\/div>\n\t\t<div class=\"elementor-element elementor-element-62d728c e-flex e-con-boxed e-con e-parent\" data-id=\"62d728c\" data-element_type=\"container\">\n\t\t\t\t\t<div class=\"e-con-inner\">\n\t\t\t\t<div class=\"elementor-element elementor-element-a801ac6 elementor-widget elementor-widget-image\" data-id=\"a801ac6\" data-element_type=\"widget\" data-widget_type=\"image.default\">\n\t\t\t\t<div class=\"elementor-widget-container\">\n\t\t\t\t\t\t\t\t\t\t\t\t\t\t\t<img decoding=\"async\" width=\"445\" height=\"645\" src=\"https:\/\/klubochki-kryuchochkicz.com\/wp-content\/uploads\/2023\/12\/1-7.jpg\" class=\"attachment-large size-large wp-image-551\" alt=\"Hackovane hacky, hackovane a vysivane obleceni pro deti a dospele, muze a zeny, hackovane doplnky, hackovane sperky, pokojove dekorace, hracky amigurumi. Stranky jsou urceny pro zkusene mistryne i zacatecniky. Mistrovske kurzy jsou placene i zdarma. Uzitecne rady k peci o pletene vyrobky. Jak vybrat spravnou prizi, jak provest kalkulaci vyrobku, jak napsat mistrovskou tridu.\" srcset=\"https:\/\/klubochki-kryuchochkicz.com\/wp-content\/uploads\/2023\/12\/1-7.jpg 445w, https:\/\/klubochki-kryuchochkicz.com\/wp-content\/uploads\/2023\/12\/1-7-207x300.jpg 207w\" sizes=\"(max-width: 445px) 100vw, 445px\" \/>\t\t\t\t\t\t\t\t\t\t\t\t\t\t\t<\/div>\n\t\t\t\t<\/div>\n\t\t\t\t\t<\/div>\n\t\t\t\t<\/div>\n\t\t<div class=\"elementor-element elementor-element-2e45761 e-flex e-con-boxed e-con e-parent\" data-id=\"2e45761\" data-element_type=\"container\">\n\t\t\t\t\t<div class=\"e-con-inner\">\n\t\t\t\t<div class=\"elementor-element elementor-element-cf3cff0 elementor-widget elementor-widget-image\" data-id=\"cf3cff0\" data-element_type=\"widget\" data-widget_type=\"image.default\">\n\t\t\t\t<div class=\"elementor-widget-container\">\n\t\t\t\t\t\t\t\t\t\t\t\t\t\t\t<img decoding=\"async\" width=\"445\" height=\"645\" src=\"https:\/\/klubochki-kryuchochkicz.com\/wp-content\/uploads\/2023\/12\/2-5.jpg\" class=\"attachment-large size-large wp-image-552\" alt=\"Hackovane hacky, hackovane a vysivane obleceni pro deti a dospele, muze a zeny, hackovane doplnky, hackovane sperky, pokojove dekorace, hracky amigurumi. Stranky jsou urceny pro zkusene mistryne i zacatecniky. Mistrovske kurzy jsou placene i zdarma. Uzitecne rady k peci o pletene vyrobky. Jak vybrat spravnou prizi, jak provest kalkulaci vyrobku, jak napsat mistrovskou tridu.\" srcset=\"https:\/\/klubochki-kryuchochkicz.com\/wp-content\/uploads\/2023\/12\/2-5.jpg 445w, https:\/\/klubochki-kryuchochkicz.com\/wp-content\/uploads\/2023\/12\/2-5-207x300.jpg 207w\" sizes=\"(max-width: 445px) 100vw, 445px\" \/>\t\t\t\t\t\t\t\t\t\t\t\t\t\t\t<\/div>\n\t\t\t\t<\/div>\n\t\t\t\t\t<\/div>\n\t\t\t\t<\/div>\n\t\t<div class=\"elementor-element elementor-element-caf3808 e-flex e-con-boxed e-con e-parent\" data-id=\"caf3808\" data-element_type=\"container\">\n\t\t\t\t\t<div class=\"e-con-inner\">\n\t\t\t\t<div class=\"elementor-element elementor-element-b2b5a62 elementor-widget elementor-widget-image\" data-id=\"b2b5a62\" data-element_type=\"widget\" data-widget_type=\"image.default\">\n\t\t\t\t<div class=\"elementor-widget-container\">\n\t\t\t\t\t\t\t\t\t\t\t\t\t\t\t<img loading=\"lazy\" decoding=\"async\" width=\"445\" height=\"645\" src=\"https:\/\/klubochki-kryuchochkicz.com\/wp-content\/uploads\/2023\/12\/3-5.jpg\" class=\"attachment-large size-large wp-image-556\" alt=\"Hackovane hacky, hackovane a vysivane obleceni pro deti a dospele, muze a zeny, hackovane doplnky, hackovane sperky, pokojove dekorace, hracky amigurumi. Stranky jsou urceny pro zkusene mistryne i zacatecniky. Mistrovske kurzy jsou placene i zdarma. Uzitecne rady k peci o pletene vyrobky. Jak vybrat spravnou prizi, jak provest kalkulaci vyrobku, jak napsat mistrovskou tridu.\" srcset=\"https:\/\/klubochki-kryuchochkicz.com\/wp-content\/uploads\/2023\/12\/3-5.jpg 445w, https:\/\/klubochki-kryuchochkicz.com\/wp-content\/uploads\/2023\/12\/3-5-207x300.jpg 207w\" sizes=\"(max-width: 445px) 100vw, 445px\" \/>\t\t\t\t\t\t\t\t\t\t\t\t\t\t\t<\/div>\n\t\t\t\t<\/div>\n\t\t\t\t\t<\/div>\n\t\t\t\t<\/div>\n\t\t<div class=\"elementor-element elementor-element-bc4ee88 e-flex e-con-boxed e-con e-parent\" data-id=\"bc4ee88\" data-element_type=\"container\">\n\t\t\t\t\t<div class=\"e-con-inner\">\n\t\t\t\t<div class=\"elementor-element elementor-element-868d07d elementor-widget elementor-widget-image\" data-id=\"868d07d\" data-element_type=\"widget\" data-widget_type=\"image.default\">\n\t\t\t\t<div class=\"elementor-widget-container\">\n\t\t\t\t\t\t\t\t\t\t\t\t\t\t\t<img loading=\"lazy\" decoding=\"async\" width=\"445\" height=\"645\" src=\"https:\/\/klubochki-kryuchochkicz.com\/wp-content\/uploads\/2023\/12\/4-5.jpg\" class=\"attachment-large size-large wp-image-560\" alt=\"Hackovane hacky, hackovane a vysivane obleceni pro deti a dospele, muze a zeny, hackovane doplnky, hackovane sperky, pokojove dekorace, hracky amigurumi. Stranky jsou urceny pro zkusene mistryne i zacatecniky. Mistrovske kurzy jsou placene i zdarma. Uzitecne rady k peci o pletene vyrobky. Jak vybrat spravnou prizi, jak provest kalkulaci vyrobku, jak napsat mistrovskou tridu\" srcset=\"https:\/\/klubochki-kryuchochkicz.com\/wp-content\/uploads\/2023\/12\/4-5.jpg 445w, https:\/\/klubochki-kryuchochkicz.com\/wp-content\/uploads\/2023\/12\/4-5-207x300.jpg 207w\" sizes=\"(max-width: 445px) 100vw, 445px\" \/>\t\t\t\t\t\t\t\t\t\t\t\t\t\t\t<\/div>\n\t\t\t\t<\/div>\n\t\t\t\t\t<\/div>\n\t\t\t\t<\/div>\n\t\t<div class=\"elementor-element elementor-element-e3358f5 e-flex e-con-boxed e-con e-parent\" data-id=\"e3358f5\" data-element_type=\"container\">\n\t\t\t\t\t<div class=\"e-con-inner\">\n\t\t\t\t<div class=\"elementor-element elementor-element-71e94ea elementor-widget elementor-widget-image\" data-id=\"71e94ea\" data-element_type=\"widget\" data-widget_type=\"image.default\">\n\t\t\t\t<div class=\"elementor-widget-container\">\n\t\t\t\t\t\t\t\t\t\t\t\t\t\t\t<img loading=\"lazy\" decoding=\"async\" width=\"445\" height=\"645\" src=\"https:\/\/klubochki-kryuchochkicz.com\/wp-content\/uploads\/2023\/12\/5-5.jpg\" class=\"attachment-large size-large wp-image-561\" alt=\"Hackovane hacky, hackovane a vysivane obleceni pro deti a dospele, muze a zeny, hackovane doplnky, hackovane sperky, pokojove dekorace, hracky amigurumi. Stranky jsou urceny pro zkusene mistryne i zacatecniky. Mistrovske kurzy jsou placene i zdarma. Uzitecne rady k peci o pletene vyrobky. Jak vybrat spravnou prizi, jak provest kalkulaci vyrobku, jak napsat mistrovskou tridu.\" srcset=\"https:\/\/klubochki-kryuchochkicz.com\/wp-content\/uploads\/2023\/12\/5-5.jpg 445w, https:\/\/klubochki-kryuchochkicz.com\/wp-content\/uploads\/2023\/12\/5-5-207x300.jpg 207w\" sizes=\"(max-width: 445px) 100vw, 445px\" \/>\t\t\t\t\t\t\t\t\t\t\t\t\t\t\t<\/div>\n\t\t\t\t<\/div>\n\t\t\t\t\t<\/div>\n\t\t\t\t<\/div>\n\t\t<div class=\"elementor-element elementor-element-315ea92 e-flex e-con-boxed e-con e-parent\" data-id=\"315ea92\" data-element_type=\"container\">\n\t\t\t\t\t<div class=\"e-con-inner\">\n\t\t\t\t<div class=\"elementor-element elementor-element-e41e765 elementor-widget elementor-widget-image\" data-id=\"e41e765\" data-element_type=\"widget\" data-widget_type=\"image.default\">\n\t\t\t\t<div class=\"elementor-widget-container\">\n\t\t\t\t\t\t\t\t\t\t\t\t\t\t\t<img loading=\"lazy\" decoding=\"async\" width=\"445\" height=\"645\" src=\"https:\/\/klubochki-kryuchochkicz.com\/wp-content\/uploads\/2023\/12\/6-5.jpg\" class=\"attachment-large size-large wp-image-565\" alt=\"Hackovane hacky, hackovane a vysivane obleceni pro deti a dospele, muze a zeny, hackovane doplnky, hackovane sperky, pokojove dekorace, hracky amigurumi. Stranky jsou urceny pro zkusene mistryne i zacatecniky. Mistrovske kurzy jsou placene i zdarma. Uzitecne rady k peci o pletene vyrobky. Jak vybrat spravnou prizi, jak provest kalkulaci vyrobku, jak napsat mistrovskou tridu.\" srcset=\"https:\/\/klubochki-kryuchochkicz.com\/wp-content\/uploads\/2023\/12\/6-5.jpg 445w, https:\/\/klubochki-kryuchochkicz.com\/wp-content\/uploads\/2023\/12\/6-5-207x300.jpg 207w\" sizes=\"(max-width: 445px) 100vw, 445px\" \/>\t\t\t\t\t\t\t\t\t\t\t\t\t\t\t<\/div>\n\t\t\t\t<\/div>\n\t\t\t\t\t<\/div>\n\t\t\t\t<\/div>\n\t\t<div class=\"elementor-element elementor-element-66e18f6 e-flex e-con-boxed e-con e-parent\" data-id=\"66e18f6\" data-element_type=\"container\">\n\t\t\t\t\t<div class=\"e-con-inner\">\n\t\t\t\t<div class=\"elementor-element elementor-element-c02118f elementor-widget elementor-widget-image\" data-id=\"c02118f\" data-element_type=\"widget\" data-widget_type=\"image.default\">\n\t\t\t\t<div class=\"elementor-widget-container\">\n\t\t\t\t\t\t\t\t\t\t\t\t\t\t\t<img loading=\"lazy\" decoding=\"async\" width=\"445\" height=\"645\" src=\"https:\/\/klubochki-kryuchochkicz.com\/wp-content\/uploads\/2023\/12\/7-3.jpg\" class=\"attachment-large size-large wp-image-569\" alt=\"Hackovane hacky, hackovane a vysivane obleceni pro deti a dospele, muze a zeny, hackovane doplnky, hackovane sperky, pokojove dekorace, hracky amigurumi. Stranky jsou urceny pro zkusene mistryne i zacatecniky. Mistrovske kurzy jsou placene i zdarma. Uzitecne rady k peci o pletene vyrobky. Jak vybrat spravnou prizi, jak provest kalkulaci vyrobku, jak napsat mistrovskou tridu\" srcset=\"https:\/\/klubochki-kryuchochkicz.com\/wp-content\/uploads\/2023\/12\/7-3.jpg 445w, https:\/\/klubochki-kryuchochkicz.com\/wp-content\/uploads\/2023\/12\/7-3-207x300.jpg 207w\" sizes=\"(max-width: 445px) 100vw, 445px\" \/>\t\t\t\t\t\t\t\t\t\t\t\t\t\t\t<\/div>\n\t\t\t\t<\/div>\n\t\t\t\t\t<\/div>\n\t\t\t\t<\/div>\n\t\t<div class=\"elementor-element elementor-element-3a8fb56 e-flex e-con-boxed e-con e-parent\" data-id=\"3a8fb56\" data-element_type=\"container\">\n\t\t\t\t\t<div class=\"e-con-inner\">\n\t\t\t\t<div class=\"elementor-element elementor-element-9ab5e97 elementor-widget elementor-widget-image\" data-id=\"9ab5e97\" data-element_type=\"widget\" data-widget_type=\"image.default\">\n\t\t\t\t<div class=\"elementor-widget-container\">\n\t\t\t\t\t\t\t\t\t\t\t\t\t\t\t<img loading=\"lazy\" decoding=\"async\" width=\"445\" height=\"645\" src=\"https:\/\/klubochki-kryuchochkicz.com\/wp-content\/uploads\/2023\/12\/8-3.jpg\" class=\"attachment-large size-large wp-image-573\" alt=\"Hackovane hacky, hackovane a vysivane obleceni pro deti a dospele, muze a zeny, hackovane doplnky, hackovane sperky, pokojove dekorace, hracky amigurumi. Stranky jsou urceny pro zkusene mistryne i zacatecniky. Mistrovske kurzy jsou placene i zdarma. Uzitecne rady k peci o pletene vyrobky. Jak vybrat spravnou prizi, jak provest kalkulaci vyrobku, jak napsat mistrovskou tridu\" srcset=\"https:\/\/klubochki-kryuchochkicz.com\/wp-content\/uploads\/2023\/12\/8-3.jpg 445w, https:\/\/klubochki-kryuchochkicz.com\/wp-content\/uploads\/2023\/12\/8-3-207x300.jpg 207w\" sizes=\"(max-width: 445px) 100vw, 445px\" \/>\t\t\t\t\t\t\t\t\t\t\t\t\t\t\t<\/div>\n\t\t\t\t<\/div>\n\t\t\t\t\t<\/div>\n\t\t\t\t<\/div>\n\t\t\t\t<\/div>\n\t\t","protected":false},"excerpt":{"rendered":"<p>D\u00fdn\u011b V kouzeln\u00e9m sv\u011bt\u011b p\u0159\u00edze, kde je ka\u017ed\u00e1 smy\u010dka jako kouzeln\u00fd vzdech tvo\u0159ivosti, vznik\u00e1 n\u011bco \u00fa\u017easn\u00e9ho &#8212; d\u00fdn\u011b. P\u0159edstavte si ladn\u00e9 prsty, kter\u00e9 z m\u011bkk\u00e9 p\u0159\u00edze vytv\u00e1\u0159ej\u00ed mal\u00e9 obyvatele poh\u00e1dkov\u00fdch pol\u00ed a zahrad. Zvedn\u011bte h\u00e1\u010dek jako kouzelnou h\u016flku a nechte kouzlo za\u010d\u00edt. D\u00fdn\u011b nejsou jen hra\u010dky, jsou to mal\u00ed str\u00e1\u017eci tepla a \u00fatulnosti. A\u0165 se &hellip;<\/p>\n<p class=\"read-more\"> <a class=\"\" href=\"https:\/\/klubochki-kryuchochkicz.com\/index.php\/master-class\/dyne\/\"> <span class=\"screen-reader-text\">D\u00fdn\u011b<\/span> \u0427\u0438\u0442\u0430\u0442\u044c \u0434\u0430\u043b\u0435\u0435 &raquo;<\/a><\/p>\n","protected":false},"author":1,"featured_media":0,"parent":90,"menu_order":6,"comment_status":"closed","ping_status":"closed","template":"","meta":{"site-sidebar-layout":"no-sidebar","site-content-layout":"","ast-site-content-layout":"full-width-container","site-content-style":"default","site-sidebar-style":"default","ast-global-header-display":"","ast-banner-title-visibility":"","ast-main-header-display":"","ast-hfb-above-header-display":"","ast-hfb-below-header-display":"","ast-hfb-mobile-header-display":"","site-post-title":"disabled","ast-breadcrumbs-content":"","ast-featured-img":"disabled","footer-sml-layout":"","theme-transparent-header-meta":"","adv-header-id-meta":"","stick-header-meta":"","header-above-stick-meta":"","header-main-stick-meta":"","header-below-stick-meta":"","astra-migrate-meta-layouts":"default","ast-page-background-enabled":"default","ast-page-background-meta":{"desktop":{"background-color":"var(--ast-global-color-4)","background-image":"","background-repeat":"repeat","background-position":"center center","background-size":"auto","background-attachment":"scroll","background-type":"","background-media":"","overlay-type":"","overlay-color":"","overlay-gradient":""},"tablet":{"background-color":"","background-image":"","background-repeat":"repeat","background-position":"center center","background-size":"auto","background-attachment":"scroll","background-type":"","background-media":"","overlay-type":"","overlay-color":"","overlay-gradient":""},"mobile":{"background-color":"","background-image":"","background-repeat":"repeat","background-position":"center center","background-size":"auto","background-attachment":"scroll","background-type":"","background-media":"","overlay-type":"","overlay-color":"","overlay-gradient":""}},"ast-content-background-meta":{"desktop":{"background-color":"var(--ast-global-color-5)","background-image":"","background-repeat":"repeat","background-position":"center center","background-size":"auto","background-attachment":"scroll","background-type":"","background-media":"","overlay-type":"","overlay-color":"","overlay-gradient":""},"tablet":{"background-color":"var(--ast-global-color-5)","background-image":"","background-repeat":"repeat","background-position":"center center","background-size":"auto","background-attachment":"scroll","background-type":"","background-media":"","overlay-type":"","overlay-color":"","overlay-gradient":""},"mobile":{"background-color":"var(--ast-global-color-5)","background-image":"","background-repeat":"repeat","background-position":"center center","background-size":"auto","background-attachment":"scroll","background-type":"","background-media":"","overlay-type":"","overlay-color":"","overlay-gradient":""}},"footnotes":""},"class_list":["post-547","page","type-page","status-publish","hentry"],"_links":{"self":[{"href":"https:\/\/klubochki-kryuchochkicz.com\/index.php\/wp-json\/wp\/v2\/pages\/547","targetHints":{"allow":["GET"]}}],"collection":[{"href":"https:\/\/klubochki-kryuchochkicz.com\/index.php\/wp-json\/wp\/v2\/pages"}],"about":[{"href":"https:\/\/klubochki-kryuchochkicz.com\/index.php\/wp-json\/wp\/v2\/types\/page"}],"author":[{"embeddable":true,"href":"https:\/\/klubochki-kryuchochkicz.com\/index.php\/wp-json\/wp\/v2\/users\/1"}],"replies":[{"embeddable":true,"href":"https:\/\/klubochki-kryuchochkicz.com\/index.php\/wp-json\/wp\/v2\/comments?post=547"}],"version-history":[{"count":22,"href":"https:\/\/klubochki-kryuchochkicz.com\/index.php\/wp-json\/wp\/v2\/pages\/547\/revisions"}],"predecessor-version":[{"id":1192,"href":"https:\/\/klubochki-kryuchochkicz.com\/index.php\/wp-json\/wp\/v2\/pages\/547\/revisions\/1192"}],"up":[{"embeddable":true,"href":"https:\/\/klubochki-kryuchochkicz.com\/index.php\/wp-json\/wp\/v2\/pages\/90"}],"wp:attachment":[{"href":"https:\/\/klubochki-kryuchochkicz.com\/index.php\/wp-json\/wp\/v2\/media?parent=547"}],"curies":[{"name":"wp","href":"https:\/\/api.w.org\/{rel}","templated":true}]}}