{"id":833,"date":"2023-12-24T13:16:52","date_gmt":"2023-12-24T12:16:52","guid":{"rendered":"https:\/\/klubochki-kryuchochkicz.com\/?page_id=833"},"modified":"2023-12-25T11:09:38","modified_gmt":"2023-12-25T10:09:38","slug":"duch","status":"publish","type":"page","link":"https:\/\/klubochki-kryuchochkicz.com\/index.php\/master-class\/duch\/","title":{"rendered":"Duch"},"content":{"rendered":"\t\t<div data-elementor-type=\"wp-page\" data-elementor-id=\"833\" class=\"elementor elementor-833\">\n\t\t\t\t<div class=\"elementor-element elementor-element-624e5c1 e-flex e-con-boxed e-con e-parent\" data-id=\"624e5c1\" data-element_type=\"container\">\n\t\t\t\t\t<div class=\"e-con-inner\">\n\t\t<div class=\"elementor-element elementor-element-802baf1 e-con-full e-flex e-con e-child\" data-id=\"802baf1\" data-element_type=\"container\">\n\t\t\t\t<div class=\"elementor-element elementor-element-85a9296 elementor-widget elementor-widget-image\" data-id=\"85a9296\" data-element_type=\"widget\" data-widget_type=\"image.default\">\n\t\t\t\t<div class=\"elementor-widget-container\">\n\t\t\t\t\t\t\t\t\t\t\t\t\t\t\t<img fetchpriority=\"high\" decoding=\"async\" width=\"304\" height=\"256\" src=\"https:\/\/klubochki-kryuchochkicz.com\/wp-content\/uploads\/2023\/12\/privedenie.jpg\" class=\"attachment-large size-large wp-image-825\" alt=\"Hackovane hacky, hackovane a vysivane obleceni pro deti a dospele, muze a zeny, hackovane doplnky, hackovane sperky, pokojove dekorace, hracky amigurumi. Stranky jsou urceny pro zkusene mistryne i zacatecniky. Mistrovske kurzy jsou placene i zdarma. Uzitecne rady k peci o pletene vyrobky. Jak vybrat spravnou prizi, jak provest kalkulaci vyrobku, jak napsat mistrovskou tridu\" srcset=\"https:\/\/klubochki-kryuchochkicz.com\/wp-content\/uploads\/2023\/12\/privedenie.jpg 304w, https:\/\/klubochki-kryuchochkicz.com\/wp-content\/uploads\/2023\/12\/privedenie-300x253.jpg 300w\" sizes=\"(max-width: 304px) 100vw, 304px\" \/>\t\t\t\t\t\t\t\t\t\t\t\t\t\t\t<\/div>\n\t\t\t\t<\/div>\n\t\t\t\t<\/div>\n\t\t<div class=\"elementor-element elementor-element-2a37c99 e-con-full e-flex e-con e-child\" data-id=\"2a37c99\" data-element_type=\"container\">\n\t\t<div class=\"elementor-element elementor-element-83d0585 e-flex e-con-boxed e-con e-child\" data-id=\"83d0585\" data-element_type=\"container\">\n\t\t\t\t\t<div class=\"e-con-inner\">\n\t\t\t\t<div class=\"elementor-element elementor-element-3407a8d elementor-widget elementor-widget-heading\" data-id=\"3407a8d\" data-element_type=\"widget\" data-widget_type=\"heading.default\">\n\t\t\t\t<div class=\"elementor-widget-container\">\n\t\t\t\t\t<h2 class=\"elementor-heading-title elementor-size-default\">Duch<\/h2>\t\t\t\t<\/div>\n\t\t\t\t<\/div>\n\t\t\t\t\t<\/div>\n\t\t\t\t<\/div>\n\t\t<div class=\"elementor-element elementor-element-8c82aa4 e-flex e-con-boxed e-con e-child\" data-id=\"8c82aa4\" data-element_type=\"container\">\n\t\t\t\t\t<div class=\"e-con-inner\">\n\t\t\t\t<div class=\"elementor-element elementor-element-cb2ecdf elementor-widget elementor-widget-text-editor\" data-id=\"cb2ecdf\" data-element_type=\"widget\" data-widget_type=\"text-editor.default\">\n\t\t\t\t<div class=\"elementor-widget-container\">\n\t\t\t\t\t\t\t\t\t<p>Ve sv\u011bt\u011b, kde je ka\u017ed\u00e1 smy\u010dka h\u00e1\u010dku jako kouzelnou formou a nit\u011b jsou nitkami osudu, se spole\u010dn\u011b vydejme na \u00fa\u017easnou cestu do vesm\u00edru h\u00e1\u010dkov\u00e1n\u00ed amigurumi. Zde, mezi hra\u010dkov\u00fdmi tvory, zraje tajemstv\u00ed a st\u0159edn\u011b velk\u00fd Duch je na\u0161\u00edm str\u00e1\u017ecem br\u00e1ny do tohoto sv\u011bta z\u00e1zrak\u016f.<\/p><p>Duch je tvor pln\u00fd neoby\u010dejn\u00e9 atmosf\u00e9ry a tajemstv\u00ed. Pod pe\u010dliv\u00fdm veden\u00edm va\u0161eho h\u00e1\u010dku se stane nejen hra\u010dkou, ale i zt\u011blesn\u011bn\u00edm mystiky\u00a0<span style=\"color: var( --e-global-color-secondary ); text-align: var(--text-align); background-color: var(--ast-global-color-5);\">a \u00fatulnosti.<\/span><span style=\"color: var( --e-global-color-secondary ); text-align: var(--text-align); background-color: var(--ast-global-color-5);\">\u00a0<\/span><\/p>\t\t\t\t\t\t\t\t<\/div>\n\t\t\t\t<\/div>\n\t\t\t\t\t<\/div>\n\t\t\t\t<\/div>\n\t\t\t\t<\/div>\n\t\t\t\t\t<\/div>\n\t\t\t\t<\/div>\n\t\t<div class=\"elementor-element elementor-element-cb74703 e-flex e-con-boxed e-con e-parent\" data-id=\"cb74703\" data-element_type=\"container\">\n\t\t\t\t\t<div class=\"e-con-inner\">\n\t\t\t\t<div class=\"elementor-element elementor-element-5eb55ff elementor-widget elementor-widget-text-editor\" data-id=\"5eb55ff\" data-element_type=\"widget\" data-widget_type=\"text-editor.default\">\n\t\t\t\t<div class=\"elementor-widget-container\">\n\t\t\t\t\t\t\t\t\t<p>Tento proces nen\u00ed pouhou kreativitou, je pozv\u00e1nkou do sv\u011bta poh\u00e1dek, kde ka\u017ed\u00fd vzor je slovem a ka\u017ed\u00e1 smy\u010dka je kouskem kouzla.<\/p>\n<p>Tento st\u0159edn\u011b velk\u00fd mistrovsk\u00fd kurz je va\u0161\u00edm pr\u016fvodcem do reality amigurumi a Duch je va\u0161\u00edm spole\u010dn\u00edkem v tomto pletac\u00edm dobrodru\u017estv\u00ed. V ka\u017ed\u00e9 smy\u010dce se skr\u00fdv\u00e1 kousek va\u0161ich n\u00e1pad\u016f a tepla. Je to pozv\u00e1nka, abyste se p\u0159ipojili ke kouzlu pleten\u00ed a nechali ve sv\u00fdch rukou rozkv\u00e9st kouzlo tvo\u0159ivosti.<\/p>\n<p>Dovolte Duchovi, aby se stal va\u0161\u00edm pr\u016fvodcem ve sv\u011bt\u011b pleten\u00ed, kde se \u010das t\u00e1hne za smy\u010dkou a p\u0159\u00edze se st\u00e1v\u00e1 mostem mezi realitou a fantazi\u00ed. Nen\u00ed to jen hra\u010dka, je to v\u00e1\u0161 talisman, str\u00e1\u017ece dom\u00e1c\u00ed pohody, kter\u00fd vyz\u00fdv\u00e1 ke kreativit\u011b, spl\u00e9t\u00e1 tajemn\u00e9 vzory a inspiruje k nov\u00fdm n\u00e1pad\u016fm.<\/p>\n<p>Vezm\u011bte do rukou h\u00e1\u010dek, pono\u0159te se do atmosf\u00e9ry h\u00e1\u010dkovac\u00ed magie a poj\u010fme spole\u010dn\u011b vytvo\u0159it rukavici a naplnit ji sv\u00fdmi sny a kreativitou. Dovolte, aby se pleten\u00ed stalo va\u0161\u00edm tajn\u00fdm kl\u00ed\u010dem k br\u00e1n\u011b magie a otev\u0159elo v\u00e1m dve\u0159e do sv\u011bta z\u00e1zrak\u016f a neprob\u00e1dan\u00fdch mo\u017enost\u00ed. Zveme v\u00e1s na toto pletac\u00ed dobrodru\u017estv\u00ed, kde je ka\u017ed\u00e1 smy\u010dka krokem k nov\u00e9 magii.<\/p>\t\t\t\t\t\t\t\t<\/div>\n\t\t\t\t<\/div>\n\t\t\t\t\t<\/div>\n\t\t\t\t<\/div>\n\t\t<div class=\"elementor-element elementor-element-bc0e5c4 e-flex e-con-boxed e-con e-parent\" data-id=\"bc0e5c4\" data-element_type=\"container\">\n\t\t\t\t\t<div class=\"e-con-inner\">\n\t\t\t\t<div class=\"elementor-element elementor-element-3a97c42 elementor-widget elementor-widget-image\" data-id=\"3a97c42\" data-element_type=\"widget\" data-widget_type=\"image.default\">\n\t\t\t\t<div class=\"elementor-widget-container\">\n\t\t\t\t\t\t\t\t\t\t\t\t\t\t\t<img decoding=\"async\" width=\"540\" height=\"750\" src=\"https:\/\/klubochki-kryuchochkicz.com\/wp-content\/uploads\/2023\/12\/1-10.jpg\" class=\"attachment-large size-large wp-image-839\" alt=\"Hackovane hacky, hackovane a vysivane obleceni pro deti a dospele, muze a zeny, hackovane doplnky, hackovane sperky, pokojove dekorace, hracky amigurumi. Stranky jsou urceny pro zkusene mistryne i zacatecniky. Mistrovske kurzy jsou placene i zdarma. Uzitecne rady k peci o pletene vyrobky. Jak vybrat spravnou prizi, jak provest kalkulaci vyrobku, jak napsat mistrovskou tridu.\" srcset=\"https:\/\/klubochki-kryuchochkicz.com\/wp-content\/uploads\/2023\/12\/1-10.jpg 540w, https:\/\/klubochki-kryuchochkicz.com\/wp-content\/uploads\/2023\/12\/1-10-216x300.jpg 216w\" sizes=\"(max-width: 540px) 100vw, 540px\" \/>\t\t\t\t\t\t\t\t\t\t\t\t\t\t\t<\/div>\n\t\t\t\t<\/div>\n\t\t\t\t\t<\/div>\n\t\t\t\t<\/div>\n\t\t<div class=\"elementor-element elementor-element-ff45ec8 e-flex e-con-boxed e-con e-parent\" data-id=\"ff45ec8\" data-element_type=\"container\">\n\t\t\t\t\t<div class=\"e-con-inner\">\n\t\t\t\t<div class=\"elementor-element elementor-element-2807024 elementor-widget elementor-widget-image\" data-id=\"2807024\" data-element_type=\"widget\" data-widget_type=\"image.default\">\n\t\t\t\t<div class=\"elementor-widget-container\">\n\t\t\t\t\t\t\t\t\t\t\t\t\t\t\t<img decoding=\"async\" width=\"540\" height=\"750\" src=\"https:\/\/klubochki-kryuchochkicz.com\/wp-content\/uploads\/2023\/12\/2-8.jpg\" class=\"attachment-large size-large wp-image-848\" alt=\"\" srcset=\"https:\/\/klubochki-kryuchochkicz.com\/wp-content\/uploads\/2023\/12\/2-8.jpg 540w, https:\/\/klubochki-kryuchochkicz.com\/wp-content\/uploads\/2023\/12\/2-8-216x300.jpg 216w\" sizes=\"(max-width: 540px) 100vw, 540px\" \/>\t\t\t\t\t\t\t\t\t\t\t\t\t\t\t<\/div>\n\t\t\t\t<\/div>\n\t\t\t\t\t<\/div>\n\t\t\t\t<\/div>\n\t\t<div class=\"elementor-element elementor-element-c072658 e-flex e-con-boxed e-con e-parent\" data-id=\"c072658\" data-element_type=\"container\">\n\t\t\t\t\t<div class=\"e-con-inner\">\n\t\t\t\t<div class=\"elementor-element elementor-element-4011600 elementor-widget elementor-widget-image\" data-id=\"4011600\" data-element_type=\"widget\" data-widget_type=\"image.default\">\n\t\t\t\t<div class=\"elementor-widget-container\">\n\t\t\t\t\t\t\t\t\t\t\t\t\t\t\t<img loading=\"lazy\" decoding=\"async\" width=\"540\" height=\"750\" src=\"https:\/\/klubochki-kryuchochkicz.com\/wp-content\/uploads\/2023\/12\/3-8.jpg\" class=\"attachment-large size-large wp-image-852\" alt=\"Hackovane hacky, hackovane a vysivane obleceni pro deti a dospele, muze a zeny, hackovane doplnky, hackovane sperky, pokojove dekorace, hracky amigurumi. Stranky jsou urceny pro zkusene mistryne i zacatecniky. Mistrovske kurzy jsou placene i zdarma. Uzitecne rady k peci o pletene vyrobky. Jak vybrat spravnou prizi, jak provest kalkulaci vyrobku, jak napsat mistrovskou tridu.\" srcset=\"https:\/\/klubochki-kryuchochkicz.com\/wp-content\/uploads\/2023\/12\/3-8.jpg 540w, https:\/\/klubochki-kryuchochkicz.com\/wp-content\/uploads\/2023\/12\/3-8-216x300.jpg 216w\" sizes=\"(max-width: 540px) 100vw, 540px\" \/>\t\t\t\t\t\t\t\t\t\t\t\t\t\t\t<\/div>\n\t\t\t\t<\/div>\n\t\t\t\t\t<\/div>\n\t\t\t\t<\/div>\n\t\t<div class=\"elementor-element elementor-element-c7ee01d e-flex e-con-boxed e-con e-parent\" data-id=\"c7ee01d\" data-element_type=\"container\">\n\t\t\t\t\t<div class=\"e-con-inner\">\n\t\t\t\t<div class=\"elementor-element elementor-element-f3c35f1 elementor-widget elementor-widget-image\" data-id=\"f3c35f1\" data-element_type=\"widget\" data-widget_type=\"image.default\">\n\t\t\t\t<div class=\"elementor-widget-container\">\n\t\t\t\t\t\t\t\t\t\t\t\t\t\t\t<img loading=\"lazy\" decoding=\"async\" width=\"540\" height=\"750\" src=\"https:\/\/klubochki-kryuchochkicz.com\/wp-content\/uploads\/2023\/12\/4-8.jpg\" class=\"attachment-large size-large wp-image-856\" alt=\"Hackovane hacky, hackovane a vysivane obleceni pro deti a dospele, muze a zeny, hackovane doplnky, hackovane sperky, pokojove dekorace, hracky amigurumi. Stranky jsou urceny pro zkusene mistryne i zacatecniky. Mistrovske kurzy jsou placene i zdarma. Uzitecne rady k peci o pletene vyrobky. Jak vybrat spravnou prizi, jak provest kalkulaci vyrobku, jak napsat mistrovskou tridu.\" srcset=\"https:\/\/klubochki-kryuchochkicz.com\/wp-content\/uploads\/2023\/12\/4-8.jpg 540w, https:\/\/klubochki-kryuchochkicz.com\/wp-content\/uploads\/2023\/12\/4-8-216x300.jpg 216w\" sizes=\"(max-width: 540px) 100vw, 540px\" \/>\t\t\t\t\t\t\t\t\t\t\t\t\t\t\t<\/div>\n\t\t\t\t<\/div>\n\t\t\t\t\t<\/div>\n\t\t\t\t<\/div>\n\t\t<div class=\"elementor-element elementor-element-23936a3 e-flex e-con-boxed e-con e-parent\" data-id=\"23936a3\" data-element_type=\"container\">\n\t\t\t\t\t<div class=\"e-con-inner\">\n\t\t\t\t<div class=\"elementor-element elementor-element-14233da elementor-widget elementor-widget-image\" data-id=\"14233da\" data-element_type=\"widget\" data-widget_type=\"image.default\">\n\t\t\t\t<div class=\"elementor-widget-container\">\n\t\t\t\t\t\t\t\t\t\t\t\t\t\t\t<img loading=\"lazy\" decoding=\"async\" width=\"540\" height=\"750\" src=\"https:\/\/klubochki-kryuchochkicz.com\/wp-content\/uploads\/2023\/12\/5-8.jpg\" class=\"attachment-large size-large wp-image-860\" alt=\"Hackovane hacky, hackovane a vysivane obleceni pro deti a dospele, muze a zeny, hackovane doplnky, hackovane sperky, pokojove dekorace, hracky amigurumi. Stranky jsou urceny pro zkusene mistryne i zacatecniky. Mistrovske kurzy jsou placene i zdarma. Uzitecne rady k peci o pletene vyrobky. Jak vybrat spravnou prizi, jak provest kalkulaci vyrobku, jak napsat mistrovskou tridu.\" srcset=\"https:\/\/klubochki-kryuchochkicz.com\/wp-content\/uploads\/2023\/12\/5-8.jpg 540w, https:\/\/klubochki-kryuchochkicz.com\/wp-content\/uploads\/2023\/12\/5-8-216x300.jpg 216w\" sizes=\"(max-width: 540px) 100vw, 540px\" \/>\t\t\t\t\t\t\t\t\t\t\t\t\t\t\t<\/div>\n\t\t\t\t<\/div>\n\t\t\t\t\t<\/div>\n\t\t\t\t<\/div>\n\t\t<div class=\"elementor-element elementor-element-92cce50 e-flex e-con-boxed e-con e-parent\" data-id=\"92cce50\" data-element_type=\"container\">\n\t\t\t\t\t<div class=\"e-con-inner\">\n\t\t\t\t<div class=\"elementor-element elementor-element-8439591 elementor-widget elementor-widget-image\" data-id=\"8439591\" data-element_type=\"widget\" data-widget_type=\"image.default\">\n\t\t\t\t<div class=\"elementor-widget-container\">\n\t\t\t\t\t\t\t\t\t\t\t\t\t\t\t<img loading=\"lazy\" decoding=\"async\" width=\"540\" height=\"750\" src=\"https:\/\/klubochki-kryuchochkicz.com\/wp-content\/uploads\/2023\/12\/6-8.jpg\" class=\"attachment-large size-large wp-image-864\" alt=\"Hackovane hacky, hackovane a vysivane obleceni pro deti a dospele, muze a zeny, hackovane doplnky, hackovane sperky, pokojove dekorace, hracky amigurumi. Stranky jsou urceny pro zkusene mistryne i zacatecniky. Mistrovske kurzy jsou placene i zdarma. Uzitecne rady k peci o pletene vyrobky. Jak vybrat spravnou prizi, jak provest kalkulaci vyrobku, jak napsat mistrovskou tridu.\" srcset=\"https:\/\/klubochki-kryuchochkicz.com\/wp-content\/uploads\/2023\/12\/6-8.jpg 540w, https:\/\/klubochki-kryuchochkicz.com\/wp-content\/uploads\/2023\/12\/6-8-216x300.jpg 216w\" sizes=\"(max-width: 540px) 100vw, 540px\" \/>\t\t\t\t\t\t\t\t\t\t\t\t\t\t\t<\/div>\n\t\t\t\t<\/div>\n\t\t\t\t\t<\/div>\n\t\t\t\t<\/div>\n\t\t<div class=\"elementor-element elementor-element-608ddd4 e-flex e-con-boxed e-con e-parent\" data-id=\"608ddd4\" data-element_type=\"container\">\n\t\t\t\t\t<div class=\"e-con-inner\">\n\t\t\t\t<div class=\"elementor-element elementor-element-39e882d elementor-widget elementor-widget-image\" data-id=\"39e882d\" data-element_type=\"widget\" data-widget_type=\"image.default\">\n\t\t\t\t<div class=\"elementor-widget-container\">\n\t\t\t\t\t\t\t\t\t\t\t\t\t\t\t<img loading=\"lazy\" decoding=\"async\" width=\"540\" height=\"750\" src=\"https:\/\/klubochki-kryuchochkicz.com\/wp-content\/uploads\/2023\/12\/7-6.jpg\" class=\"attachment-large size-large wp-image-868\" alt=\"Hackovane hacky, hackovane a vysivane obleceni pro deti a dospele, muze a zeny, hackovane doplnky, hackovane sperky, pokojove dekorace, hracky amigurumi. Stranky jsou urceny pro zkusene mistryne i zacatecniky. Mistrovske kurzy jsou placene i zdarma. Uzitecne rady k peci o pletene vyrobky. Jak vybrat spravnou prizi, jak provest kalkulaci vyrobku, jak napsat mistrovskou tridu.\" srcset=\"https:\/\/klubochki-kryuchochkicz.com\/wp-content\/uploads\/2023\/12\/7-6.jpg 540w, https:\/\/klubochki-kryuchochkicz.com\/wp-content\/uploads\/2023\/12\/7-6-216x300.jpg 216w\" sizes=\"(max-width: 540px) 100vw, 540px\" \/>\t\t\t\t\t\t\t\t\t\t\t\t\t\t\t<\/div>\n\t\t\t\t<\/div>\n\t\t\t\t\t<\/div>\n\t\t\t\t<\/div>\n\t\t<div class=\"elementor-element elementor-element-d087cf0 e-flex e-con-boxed e-con e-parent\" data-id=\"d087cf0\" data-element_type=\"container\">\n\t\t\t\t\t<div class=\"e-con-inner\">\n\t\t\t\t<div class=\"elementor-element elementor-element-fcc1711 elementor-widget elementor-widget-image\" data-id=\"fcc1711\" data-element_type=\"widget\" data-widget_type=\"image.default\">\n\t\t\t\t<div class=\"elementor-widget-container\">\n\t\t\t\t\t\t\t\t\t\t\t\t\t\t\t<img loading=\"lazy\" decoding=\"async\" width=\"540\" height=\"750\" src=\"https:\/\/klubochki-kryuchochkicz.com\/wp-content\/uploads\/2023\/12\/8-6.jpg\" class=\"attachment-large size-large wp-image-873\" alt=\"Hackovane hacky, hackovane a vysivane obleceni pro deti a dospele, muze a zeny, hackovane doplnky, hackovane sperky, pokojove dekorace, hracky amigurumi. Stranky jsou urceny pro zkusene mistryne i zacatecniky. Mistrovske kurzy jsou placene i zdarma. Uzitecne rady k peci o pletene vyrobky. Jak vybrat spravnou prizi, jak provest kalkulaci vyrobku, jak napsat mistrovskou tridu.\" srcset=\"https:\/\/klubochki-kryuchochkicz.com\/wp-content\/uploads\/2023\/12\/8-6.jpg 540w, https:\/\/klubochki-kryuchochkicz.com\/wp-content\/uploads\/2023\/12\/8-6-216x300.jpg 216w\" sizes=\"(max-width: 540px) 100vw, 540px\" \/>\t\t\t\t\t\t\t\t\t\t\t\t\t\t\t<\/div>\n\t\t\t\t<\/div>\n\t\t\t\t\t<\/div>\n\t\t\t\t<\/div>\n\t\t\t\t<\/div>\n\t\t","protected":false},"excerpt":{"rendered":"<p>Duch Ve sv\u011bt\u011b, kde je ka\u017ed\u00e1 smy\u010dka h\u00e1\u010dku jako kouzelnou formou a nit\u011b jsou nitkami osudu, se spole\u010dn\u011b vydejme na \u00fa\u017easnou cestu do vesm\u00edru h\u00e1\u010dkov\u00e1n\u00ed amigurumi. Zde, mezi hra\u010dkov\u00fdmi tvory, zraje tajemstv\u00ed a st\u0159edn\u011b velk\u00fd Duch je na\u0161\u00edm str\u00e1\u017ecem br\u00e1ny do tohoto sv\u011bta z\u00e1zrak\u016f. Duch je tvor pln\u00fd neoby\u010dejn\u00e9 atmosf\u00e9ry a tajemstv\u00ed. Pod pe\u010dliv\u00fdm veden\u00edm &hellip;<\/p>\n<p class=\"read-more\"> <a class=\"\" href=\"https:\/\/klubochki-kryuchochkicz.com\/index.php\/master-class\/duch\/\"> <span class=\"screen-reader-text\">Duch<\/span> \u0427\u0438\u0442\u0430\u0442\u044c \u0434\u0430\u043b\u0435\u0435 &raquo;<\/a><\/p>\n","protected":false},"author":1,"featured_media":0,"parent":90,"menu_order":9,"comment_status":"closed","ping_status":"closed","template":"","meta":{"site-sidebar-layout":"no-sidebar","site-content-layout":"","ast-site-content-layout":"full-width-container","site-content-style":"default","site-sidebar-style":"default","ast-global-header-display":"","ast-banner-title-visibility":"","ast-main-header-display":"","ast-hfb-above-header-display":"","ast-hfb-below-header-display":"","ast-hfb-mobile-header-display":"","site-post-title":"disabled","ast-breadcrumbs-content":"","ast-featured-img":"disabled","footer-sml-layout":"","theme-transparent-header-meta":"","adv-header-id-meta":"","stick-header-meta":"","header-above-stick-meta":"","header-main-stick-meta":"","header-below-stick-meta":"","astra-migrate-meta-layouts":"default","ast-page-background-enabled":"default","ast-page-background-meta":{"desktop":{"background-color":"var(--ast-global-color-4)","background-image":"","background-repeat":"repeat","background-position":"center center","background-size":"auto","background-attachment":"scroll","background-type":"","background-media":"","overlay-type":"","overlay-color":"","overlay-gradient":""},"tablet":{"background-color":"","background-image":"","background-repeat":"repeat","background-position":"center center","background-size":"auto","background-attachment":"scroll","background-type":"","background-media":"","overlay-type":"","overlay-color":"","overlay-gradient":""},"mobile":{"background-color":"","background-image":"","background-repeat":"repeat","background-position":"center center","background-size":"auto","background-attachment":"scroll","background-type":"","background-media":"","overlay-type":"","overlay-color":"","overlay-gradient":""}},"ast-content-background-meta":{"desktop":{"background-color":"var(--ast-global-color-5)","background-image":"","background-repeat":"repeat","background-position":"center center","background-size":"auto","background-attachment":"scroll","background-type":"","background-media":"","overlay-type":"","overlay-color":"","overlay-gradient":""},"tablet":{"background-color":"var(--ast-global-color-5)","background-image":"","background-repeat":"repeat","background-position":"center center","background-size":"auto","background-attachment":"scroll","background-type":"","background-media":"","overlay-type":"","overlay-color":"","overlay-gradient":""},"mobile":{"background-color":"var(--ast-global-color-5)","background-image":"","background-repeat":"repeat","background-position":"center center","background-size":"auto","background-attachment":"scroll","background-type":"","background-media":"","overlay-type":"","overlay-color":"","overlay-gradient":""}},"footnotes":""},"class_list":["post-833","page","type-page","status-publish","hentry"],"_links":{"self":[{"href":"https:\/\/klubochki-kryuchochkicz.com\/index.php\/wp-json\/wp\/v2\/pages\/833","targetHints":{"allow":["GET"]}}],"collection":[{"href":"https:\/\/klubochki-kryuchochkicz.com\/index.php\/wp-json\/wp\/v2\/pages"}],"about":[{"href":"https:\/\/klubochki-kryuchochkicz.com\/index.php\/wp-json\/wp\/v2\/types\/page"}],"author":[{"embeddable":true,"href":"https:\/\/klubochki-kryuchochkicz.com\/index.php\/wp-json\/wp\/v2\/users\/1"}],"replies":[{"embeddable":true,"href":"https:\/\/klubochki-kryuchochkicz.com\/index.php\/wp-json\/wp\/v2\/comments?post=833"}],"version-history":[{"count":34,"href":"https:\/\/klubochki-kryuchochkicz.com\/index.php\/wp-json\/wp\/v2\/pages\/833\/revisions"}],"predecessor-version":[{"id":1196,"href":"https:\/\/klubochki-kryuchochkicz.com\/index.php\/wp-json\/wp\/v2\/pages\/833\/revisions\/1196"}],"up":[{"embeddable":true,"href":"https:\/\/klubochki-kryuchochkicz.com\/index.php\/wp-json\/wp\/v2\/pages\/90"}],"wp:attachment":[{"href":"https:\/\/klubochki-kryuchochkicz.com\/index.php\/wp-json\/wp\/v2\/media?parent=833"}],"curies":[{"name":"wp","href":"https:\/\/api.w.org\/{rel}","templated":true}]}}