{"id":886,"date":"2023-12-24T14:24:33","date_gmt":"2023-12-24T13:24:33","guid":{"rendered":"https:\/\/klubochki-kryuchochkicz.com\/?page_id=886"},"modified":"2023-12-25T10:39:52","modified_gmt":"2023-12-25T09:39:52","slug":"panenka","status":"publish","type":"page","link":"https:\/\/klubochki-kryuchochkicz.com\/index.php\/master-class\/panenka\/","title":{"rendered":"Panenka"},"content":{"rendered":"\t\t<div data-elementor-type=\"wp-page\" data-elementor-id=\"886\" class=\"elementor elementor-886\">\n\t\t\t\t<div class=\"elementor-element elementor-element-ef2af75 e-flex e-con-boxed e-con e-parent\" data-id=\"ef2af75\" data-element_type=\"container\">\n\t\t\t\t\t<div class=\"e-con-inner\">\n\t\t<div class=\"elementor-element elementor-element-2b95003 e-con-full e-flex e-con e-child\" data-id=\"2b95003\" data-element_type=\"container\">\n\t\t\t\t<div class=\"elementor-element elementor-element-92c3630 elementor-widget elementor-widget-image\" data-id=\"92c3630\" data-element_type=\"widget\" data-widget_type=\"image.default\">\n\t\t\t\t<div class=\"elementor-widget-container\">\n\t\t\t\t\t\t\t\t\t\t\t\t\t\t\t<img fetchpriority=\"high\" decoding=\"async\" width=\"304\" height=\"256\" src=\"https:\/\/klubochki-kryuchochkicz.com\/wp-content\/uploads\/2023\/12\/kukolka.jpg\" class=\"attachment-large size-large wp-image-881\" alt=\"Hackovane hacky, hackovane a vysivane obleceni pro deti a dospele, muze a zeny, hackovane doplnky, hackovane sperky, pokojove dekorace, hracky amigurumi. Stranky jsou urceny pro zkusene mistryne i zacatecniky. Mistrovske kurzy jsou placene i zdarma. Uzitecne rady k peci o pletene vyrobky. Jak vybrat spravnou prizi, jak provest kalkulaci vyrobku, jak napsat mistrovskou tridu.\" srcset=\"https:\/\/klubochki-kryuchochkicz.com\/wp-content\/uploads\/2023\/12\/kukolka.jpg 304w, https:\/\/klubochki-kryuchochkicz.com\/wp-content\/uploads\/2023\/12\/kukolka-300x253.jpg 300w\" sizes=\"(max-width: 304px) 100vw, 304px\" \/>\t\t\t\t\t\t\t\t\t\t\t\t\t\t\t<\/div>\n\t\t\t\t<\/div>\n\t\t\t\t<\/div>\n\t\t<div class=\"elementor-element elementor-element-dc636c3 e-con-full e-flex e-con e-child\" data-id=\"dc636c3\" data-element_type=\"container\">\n\t\t\t\t<div class=\"elementor-element elementor-element-10c9037 elementor-widget elementor-widget-heading\" data-id=\"10c9037\" data-element_type=\"widget\" data-widget_type=\"heading.default\">\n\t\t\t\t<div class=\"elementor-widget-container\">\n\t\t\t\t\t<h2 class=\"elementor-heading-title elementor-size-default\">Panenka<\/h2>\t\t\t\t<\/div>\n\t\t\t\t<\/div>\n\t\t\t\t<div class=\"elementor-element elementor-element-479f875 elementor-widget elementor-widget-text-editor\" data-id=\"479f875\" data-element_type=\"widget\" data-widget_type=\"text-editor.default\">\n\t\t\t\t<div class=\"elementor-widget-container\">\n\t\t\t\t\t\t\t\t\t<p>V n\u011b\u017en\u00e9m sv\u011bt\u011b ru\u010dn\u00edch prac\u00ed, v m\u011bkk\u00e9m objet\u00ed p\u0159\u00edze a v teple h\u00e1\u010dku se zjevuje kouzlo &#8212; kouzlo amigurumi. Je to um\u011bn\u00ed, ve kter\u00e9m je ka\u017ed\u00e1 smy\u010dka slovem, ka\u017ed\u00fd vzor b\u00e1sn\u00ed a ka\u017ed\u00e1 hra\u010dka kapitolou \u00fa\u017easn\u00e9ho p\u0159\u00edb\u011bhu. Otev\u0159ete br\u00e1nu do tohoto sv\u011bta tvo\u0159ivosti, nechte sv\u00e9 ruce tan\u010dit s h\u00e1\u010dkem a vytvo\u0159te n\u011bco jedine\u010dn\u00e9ho a neuv\u011b\u0159iteln\u011b roztomil\u00e9ho.<\/p><p>\u00a0<\/p>\t\t\t\t\t\t\t\t<\/div>\n\t\t\t\t<\/div>\n\t\t\t\t<\/div>\n\t\t\t\t\t<\/div>\n\t\t\t\t<\/div>\n\t\t<div class=\"elementor-element elementor-element-5c8c24b e-flex e-con-boxed e-con e-parent\" data-id=\"5c8c24b\" data-element_type=\"container\">\n\t\t\t\t\t<div class=\"e-con-inner\">\n\t\t\t\t<div class=\"elementor-element elementor-element-08f1439 elementor-widget elementor-widget-text-editor\" data-id=\"08f1439\" data-element_type=\"widget\" data-widget_type=\"text-editor.default\">\n\t\t\t\t<div class=\"elementor-widget-container\">\n\t\t\t\t\t\t\t\t\t<p>H\u00e1\u010dkov\u00e1n\u00ed amigurumi nen\u00ed jen o vytv\u00e1\u0159en\u00ed hra\u010dek. Je to p\u0159\u00edle\u017eitost propl\u00e9st kouzlo s realitou, ud\u011blat sv\u011bt kolem sebe h\u0159ejiv\u00fdm, pln\u00fdm n\u011bhy a \u00fatulnosti. Poj\u010fme se spole\u010dn\u011b pono\u0159it do tohoto vzru\u0161uj\u00edc\u00edho sv\u011bta a vytvo\u0159it n\u011bco, co<span style=\"color: var( --e-global-color-secondary ); background-color: var(--ast-global-color-5);\">&nbsp;pot\u011b\u0161\u00ed a&nbsp;<\/span><span style=\"font-style: inherit; font-weight: inherit; color: var( --e-global-color-secondary ); background-color: var(--ast-global-color-5);\">vykouzl\u00ed \u00fasm\u011bv .<\/span><\/p>\n<p>S h\u00e1\u010dkem v ruce jste kouzeln\u00edk, kter\u00fd z nit\u00ed vytv\u00e1\u0159\u00ed mal\u00e9 z\u00e1zraky. Ka\u017ed\u00e1 smy\u010dka je jako kouzeln\u00fd \u0161epot, ka\u017ed\u00e1 nitka je kouzlo, kter\u00e9 vpl\u00e9t\u00e1\u0161 do ka\u017ed\u00e9ho mistrovsk\u00e9ho d\u00edla. A tak se ve va\u0161ich rukou rod\u00ed mal\u00e1 v\u00edla amigurumi, kter\u00e1 z\u00e1\u0159\u00ed sv\u00fdm sv\u011btlem klidn\u00e9 du\u0161e.<\/p>\n<p>Utkejte si sv\u016fj vlastn\u00ed p\u0159\u00edb\u011bh, inspirovan\u00fd paprsky vych\u00e1zej\u00edc\u00edho slunce a chv\u011bj\u00edc\u00edmi se listy strom\u016f v chladn\u00e9m ve\u010deru. Nechte ka\u017edou smy\u010dku vypr\u00e1v\u011bt sv\u016fj jedine\u010dn\u00fd p\u0159\u00edb\u011bh a vytvo\u0159te v ka\u017ed\u00e9 z nich kousek vlastn\u00edho kouzla. A\u0165 se hra\u010dky zrozen\u00e9 z va\u0161ich rukou stanou hrdiny sv\u00fdch vlastn\u00edch mal\u00fdch poh\u00e1dek.<\/p>\n<p>Srdcem vy\u0161\u00edva\u010dky je smysln\u00e9 metrum, v n\u011bm\u017e se ka\u017ed\u00e1 smy\u010dka st\u00e1v\u00e1 strofou a ka\u017ed\u00fd vzor rytmem. Va\u0161e tvorba je poezi\u00ed barev a tvar\u016f, v n\u00ed\u017e je ka\u017ed\u00e1 hra\u010dka b\u00e1sn\u00ed psanou s l\u00e1skou a teplem va\u0161ich rukou.<\/p>\n<p>Zvu v\u00e1s, mil\u00ed p\u0159\u00e1tel\u00e9, na tento kouzeln\u00fd ples tvo\u0159ivosti. Poj\u010fme spole\u010dn\u011b vdechnout \u017eivot hebk\u00e9mu chm\u00fd\u0159\u00ed, ka\u017ed\u00e9 mal\u00e9 hra\u010dce, kter\u00e1 se stane va\u0161\u00edm v\u011brn\u00fdm p\u0159\u00edtelem v tanci dne a noci. Nechte se ztratit ve sv\u011bt\u011b fantazie, povolte uzdu sv\u00e9 p\u0159edstavivosti a dejte sv\u00e9mu h\u00e1\u010dku kouzelnou h\u016flku, kter\u00e1 v\u00e1s dovede za hranice v\u0161edn\u00edch dn\u016f.<\/p>\n<p>Vezm\u011bte sv\u016fj h\u00e1\u010dek jako kouzelnou h\u016flku a spole\u010dn\u011b vytvo\u0159\u00edme poh\u00e1dkov\u00fd les amigurumi, kde ka\u017ed\u00fd strom, ka\u017ed\u00e9 zv\u00ed\u0159\u00e1tko je va\u0161\u00ed malou v\u00edlou. A\u0165 se pro v\u00e1s pleten\u00ed amigurumi stane nejen tv\u016fr\u010d\u00edm procesem, ale tak\u00e9 kouzeln\u00fdm ritu\u00e1lem, kter\u00fd napln\u00ed v\u00e1\u0161 \u017eivot okouzluj\u00edc\u00ed kr\u00e1sou a n\u011bhou.<\/p>\n<p>Mil\u00ed tv\u016frci, dve\u0159e do sv\u011bta, kde je ka\u017ed\u00e1 smy\u010dka pozv\u00e1nkou na cestu bezednou rozlohou tvo\u0159ivosti, jsou v\u00e1m otev\u0159eny. Poj\u010fme spole\u010dn\u011b s h\u00e1\u010dkov\u00e1n\u00edm vytv\u00e1\u0159et jedine\u010dn\u00e9 okam\u017eiky a napl\u0148ovat sv\u00e9 \u017eivoty pleten\u00fdmi poh\u00e1dkami. Va\u0161e ruka je kouzeln\u00e1 a va\u0161e p\u0159\u00edb\u011bhy jsou nad\u010dasov\u00e9. A\u0165 se ka\u017ed\u00e9 amigurumi stane nejen hra\u010dkou, ale tak\u00e9 kouzeln\u00fdm kl\u00ed\u010dem k br\u00e1n\u011b va\u0161eho vlastn\u00edho \u00fa\u017easn\u00e9ho sv\u011bta.<\/p>\n<p><\/p>\t\t\t\t\t\t\t\t<\/div>\n\t\t\t\t<\/div>\n\t\t\t\t\t<\/div>\n\t\t\t\t<\/div>\n\t\t<div class=\"elementor-element elementor-element-b22cf67 e-flex e-con-boxed e-con e-parent\" data-id=\"b22cf67\" data-element_type=\"container\">\n\t\t\t\t\t<div class=\"e-con-inner\">\n\t\t\t\t<div class=\"elementor-element elementor-element-9558701 elementor-widget elementor-widget-image\" data-id=\"9558701\" data-element_type=\"widget\" data-widget_type=\"image.default\">\n\t\t\t\t<div class=\"elementor-widget-container\">\n\t\t\t\t\t\t\t\t\t\t\t\t\t\t\t<img decoding=\"async\" width=\"540\" height=\"750\" src=\"https:\/\/klubochki-kryuchochkicz.com\/wp-content\/uploads\/2023\/12\/1-11.jpg\" class=\"attachment-large size-large wp-image-893\" alt=\"Hackovane hacky, hackovane a vysivane obleceni pro deti a dospele, muze a zeny, hackovane doplnky, hackovane sperky, pokojove dekorace, hracky amigurumi. Stranky jsou urceny pro zkusene mistryne i zacatecniky. Mistrovske kurzy jsou placene i zdarma. Uzitecne rady k peci o pletene vyrobky. Jak vybrat spravnou prizi, jak provest kalkulaci vyrobku, jak napsat mistrovskou tridu.\" srcset=\"https:\/\/klubochki-kryuchochkicz.com\/wp-content\/uploads\/2023\/12\/1-11.jpg 540w, https:\/\/klubochki-kryuchochkicz.com\/wp-content\/uploads\/2023\/12\/1-11-216x300.jpg 216w\" sizes=\"(max-width: 540px) 100vw, 540px\" \/>\t\t\t\t\t\t\t\t\t\t\t\t\t\t\t<\/div>\n\t\t\t\t<\/div>\n\t\t\t\t\t<\/div>\n\t\t\t\t<\/div>\n\t\t<div class=\"elementor-element elementor-element-662b057 e-flex e-con-boxed e-con e-parent\" data-id=\"662b057\" data-element_type=\"container\">\n\t\t\t\t\t<div class=\"e-con-inner\">\n\t\t\t\t<div class=\"elementor-element elementor-element-2d462e3 elementor-widget elementor-widget-image\" data-id=\"2d462e3\" data-element_type=\"widget\" data-widget_type=\"image.default\">\n\t\t\t\t<div class=\"elementor-widget-container\">\n\t\t\t\t\t\t\t\t\t\t\t\t\t\t\t<img decoding=\"async\" width=\"540\" height=\"750\" src=\"https:\/\/klubochki-kryuchochkicz.com\/wp-content\/uploads\/2023\/12\/2-9.jpg\" class=\"attachment-large size-large wp-image-894\" alt=\"Hackovane hacky, hackovane a vysivane obleceni pro deti a dospele, muze a zeny, hackovane doplnky, hackovane sperky, pokojove dekorace, hracky amigurumi. Stranky jsou urceny pro zkusene mistryne i zacatecniky. Mistrovske kurzy jsou placene i zdarma. Uzitecne rady k peci o pletene vyrobky. Jak vybrat spravnou prizi, jak provest kalkulaci vyrobku, jak napsat mistrovskou tridu.\" srcset=\"https:\/\/klubochki-kryuchochkicz.com\/wp-content\/uploads\/2023\/12\/2-9.jpg 540w, https:\/\/klubochki-kryuchochkicz.com\/wp-content\/uploads\/2023\/12\/2-9-216x300.jpg 216w\" sizes=\"(max-width: 540px) 100vw, 540px\" \/>\t\t\t\t\t\t\t\t\t\t\t\t\t\t\t<\/div>\n\t\t\t\t<\/div>\n\t\t\t\t\t<\/div>\n\t\t\t\t<\/div>\n\t\t<div class=\"elementor-element elementor-element-61807ca e-flex e-con-boxed e-con e-parent\" data-id=\"61807ca\" data-element_type=\"container\">\n\t\t\t\t\t<div class=\"e-con-inner\">\n\t\t\t\t<div class=\"elementor-element elementor-element-400b47e elementor-widget elementor-widget-image\" data-id=\"400b47e\" data-element_type=\"widget\" data-widget_type=\"image.default\">\n\t\t\t\t<div class=\"elementor-widget-container\">\n\t\t\t\t\t\t\t\t\t\t\t\t\t\t\t<img loading=\"lazy\" decoding=\"async\" width=\"540\" height=\"750\" src=\"https:\/\/klubochki-kryuchochkicz.com\/wp-content\/uploads\/2023\/12\/3-9.jpg\" class=\"attachment-large size-large wp-image-901\" alt=\"Hackovane hacky, hackovane a vysivane obleceni pro deti a dospele, muze a zeny, hackovane doplnky, hackovane sperky, pokojove dekorace, hracky amigurumi. Stranky jsou urceny pro zkusene mistryne i zacatecniky. Mistrovske kurzy jsou placene i zdarma. Uzitecne rady k peci o pletene vyrobky. Jak vybrat spravnou prizi, jak provest kalkulaci vyrobku, jak napsat mistrovskou tridu.\" srcset=\"https:\/\/klubochki-kryuchochkicz.com\/wp-content\/uploads\/2023\/12\/3-9.jpg 540w, https:\/\/klubochki-kryuchochkicz.com\/wp-content\/uploads\/2023\/12\/3-9-216x300.jpg 216w\" sizes=\"(max-width: 540px) 100vw, 540px\" \/>\t\t\t\t\t\t\t\t\t\t\t\t\t\t\t<\/div>\n\t\t\t\t<\/div>\n\t\t\t\t\t<\/div>\n\t\t\t\t<\/div>\n\t\t<div class=\"elementor-element elementor-element-b22c6ff e-flex e-con-boxed e-con e-parent\" data-id=\"b22c6ff\" data-element_type=\"container\">\n\t\t\t\t\t<div class=\"e-con-inner\">\n\t\t\t\t<div class=\"elementor-element elementor-element-ca61a25 elementor-widget elementor-widget-image\" data-id=\"ca61a25\" data-element_type=\"widget\" data-widget_type=\"image.default\">\n\t\t\t\t<div class=\"elementor-widget-container\">\n\t\t\t\t\t\t\t\t\t\t\t\t\t\t\t<img loading=\"lazy\" decoding=\"async\" width=\"540\" height=\"750\" src=\"https:\/\/klubochki-kryuchochkicz.com\/wp-content\/uploads\/2023\/12\/4-9.jpg\" class=\"attachment-large size-large wp-image-905\" alt=\"Hackovane hacky, hackovane a vysivane obleceni pro deti a dospele, muze a zeny, hackovane doplnky, hackovane sperky, pokojove dekorace, hracky amigurumi. Stranky jsou urceny pro zkusene mistryne i zacatecniky. Mistrovske kurzy jsou placene i zdarma. Uzitecne rady k peci o pletene vyrobky. Jak vybrat spravnou prizi, jak provest kalkulaci vyrobku, jak napsat mistrovskou tridu\" srcset=\"https:\/\/klubochki-kryuchochkicz.com\/wp-content\/uploads\/2023\/12\/4-9.jpg 540w, https:\/\/klubochki-kryuchochkicz.com\/wp-content\/uploads\/2023\/12\/4-9-216x300.jpg 216w\" sizes=\"(max-width: 540px) 100vw, 540px\" \/>\t\t\t\t\t\t\t\t\t\t\t\t\t\t\t<\/div>\n\t\t\t\t<\/div>\n\t\t\t\t\t<\/div>\n\t\t\t\t<\/div>\n\t\t<div class=\"elementor-element elementor-element-e78161f e-flex e-con-boxed e-con e-parent\" data-id=\"e78161f\" data-element_type=\"container\">\n\t\t\t\t\t<div class=\"e-con-inner\">\n\t\t\t\t<div class=\"elementor-element elementor-element-e987d74 elementor-widget elementor-widget-image\" data-id=\"e987d74\" data-element_type=\"widget\" data-widget_type=\"image.default\">\n\t\t\t\t<div class=\"elementor-widget-container\">\n\t\t\t\t\t\t\t\t\t\t\t\t\t\t\t<img loading=\"lazy\" decoding=\"async\" width=\"540\" height=\"750\" src=\"https:\/\/klubochki-kryuchochkicz.com\/wp-content\/uploads\/2023\/12\/5-9.jpg\" class=\"attachment-large size-large wp-image-909\" alt=\"Hackovane hacky, hackovane a vysivane obleceni pro deti a dospele, muze a zeny, hackovane doplnky, hackovane sperky, pokojove dekorace, hracky amigurumi. Stranky jsou urceny pro zkusene mistryne i zacatecniky. Mistrovske kurzy jsou placene i zdarma. Uzitecne rady k peci o pletene vyrobky. Jak vybrat spravnou prizi, jak provest kalkulaci vyrobku, jak napsat mistrovskou tridu.\" srcset=\"https:\/\/klubochki-kryuchochkicz.com\/wp-content\/uploads\/2023\/12\/5-9.jpg 540w, https:\/\/klubochki-kryuchochkicz.com\/wp-content\/uploads\/2023\/12\/5-9-216x300.jpg 216w\" sizes=\"(max-width: 540px) 100vw, 540px\" \/>\t\t\t\t\t\t\t\t\t\t\t\t\t\t\t<\/div>\n\t\t\t\t<\/div>\n\t\t\t\t\t<\/div>\n\t\t\t\t<\/div>\n\t\t<div class=\"elementor-element elementor-element-0b39f93 e-flex e-con-boxed e-con e-parent\" data-id=\"0b39f93\" data-element_type=\"container\">\n\t\t\t\t\t<div class=\"e-con-inner\">\n\t\t\t\t<div class=\"elementor-element elementor-element-b9162da elementor-widget elementor-widget-image\" data-id=\"b9162da\" data-element_type=\"widget\" data-widget_type=\"image.default\">\n\t\t\t\t<div class=\"elementor-widget-container\">\n\t\t\t\t\t\t\t\t\t\t\t\t\t\t\t<img loading=\"lazy\" decoding=\"async\" width=\"540\" height=\"750\" src=\"https:\/\/klubochki-kryuchochkicz.com\/wp-content\/uploads\/2023\/12\/6-9.jpg\" class=\"attachment-large size-large wp-image-913\" alt=\"Hackovane hacky, hackovane a vysivane obleceni pro deti a dospele, muze a zeny, hackovane doplnky, hackovane sperky, pokojove dekorace, hracky amigurumi. Stranky jsou urceny pro zkusene mistryne i zacatecniky. Mistrovske kurzy jsou placene i zdarma. Uzitecne rady k peci o pletene vyrobky. Jak vybrat spravnou prizi, jak provest kalkulaci vyrobku, jak napsat mistrovskou tridu.\" srcset=\"https:\/\/klubochki-kryuchochkicz.com\/wp-content\/uploads\/2023\/12\/6-9.jpg 540w, https:\/\/klubochki-kryuchochkicz.com\/wp-content\/uploads\/2023\/12\/6-9-216x300.jpg 216w\" sizes=\"(max-width: 540px) 100vw, 540px\" \/>\t\t\t\t\t\t\t\t\t\t\t\t\t\t\t<\/div>\n\t\t\t\t<\/div>\n\t\t\t\t\t<\/div>\n\t\t\t\t<\/div>\n\t\t\t\t<\/div>\n\t\t","protected":false},"excerpt":{"rendered":"<p>Panenka V n\u011b\u017en\u00e9m sv\u011bt\u011b ru\u010dn\u00edch prac\u00ed, v m\u011bkk\u00e9m objet\u00ed p\u0159\u00edze a v teple h\u00e1\u010dku se zjevuje kouzlo &#8212; kouzlo amigurumi. Je to um\u011bn\u00ed, ve kter\u00e9m je ka\u017ed\u00e1 smy\u010dka slovem, ka\u017ed\u00fd vzor b\u00e1sn\u00ed a ka\u017ed\u00e1 hra\u010dka kapitolou \u00fa\u017easn\u00e9ho p\u0159\u00edb\u011bhu. Otev\u0159ete br\u00e1nu do tohoto sv\u011bta tvo\u0159ivosti, nechte sv\u00e9 ruce tan\u010dit s h\u00e1\u010dkem a vytvo\u0159te n\u011bco jedine\u010dn\u00e9ho a &hellip;<\/p>\n<p class=\"read-more\"> <a class=\"\" href=\"https:\/\/klubochki-kryuchochkicz.com\/index.php\/master-class\/panenka\/\"> <span class=\"screen-reader-text\">Panenka<\/span> \u0427\u0438\u0442\u0430\u0442\u044c \u0434\u0430\u043b\u0435\u0435 &raquo;<\/a><\/p>\n","protected":false},"author":1,"featured_media":0,"parent":90,"menu_order":10,"comment_status":"closed","ping_status":"closed","template":"","meta":{"site-sidebar-layout":"no-sidebar","site-content-layout":"","ast-site-content-layout":"full-width-container","site-content-style":"default","site-sidebar-style":"default","ast-global-header-display":"","ast-banner-title-visibility":"","ast-main-header-display":"","ast-hfb-above-header-display":"","ast-hfb-below-header-display":"","ast-hfb-mobile-header-display":"","site-post-title":"disabled","ast-breadcrumbs-content":"","ast-featured-img":"disabled","footer-sml-layout":"","theme-transparent-header-meta":"","adv-header-id-meta":"","stick-header-meta":"","header-above-stick-meta":"","header-main-stick-meta":"","header-below-stick-meta":"","astra-migrate-meta-layouts":"default","ast-page-background-enabled":"default","ast-page-background-meta":{"desktop":{"background-color":"var(--ast-global-color-4)","background-image":"","background-repeat":"repeat","background-position":"center center","background-size":"auto","background-attachment":"scroll","background-type":"","background-media":"","overlay-type":"","overlay-color":"","overlay-gradient":""},"tablet":{"background-color":"","background-image":"","background-repeat":"repeat","background-position":"center center","background-size":"auto","background-attachment":"scroll","background-type":"","background-media":"","overlay-type":"","overlay-color":"","overlay-gradient":""},"mobile":{"background-color":"","background-image":"","background-repeat":"repeat","background-position":"center center","background-size":"auto","background-attachment":"scroll","background-type":"","background-media":"","overlay-type":"","overlay-color":"","overlay-gradient":""}},"ast-content-background-meta":{"desktop":{"background-color":"var(--ast-global-color-5)","background-image":"","background-repeat":"repeat","background-position":"center center","background-size":"auto","background-attachment":"scroll","background-type":"","background-media":"","overlay-type":"","overlay-color":"","overlay-gradient":""},"tablet":{"background-color":"var(--ast-global-color-5)","background-image":"","background-repeat":"repeat","background-position":"center center","background-size":"auto","background-attachment":"scroll","background-type":"","background-media":"","overlay-type":"","overlay-color":"","overlay-gradient":""},"mobile":{"background-color":"var(--ast-global-color-5)","background-image":"","background-repeat":"repeat","background-position":"center center","background-size":"auto","background-attachment":"scroll","background-type":"","background-media":"","overlay-type":"","overlay-color":"","overlay-gradient":""}},"footnotes":""},"class_list":["post-886","page","type-page","status-publish","hentry"],"_links":{"self":[{"href":"https:\/\/klubochki-kryuchochkicz.com\/index.php\/wp-json\/wp\/v2\/pages\/886","targetHints":{"allow":["GET"]}}],"collection":[{"href":"https:\/\/klubochki-kryuchochkicz.com\/index.php\/wp-json\/wp\/v2\/pages"}],"about":[{"href":"https:\/\/klubochki-kryuchochkicz.com\/index.php\/wp-json\/wp\/v2\/types\/page"}],"author":[{"embeddable":true,"href":"https:\/\/klubochki-kryuchochkicz.com\/index.php\/wp-json\/wp\/v2\/users\/1"}],"replies":[{"embeddable":true,"href":"https:\/\/klubochki-kryuchochkicz.com\/index.php\/wp-json\/wp\/v2\/comments?post=886"}],"version-history":[{"count":25,"href":"https:\/\/klubochki-kryuchochkicz.com\/index.php\/wp-json\/wp\/v2\/pages\/886\/revisions"}],"predecessor-version":[{"id":1176,"href":"https:\/\/klubochki-kryuchochkicz.com\/index.php\/wp-json\/wp\/v2\/pages\/886\/revisions\/1176"}],"up":[{"embeddable":true,"href":"https:\/\/klubochki-kryuchochkicz.com\/index.php\/wp-json\/wp\/v2\/pages\/90"}],"wp:attachment":[{"href":"https:\/\/klubochki-kryuchochkicz.com\/index.php\/wp-json\/wp\/v2\/media?parent=886"}],"curies":[{"name":"wp","href":"https:\/\/api.w.org\/{rel}","templated":true}]}}