{"id":99,"date":"2023-12-16T16:36:20","date_gmt":"2023-12-16T15:36:20","guid":{"rendered":"https:\/\/klubochki-kryuchochkicz.com\/?page_id=99"},"modified":"2023-12-23T14:57:23","modified_gmt":"2023-12-23T13:57:23","slug":"dinosaurus","status":"publish","type":"page","link":"https:\/\/klubochki-kryuchochkicz.com\/index.php\/dinosaurus\/","title":{"rendered":"Dinosaurus"},"content":{"rendered":"\t\t<div data-elementor-type=\"wp-page\" data-elementor-id=\"99\" class=\"elementor elementor-99\">\n\t\t\t\t<div class=\"elementor-element elementor-element-b1dff88 e-flex e-con-boxed e-con e-parent\" data-id=\"b1dff88\" data-element_type=\"container\">\n\t\t\t\t\t<div class=\"e-con-inner\">\n\t\t<div class=\"elementor-element elementor-element-7bb8006 e-con-full e-flex e-con e-child\" data-id=\"7bb8006\" data-element_type=\"container\">\n\t\t\t\t<div class=\"elementor-element elementor-element-441a3ad elementor-widget elementor-widget-image\" data-id=\"441a3ad\" data-element_type=\"widget\" data-widget_type=\"image.default\">\n\t\t\t\t<div class=\"elementor-widget-container\">\n\t\t\t\t\t\t\t\t\t\t\t\t\t\t\t<img fetchpriority=\"high\" decoding=\"async\" width=\"304\" height=\"256\" src=\"https:\/\/klubochki-kryuchochkicz.com\/wp-content\/uploads\/2023\/12\/dinozavrik-1.jpg\" class=\"attachment-large size-large wp-image-52\" alt=\"Hackovane hacky, hackovane a vysivane obleceni pro deti a dospele, muze a zeny, hackovane doplnky, hackovane sperky, pokojove dekorace, hracky amigurumi. Stranky jsou urceny pro zkusene mistryne i zacatecniky. Mistrovske kurzy jsou placene i zdarma. Uzitecne rady k peci o pletene vyrobky. Jak vybrat spravnou prizi, jak provest kalkulaci vyrobku, jak napsat mistrovskou tridu.\" srcset=\"https:\/\/klubochki-kryuchochkicz.com\/wp-content\/uploads\/2023\/12\/dinozavrik-1.jpg 304w, https:\/\/klubochki-kryuchochkicz.com\/wp-content\/uploads\/2023\/12\/dinozavrik-1-300x253.jpg 300w\" sizes=\"(max-width: 304px) 100vw, 304px\" \/>\t\t\t\t\t\t\t\t\t\t\t\t\t\t\t<\/div>\n\t\t\t\t<\/div>\n\t\t\t\t<\/div>\n\t\t<div class=\"elementor-element elementor-element-7b229d6 e-con-full e-flex e-con e-child\" data-id=\"7b229d6\" data-element_type=\"container\">\n\t\t\t\t<div class=\"elementor-element elementor-element-a081033 elementor-widget elementor-widget-heading\" data-id=\"a081033\" data-element_type=\"widget\" data-widget_type=\"heading.default\">\n\t\t\t\t<div class=\"elementor-widget-container\">\n\t\t\t\t\t<h2 class=\"elementor-heading-title elementor-size-default\">Dinosaurus<\/h2>\t\t\t\t<\/div>\n\t\t\t\t<\/div>\n\t\t\t\t<div class=\"elementor-element elementor-element-7d4472a elementor-widget elementor-widget-text-editor\" data-id=\"7d4472a\" data-element_type=\"widget\" data-widget_type=\"text-editor.default\">\n\t\t\t\t<div class=\"elementor-widget-container\">\n\t\t\t\t\t\t\t\t\t<p>V\u00edtejte ve vzru\u0161uj\u00edc\u00edm sv\u011bt\u011b kreativity a vy\u0161\u00edv\u00e1n\u00ed s mistrovskou lekc\u00ed talentovan\u00e9 autorky Lydie Deminy &#8212; tvorba roztomil\u00e9ho dinosaura technikou amigurumi!<\/p><p>Tato \u00fatuln\u00e1 hra\u010dka se stane nejen n\u00e1dhernou ozdobou va\u0161eho domova v p\u0159edv\u00e1no\u010dn\u00edm \u010dase, ale tak\u00e9 skv\u011bl\u00fdm d\u00e1rkem pro va\u0161e bl\u00edzk\u00e9.<\/p>\t\t\t\t\t\t\t\t<\/div>\n\t\t\t\t<\/div>\n\t\t\t\t<\/div>\n\t\t\t\t\t<\/div>\n\t\t\t\t<\/div>\n\t\t<div class=\"elementor-element elementor-element-ed5dff1 e-flex e-con-boxed e-con e-parent\" data-id=\"ed5dff1\" data-element_type=\"container\">\n\t\t\t\t\t<div class=\"e-con-inner\">\n\t\t\t\t<div class=\"elementor-element elementor-element-10a07b1 elementor-widget elementor-widget-text-editor\" data-id=\"10a07b1\" data-element_type=\"widget\" data-widget_type=\"text-editor.default\">\n\t\t\t\t<div class=\"elementor-widget-container\">\n\t\t\t\t\t\t\t\t\t<p>N\u00e1\u0161 mistrovsk\u00fd kurz je ur\u010den p\u0159edev\u0161\u00edm t\u011bm, kte\u0159\u00ed ji\u017e znaj\u00ed z\u00e1klady pleten\u00ed a cht\u011bj\u00ed se v\u011bnovat n\u011b\u010demu zaj\u00edmav\u011bj\u0161\u00edmu. Budete muset nejen vytvo\u0159it kr\u00e1sn\u00e9ho dinosaura, ale tak\u00e9 se nau\u010dit jedine\u010dn\u00e9 techniky, tajemstv\u00ed tvarov\u00e1n\u00ed a zvl\u00e1\u0161tnosti, jak dodat sv\u00e9 hra\u010dce v\u011bt\u0161\u00ed osobitost.<\/p><p>Podle Lydiin\u00fdch podrobn\u00fdch rad budete moci uv\u00e9st sv\u00e9 kreativn\u00ed n\u00e1pady do \u017eivota, vytvo\u0159it jedine\u010dnou postavi\u010dku plnou sv\u00e1te\u010dn\u00ed z\u00e1bavy. P\u0159ipojte se ke komunit\u011b zku\u0161en\u00fdch \u0159emesln\u00edk\u016f, kde se ka\u017ed\u00fd m\u016f\u017ee pod\u011blit o sv\u00e9 zku\u0161enosti a inspiraci.<\/p><p>Nenechte si uj\u00edt p\u0159\u00edle\u017eitost vn\u00e9st do sv\u00e9ho sv\u00e1te\u010dn\u00edho interi\u00e9ru jedine\u010dn\u00e9 kouzlo a pot\u011b\u0161it sv\u00e9 bl\u00edzk\u00e9 d\u00e1rkem vyroben\u00fdm s l\u00e1skou a teplem sv\u00fdch rukou. Poj\u010fme spole\u010dn\u011b vytvo\u0159it skute\u010dn\u00e9 kouzlo V\u00e1noc pod veden\u00edm Lidie Deminy &#8212; va\u0161\u00ed pr\u016fvodkyn\u011b sv\u011btem kreativity a \u00fa\u017easn\u00fdch postavi\u010dek amigurumi.<\/p>\t\t\t\t\t\t\t\t<\/div>\n\t\t\t\t<\/div>\n\t\t\t\t\t<\/div>\n\t\t\t\t<\/div>\n\t\t<div class=\"elementor-element elementor-element-1cbfaaa e-flex e-con-boxed e-con e-parent\" data-id=\"1cbfaaa\" data-element_type=\"container\">\n\t\t\t\t\t<div class=\"e-con-inner\">\n\t\t\t\t<div class=\"elementor-element elementor-element-f00abc9 elementor-widget elementor-widget-image\" data-id=\"f00abc9\" data-element_type=\"widget\" data-widget_type=\"image.default\">\n\t\t\t\t<div class=\"elementor-widget-container\">\n\t\t\t\t\t\t\t\t\t\t\t\t\t\t\t<img decoding=\"async\" width=\"450\" height=\"650\" src=\"https:\/\/klubochki-kryuchochkicz.com\/wp-content\/uploads\/2023\/12\/1-2.jpg\" class=\"attachment-large size-large wp-image-192\" alt=\"Hackovane hacky, hackovane a vysivane obleceni pro deti a dospele, muze a zeny, hackovane doplnky, hackovane sperky, pokojove dekorace, hracky amigurumi. Stranky jsou urceny pro zkusene mistryne i zacatecniky. Mistrovske kurzy jsou placene i zdarma. Uzitecne rady k peci o pletene vyrobky. Jak vybrat spravnou prizi, jak provest kalkulaci vyrobku, jak napsat mistrovskou tridu.\" srcset=\"https:\/\/klubochki-kryuchochkicz.com\/wp-content\/uploads\/2023\/12\/1-2.jpg 450w, https:\/\/klubochki-kryuchochkicz.com\/wp-content\/uploads\/2023\/12\/1-2-208x300.jpg 208w\" sizes=\"(max-width: 450px) 100vw, 450px\" \/>\t\t\t\t\t\t\t\t\t\t\t\t\t\t\t<\/div>\n\t\t\t\t<\/div>\n\t\t\t\t\t<\/div>\n\t\t\t\t<\/div>\n\t\t<div class=\"elementor-element elementor-element-1681dd9 e-flex e-con-boxed e-con e-parent\" data-id=\"1681dd9\" data-element_type=\"container\">\n\t\t\t\t\t<div class=\"e-con-inner\">\n\t\t\t\t<div class=\"elementor-element elementor-element-95bf375 elementor-widget elementor-widget-image\" data-id=\"95bf375\" data-element_type=\"widget\" data-widget_type=\"image.default\">\n\t\t\t\t<div class=\"elementor-widget-container\">\n\t\t\t\t\t\t\t\t\t\t\t\t\t\t\t<img decoding=\"async\" width=\"450\" height=\"650\" src=\"https:\/\/klubochki-kryuchochkicz.com\/wp-content\/uploads\/2023\/12\/2.jpg\" class=\"attachment-large size-large wp-image-193\" alt=\"Hackovane hacky, hackovane a vysivane obleceni pro deti a dospele, muze a zeny, hackovane doplnky, hackovane sperky, pokojove dekorace, hracky amigurumi. Stranky jsou urceny pro zkusene mistryne i zacatecniky. Mistrovske kurzy jsou placene i zdarma. Uzitecne rady k peci o pletene vyrobky. Jak vybrat spravnou prizi, jak provest kalkulaci vyrobku, jak napsat mistrovskou tridu.\" srcset=\"https:\/\/klubochki-kryuchochkicz.com\/wp-content\/uploads\/2023\/12\/2.jpg 450w, https:\/\/klubochki-kryuchochkicz.com\/wp-content\/uploads\/2023\/12\/2-208x300.jpg 208w\" sizes=\"(max-width: 450px) 100vw, 450px\" \/>\t\t\t\t\t\t\t\t\t\t\t\t\t\t\t<\/div>\n\t\t\t\t<\/div>\n\t\t\t\t\t<\/div>\n\t\t\t\t<\/div>\n\t\t<div class=\"elementor-element elementor-element-6ccc399 e-flex e-con-boxed e-con e-parent\" data-id=\"6ccc399\" data-element_type=\"container\">\n\t\t\t\t\t<div class=\"e-con-inner\">\n\t\t\t\t<div class=\"elementor-element elementor-element-21e57fc elementor-widget elementor-widget-image\" data-id=\"21e57fc\" data-element_type=\"widget\" data-widget_type=\"image.default\">\n\t\t\t\t<div class=\"elementor-widget-container\">\n\t\t\t\t\t\t\t\t\t\t\t\t\t\t\t<img loading=\"lazy\" decoding=\"async\" width=\"450\" height=\"650\" src=\"https:\/\/klubochki-kryuchochkicz.com\/wp-content\/uploads\/2023\/12\/3.jpg\" class=\"attachment-large size-large wp-image-197\" alt=\"Hackovane hacky, hackovane a vysivane obleceni pro deti a dospele, muze a zeny, hackovane doplnky, hackovane sperky, pokojove dekorace, hracky amigurumi. Stranky jsou urceny pro zkusene mistryne i zacatecniky. Mistrovske kurzy jsou placene i zdarma. Uzitecne rady k peci o pletene vyrobky. Jak vybrat spravnou prizi, jak provest kalkulaci vyrobku, jak napsat mistrovskou tridu.\" srcset=\"https:\/\/klubochki-kryuchochkicz.com\/wp-content\/uploads\/2023\/12\/3.jpg 450w, https:\/\/klubochki-kryuchochkicz.com\/wp-content\/uploads\/2023\/12\/3-208x300.jpg 208w\" sizes=\"(max-width: 450px) 100vw, 450px\" \/>\t\t\t\t\t\t\t\t\t\t\t\t\t\t\t<\/div>\n\t\t\t\t<\/div>\n\t\t\t\t\t<\/div>\n\t\t\t\t<\/div>\n\t\t<div class=\"elementor-element elementor-element-fe00fa1 e-flex e-con-boxed e-con e-parent\" data-id=\"fe00fa1\" data-element_type=\"container\">\n\t\t\t\t\t<div class=\"e-con-inner\">\n\t\t\t\t<div class=\"elementor-element elementor-element-8334db4 elementor-widget elementor-widget-image\" data-id=\"8334db4\" data-element_type=\"widget\" data-widget_type=\"image.default\">\n\t\t\t\t<div class=\"elementor-widget-container\">\n\t\t\t\t\t\t\t\t\t\t\t\t\t\t\t<img loading=\"lazy\" decoding=\"async\" width=\"450\" height=\"650\" src=\"https:\/\/klubochki-kryuchochkicz.com\/wp-content\/uploads\/2023\/12\/4.jpg\" class=\"attachment-large size-large wp-image-202\" alt=\"Hackovane hacky, hackovane a vysivane obleceni pro deti a dospele, muze a zeny, hackovane doplnky, hackovane sperky, pokojove dekorace, hracky amigurumi. Stranky jsou urceny pro zkusene mistryne i zacatecniky. Mistrovske kurzy jsou placene i zdarma. Uzitecne rady k peci o pletene vyrobky. Jak vybrat spravnou prizi, jak provest kalkulaci vyrobku, jak napsat mistrovskou tridu.\" srcset=\"https:\/\/klubochki-kryuchochkicz.com\/wp-content\/uploads\/2023\/12\/4.jpg 450w, https:\/\/klubochki-kryuchochkicz.com\/wp-content\/uploads\/2023\/12\/4-208x300.jpg 208w\" sizes=\"(max-width: 450px) 100vw, 450px\" \/>\t\t\t\t\t\t\t\t\t\t\t\t\t\t\t<\/div>\n\t\t\t\t<\/div>\n\t\t\t\t\t<\/div>\n\t\t\t\t<\/div>\n\t\t<div class=\"elementor-element elementor-element-b9da203 e-flex e-con-boxed e-con e-parent\" data-id=\"b9da203\" data-element_type=\"container\">\n\t\t\t\t\t<div class=\"e-con-inner\">\n\t\t\t\t<div class=\"elementor-element elementor-element-57bc539 elementor-widget elementor-widget-image\" data-id=\"57bc539\" data-element_type=\"widget\" data-widget_type=\"image.default\">\n\t\t\t\t<div class=\"elementor-widget-container\">\n\t\t\t\t\t\t\t\t\t\t\t\t\t\t\t<img loading=\"lazy\" decoding=\"async\" width=\"450\" height=\"650\" src=\"https:\/\/klubochki-kryuchochkicz.com\/wp-content\/uploads\/2023\/12\/5.jpg\" class=\"attachment-large size-large wp-image-204\" alt=\"Hackovane hacky, hackovane a vysivane obleceni pro deti a dospele, muze a zeny, hackovane doplnky, hackovane sperky, pokojove dekorace, hracky amigurumi. Stranky jsou urceny pro zkusene mistryne i zacatecniky. Mistrovske kurzy jsou placene i zdarma. Uzitecne rady k peci o pletene vyrobky. Jak vybrat spravnou prizi, jak provest kalkulaci vyrobku, jak napsat mistrovskou tridu.\" srcset=\"https:\/\/klubochki-kryuchochkicz.com\/wp-content\/uploads\/2023\/12\/5.jpg 450w, https:\/\/klubochki-kryuchochkicz.com\/wp-content\/uploads\/2023\/12\/5-208x300.jpg 208w\" sizes=\"(max-width: 450px) 100vw, 450px\" \/>\t\t\t\t\t\t\t\t\t\t\t\t\t\t\t<\/div>\n\t\t\t\t<\/div>\n\t\t\t\t\t<\/div>\n\t\t\t\t<\/div>\n\t\t<div class=\"elementor-element elementor-element-e5e9cd5 e-flex e-con-boxed e-con e-parent\" data-id=\"e5e9cd5\" data-element_type=\"container\">\n\t\t\t\t\t<div class=\"e-con-inner\">\n\t\t\t\t<div class=\"elementor-element elementor-element-c9d720e elementor-widget elementor-widget-image\" data-id=\"c9d720e\" data-element_type=\"widget\" data-widget_type=\"image.default\">\n\t\t\t\t<div class=\"elementor-widget-container\">\n\t\t\t\t\t\t\t\t\t\t\t\t\t\t\t<img loading=\"lazy\" decoding=\"async\" width=\"450\" height=\"650\" src=\"https:\/\/klubochki-kryuchochkicz.com\/wp-content\/uploads\/2023\/12\/6.jpg\" class=\"attachment-large size-large wp-image-208\" alt=\"Hackovane hacky, hackovane a vysivane obleceni pro deti a dospele, muze a zeny, hackovane doplnky, hackovane sperky, pokojove dekorace, hracky amigurumi. Stranky jsou urceny pro zkusene mistryne i zacatecniky. Mistrovske kurzy jsou placene i zdarma. Uzitecne rady k peci o pletene vyrobky. Jak vybrat spravnou prizi, jak provest kalkulaci vyrobku, jak napsat mistrovskou tridu.\" srcset=\"https:\/\/klubochki-kryuchochkicz.com\/wp-content\/uploads\/2023\/12\/6.jpg 450w, https:\/\/klubochki-kryuchochkicz.com\/wp-content\/uploads\/2023\/12\/6-208x300.jpg 208w\" sizes=\"(max-width: 450px) 100vw, 450px\" \/>\t\t\t\t\t\t\t\t\t\t\t\t\t\t\t<\/div>\n\t\t\t\t<\/div>\n\t\t\t\t\t<\/div>\n\t\t\t\t<\/div>\n\t\t<div class=\"elementor-element elementor-element-ff963fa e-flex e-con-boxed e-con e-parent\" data-id=\"ff963fa\" data-element_type=\"container\">\n\t\t\t\t\t<div class=\"e-con-inner\">\n\t\t\t\t<div class=\"elementor-element elementor-element-3266bbe elementor-widget elementor-widget-image\" data-id=\"3266bbe\" data-element_type=\"widget\" data-widget_type=\"image.default\">\n\t\t\t\t<div class=\"elementor-widget-container\">\n\t\t\t\t\t\t\t\t\t\t\t\t\t\t\t<img loading=\"lazy\" decoding=\"async\" width=\"450\" height=\"650\" src=\"https:\/\/klubochki-kryuchochkicz.com\/wp-content\/uploads\/2023\/12\/7.jpg\" class=\"attachment-large size-large wp-image-209\" alt=\"Hackovane hacky, hackovane a vysivane obleceni pro deti a dospele, muze a zeny, hackovane doplnky, hackovane sperky, pokojove dekorace, hracky amigurumi. Stranky jsou urceny pro zkusene mistryne i zacatecniky. Mistrovske kurzy jsou placene i zdarma. Uzitecne rady k peci o pletene vyrobky. Jak vybrat spravnou prizi, jak provest kalkulaci vyrobku, jak napsat mistrovskou tridu.\" srcset=\"https:\/\/klubochki-kryuchochkicz.com\/wp-content\/uploads\/2023\/12\/7.jpg 450w, https:\/\/klubochki-kryuchochkicz.com\/wp-content\/uploads\/2023\/12\/7-208x300.jpg 208w\" sizes=\"(max-width: 450px) 100vw, 450px\" \/>\t\t\t\t\t\t\t\t\t\t\t\t\t\t\t<\/div>\n\t\t\t\t<\/div>\n\t\t\t\t\t<\/div>\n\t\t\t\t<\/div>\n\t\t<div class=\"elementor-element elementor-element-173484f e-flex e-con-boxed e-con e-parent\" data-id=\"173484f\" data-element_type=\"container\">\n\t\t\t\t\t<div class=\"e-con-inner\">\n\t\t\t\t<div class=\"elementor-element elementor-element-a6e4ef6 elementor-widget elementor-widget-image\" data-id=\"a6e4ef6\" data-element_type=\"widget\" data-widget_type=\"image.default\">\n\t\t\t\t<div class=\"elementor-widget-container\">\n\t\t\t\t\t\t\t\t\t\t\t\t\t\t\t<img loading=\"lazy\" decoding=\"async\" width=\"450\" height=\"650\" src=\"https:\/\/klubochki-kryuchochkicz.com\/wp-content\/uploads\/2023\/12\/8.jpg\" class=\"attachment-large size-large wp-image-211\" alt=\"\" srcset=\"https:\/\/klubochki-kryuchochkicz.com\/wp-content\/uploads\/2023\/12\/8.jpg 450w, https:\/\/klubochki-kryuchochkicz.com\/wp-content\/uploads\/2023\/12\/8-208x300.jpg 208w\" sizes=\"(max-width: 450px) 100vw, 450px\" \/>\t\t\t\t\t\t\t\t\t\t\t\t\t\t\t<\/div>\n\t\t\t\t<\/div>\n\t\t\t\t\t<\/div>\n\t\t\t\t<\/div>\n\t\t<div class=\"elementor-element elementor-element-df8ee8a e-flex e-con-boxed e-con e-parent\" data-id=\"df8ee8a\" data-element_type=\"container\">\n\t\t\t\t\t<div class=\"e-con-inner\">\n\t\t\t\t<div class=\"elementor-element elementor-element-500007b elementor-widget elementor-widget-image\" data-id=\"500007b\" data-element_type=\"widget\" data-widget_type=\"image.default\">\n\t\t\t\t<div class=\"elementor-widget-container\">\n\t\t\t\t\t\t\t\t\t\t\t\t\t\t\t<img loading=\"lazy\" decoding=\"async\" width=\"450\" height=\"650\" src=\"https:\/\/klubochki-kryuchochkicz.com\/wp-content\/uploads\/2023\/12\/9.jpg\" class=\"attachment-large size-large wp-image-212\" alt=\"Hackovane hacky, hackovane a vysivane obleceni pro deti a dospele, muze a zeny, hackovane doplnky, hackovane sperky, pokojove dekorace, hracky amigurumi. Stranky jsou urceny pro zkusene mistryne i zacatecniky. Mistrovske kurzy jsou placene i zdarma. Uzitecne rady k peci o pletene vyrobky. Jak vybrat spravnou prizi, jak provest kalkulaci vyrobku, jak napsat mistrovskou tridu.\" srcset=\"https:\/\/klubochki-kryuchochkicz.com\/wp-content\/uploads\/2023\/12\/9.jpg 450w, https:\/\/klubochki-kryuchochkicz.com\/wp-content\/uploads\/2023\/12\/9-208x300.jpg 208w\" sizes=\"(max-width: 450px) 100vw, 450px\" \/>\t\t\t\t\t\t\t\t\t\t\t\t\t\t\t<\/div>\n\t\t\t\t<\/div>\n\t\t\t\t\t<\/div>\n\t\t\t\t<\/div>\n\t\t<div class=\"elementor-element elementor-element-e0b6339 e-flex e-con-boxed e-con e-parent\" data-id=\"e0b6339\" data-element_type=\"container\">\n\t\t\t\t\t<div class=\"e-con-inner\">\n\t\t\t\t<div class=\"elementor-element elementor-element-bc886e2 elementor-widget elementor-widget-image\" data-id=\"bc886e2\" data-element_type=\"widget\" data-widget_type=\"image.default\">\n\t\t\t\t<div class=\"elementor-widget-container\">\n\t\t\t\t\t\t\t\t\t\t\t\t\t\t\t<img loading=\"lazy\" decoding=\"async\" width=\"450\" height=\"650\" src=\"https:\/\/klubochki-kryuchochkicz.com\/wp-content\/uploads\/2023\/12\/10.jpg\" class=\"attachment-large size-large wp-image-213\" alt=\"Hackovane hacky, hackovane a vysivane obleceni pro deti a dospele, muze a zeny, hackovane doplnky, hackovane sperky, pokojove dekorace, hracky amigurumi. Stranky jsou urceny pro zkusene mistryne i zacatecniky. Mistrovske kurzy jsou placene i zdarma. Uzitecne rady k peci o pletene vyrobky. Jak vybrat spravnou prizi, jak provest kalkulaci vyrobku, jak napsat mistrovskou tridu\" srcset=\"https:\/\/klubochki-kryuchochkicz.com\/wp-content\/uploads\/2023\/12\/10.jpg 450w, https:\/\/klubochki-kryuchochkicz.com\/wp-content\/uploads\/2023\/12\/10-208x300.jpg 208w\" sizes=\"(max-width: 450px) 100vw, 450px\" \/>\t\t\t\t\t\t\t\t\t\t\t\t\t\t\t<\/div>\n\t\t\t\t<\/div>\n\t\t\t\t\t<\/div>\n\t\t\t\t<\/div>\n\t\t<div class=\"elementor-element elementor-element-ab1fcf9 e-flex e-con-boxed e-con e-parent\" data-id=\"ab1fcf9\" data-element_type=\"container\">\n\t\t\t\t\t<div class=\"e-con-inner\">\n\t\t\t\t<div class=\"elementor-element elementor-element-d5267be elementor-widget elementor-widget-image\" data-id=\"d5267be\" data-element_type=\"widget\" data-widget_type=\"image.default\">\n\t\t\t\t<div class=\"elementor-widget-container\">\n\t\t\t\t\t\t\t\t\t\t\t\t\t\t\t<img loading=\"lazy\" decoding=\"async\" width=\"450\" height=\"650\" src=\"https:\/\/klubochki-kryuchochkicz.com\/wp-content\/uploads\/2023\/12\/11.jpg\" class=\"attachment-large size-large wp-image-217\" alt=\"Hackovane hacky, hackovane a vysivane obleceni pro deti a dospele, muze a zeny, hackovane doplnky, hackovane sperky, pokojove dekorace, hracky amigurumi. Stranky jsou urceny pro zkusene mistryne i zacatecniky. Mistrovske kurzy jsou placene i zdarma. Uzitecne rady k peci o pletene vyrobky. Jak vybrat spravnou prizi, jak provest kalkulaci vyrobku, jak napsat mistrovskou tridu\" srcset=\"https:\/\/klubochki-kryuchochkicz.com\/wp-content\/uploads\/2023\/12\/11.jpg 450w, https:\/\/klubochki-kryuchochkicz.com\/wp-content\/uploads\/2023\/12\/11-208x300.jpg 208w\" sizes=\"(max-width: 450px) 100vw, 450px\" \/>\t\t\t\t\t\t\t\t\t\t\t\t\t\t\t<\/div>\n\t\t\t\t<\/div>\n\t\t\t\t\t<\/div>\n\t\t\t\t<\/div>\n\t\t\t\t<\/div>\n\t\t","protected":false},"excerpt":{"rendered":"<p>Dinosaurus V\u00edtejte ve vzru\u0161uj\u00edc\u00edm sv\u011bt\u011b kreativity a vy\u0161\u00edv\u00e1n\u00ed s mistrovskou lekc\u00ed talentovan\u00e9 autorky Lydie Deminy &#8212; tvorba roztomil\u00e9ho dinosaura technikou amigurumi! Tato \u00fatuln\u00e1 hra\u010dka se stane nejen n\u00e1dhernou ozdobou va\u0161eho domova v p\u0159edv\u00e1no\u010dn\u00edm \u010dase, ale tak\u00e9 skv\u011bl\u00fdm d\u00e1rkem pro va\u0161e bl\u00edzk\u00e9. N\u00e1\u0161 mistrovsk\u00fd kurz je ur\u010den p\u0159edev\u0161\u00edm t\u011bm, kte\u0159\u00ed ji\u017e znaj\u00ed z\u00e1klady pleten\u00ed a cht\u011bj\u00ed &hellip;<\/p>\n<p class=\"read-more\"> <a class=\"\" href=\"https:\/\/klubochki-kryuchochkicz.com\/index.php\/dinosaurus\/\"> <span class=\"screen-reader-text\">Dinosaurus<\/span> \u0427\u0438\u0442\u0430\u0442\u044c \u0434\u0430\u043b\u0435\u0435 &raquo;<\/a><\/p>\n","protected":false},"author":1,"featured_media":0,"parent":0,"menu_order":1,"comment_status":"closed","ping_status":"closed","template":"","meta":{"site-sidebar-layout":"no-sidebar","site-content-layout":"","ast-site-content-layout":"full-width-container","site-content-style":"default","site-sidebar-style":"default","ast-global-header-display":"","ast-banner-title-visibility":"","ast-main-header-display":"","ast-hfb-above-header-display":"","ast-hfb-below-header-display":"","ast-hfb-mobile-header-display":"","site-post-title":"disabled","ast-breadcrumbs-content":"","ast-featured-img":"disabled","footer-sml-layout":"","theme-transparent-header-meta":"","adv-header-id-meta":"","stick-header-meta":"","header-above-stick-meta":"","header-main-stick-meta":"","header-below-stick-meta":"","astra-migrate-meta-layouts":"default","ast-page-background-enabled":"default","ast-page-background-meta":{"desktop":{"background-color":"var(--ast-global-color-4)","background-image":"","background-repeat":"repeat","background-position":"center center","background-size":"auto","background-attachment":"scroll","background-type":"","background-media":"","overlay-type":"","overlay-color":"","overlay-gradient":""},"tablet":{"background-color":"","background-image":"","background-repeat":"repeat","background-position":"center center","background-size":"auto","background-attachment":"scroll","background-type":"","background-media":"","overlay-type":"","overlay-color":"","overlay-gradient":""},"mobile":{"background-color":"","background-image":"","background-repeat":"repeat","background-position":"center center","background-size":"auto","background-attachment":"scroll","background-type":"","background-media":"","overlay-type":"","overlay-color":"","overlay-gradient":""}},"ast-content-background-meta":{"desktop":{"background-color":"var(--ast-global-color-5)","background-image":"","background-repeat":"repeat","background-position":"center center","background-size":"auto","background-attachment":"scroll","background-type":"","background-media":"","overlay-type":"","overlay-color":"","overlay-gradient":""},"tablet":{"background-color":"var(--ast-global-color-5)","background-image":"","background-repeat":"repeat","background-position":"center center","background-size":"auto","background-attachment":"scroll","background-type":"","background-media":"","overlay-type":"","overlay-color":"","overlay-gradient":""},"mobile":{"background-color":"var(--ast-global-color-5)","background-image":"","background-repeat":"repeat","background-position":"center center","background-size":"auto","background-attachment":"scroll","background-type":"","background-media":"","overlay-type":"","overlay-color":"","overlay-gradient":""}},"footnotes":""},"class_list":["post-99","page","type-page","status-publish","hentry"],"_links":{"self":[{"href":"https:\/\/klubochki-kryuchochkicz.com\/index.php\/wp-json\/wp\/v2\/pages\/99","targetHints":{"allow":["GET"]}}],"collection":[{"href":"https:\/\/klubochki-kryuchochkicz.com\/index.php\/wp-json\/wp\/v2\/pages"}],"about":[{"href":"https:\/\/klubochki-kryuchochkicz.com\/index.php\/wp-json\/wp\/v2\/types\/page"}],"author":[{"embeddable":true,"href":"https:\/\/klubochki-kryuchochkicz.com\/index.php\/wp-json\/wp\/v2\/users\/1"}],"replies":[{"embeddable":true,"href":"https:\/\/klubochki-kryuchochkicz.com\/index.php\/wp-json\/wp\/v2\/comments?post=99"}],"version-history":[{"count":19,"href":"https:\/\/klubochki-kryuchochkicz.com\/index.php\/wp-json\/wp\/v2\/pages\/99\/revisions"}],"predecessor-version":[{"id":326,"href":"https:\/\/klubochki-kryuchochkicz.com\/index.php\/wp-json\/wp\/v2\/pages\/99\/revisions\/326"}],"wp:attachment":[{"href":"https:\/\/klubochki-kryuchochkicz.com\/index.php\/wp-json\/wp\/v2\/media?parent=99"}],"curies":[{"name":"wp","href":"https:\/\/api.w.org\/{rel}","templated":true}]}}